{"id":5451,"date":"2024-07-06T09:26:59","date_gmt":"2024-07-06T09:26:59","guid":{"rendered":"https:\/\/www.nakee.spa\/product\/massage-dau\/"},"modified":"2025-11-14T01:55:25","modified_gmt":"2025-11-13T18:55:25","slug":"massage-dau","status":"publish","type":"product","link":"https:\/\/www.nakee.spa\/vi\/s\u1ea3n-ph\u1ea9m\/massage-dau\/","title":{"rendered":"Massage d\u1ea7u"},"content":{"rendered":"<h3>Massage b\u1eb1ng d\u1ea7u l\u00e0 g\u00ec?<\/h3>\n<p>Massage d\u1ea7u l\u00e0 m\u1ed9t k\u1ef9 thu\u1eadt tr\u1ecb li\u1ec7u s\u1eed d\u1ee5ng d\u1ea7u massage \u0111\u1ec3 t\u0103ng c\u01b0\u1eddng kh\u1ea3 n\u0103ng l\u01b0\u1edbt c\u1ee7a b\u00e0n tay c\u1ee7a nh\u00e0 tr\u1ecb li\u1ec7u tr\u00ean c\u01a1 th\u1ec3. Lo\u1ea1i massage n\u00e0y k\u1ebft h\u1ee3p c\u00e1c \u0111\u1eb7c t\u00ednh l\u00e0m d\u1ecbu c\u1ee7a d\u1ea7u v\u1edbi c\u00e1c k\u1ef9 thu\u1eadt massage truy\u1ec1n th\u1ed1ng \u0111\u1ec3 th\u00fac \u0111\u1ea9y th\u01b0 gi\u00e3n, gi\u1ea3m c\u0103ng c\u01a1 v\u00e0 c\u1ea3i thi\u1ec7n tu\u1ea7n ho\u00e0n. C\u00e1c lo\u1ea1i d\u1ea7u \u0111\u01b0\u1ee3c s\u1eed d\u1ee5ng c\u00f3 th\u1ec3 \u0111\u01b0\u1ee3c truy\u1ec1n v\u1edbi nhi\u1ec1u lo\u1ea1i tinh d\u1ea7u kh\u00e1c nhau \u0111\u1ec3 cung c\u1ea5p th\u00eam l\u1ee3i \u00edch li\u1ec7u ph\u00e1p h\u01b0\u01a1ng th\u01a1m.  <\/p>\n<h3>L\u1ee3i \u00edch c\u1ee7a vi\u1ec7c massage b\u1eb1ng d\u1ea7u<\/h3>\n<ol>\n<li><strong>Th\u01b0 gi\u00e3n<\/strong> : Th\u01b0 gi\u00e3n s\u00e2u s\u1eafc c\u01a1 th\u1ec3 v\u00e0 t\u00e2m tr\u00ed.<\/li>\n<li><strong>Gi\u1ea3m \u0111au c\u01a1<\/strong> : Gi\u1ea3m c\u0103ng c\u01a1 v\u00e0 \u0111au nh\u1ee9c.<\/li>\n<li><strong>S\u1ee9c kh\u1ecfe l\u00e0n da<\/strong> : Nu\u00f4i d\u01b0\u1ee1ng v\u00e0 c\u1ea5p \u1ea9m cho da.<\/li>\n<li><strong>C\u1ea3i thi\u1ec7n tu\u1ea7n ho\u00e0n<\/strong> : T\u0103ng c\u01b0\u1eddng l\u01b0u l\u01b0\u1ee3ng m\u00e1u v\u00e0 d\u1eabn l\u01b0u b\u1ea1ch huy\u1ebft.<\/li>\n<li><strong>Gi\u1ea3m c\u0103ng th\u1eb3ng<\/strong> : Gi\u1ea3m c\u0103ng th\u1eb3ng v\u00e0 lo \u00e2u.<\/li>\n<li><strong>L\u1ee3i \u00edch c\u1ee7a li\u1ec7u ph\u00e1p h\u01b0\u01a1ng th\u01a1m<\/strong> : Mang l\u1ea1i l\u1ee3i \u00edch tr\u1ecb li\u1ec7u th\u00f4ng qua vi\u1ec7c s\u1eed d\u1ee5ng tinh d\u1ea7u.<\/li>\n<\/ol>\n<h3>T\u1ea1i sao n\u00ean ch\u1ecdn massage b\u1eb1ng d\u1ea7u?<\/h3>\n<p>Ch\u1ecdn Massage d\u1ea7u v\u00ec nh\u1eefng l\u1ee3i \u00edch to\u00e0n di\u1ec7n, bao g\u1ed3m th\u01b0 gi\u00e3n s\u00e2u, c\u1ea3i thi\u1ec7n s\u1ee9c kh\u1ecfe l\u00e0n da v\u00e0 gi\u1ea3m c\u0103ng th\u1eb3ng. Massage n\u00e0y ho\u00e0n h\u1ea3o cho nh\u1eefng ai mu\u1ed1n th\u01b0 gi\u00e3n v\u00e0 tr\u1ebb h\u00f3a c\u1ea3 c\u01a1 th\u1ec3 v\u00e0 t\u00e2m tr\u00ed. Vi\u1ec7c s\u1eed d\u1ee5ng d\u1ea7u cho ph\u00e9p c\u00e1c chuy\u1ec3n \u0111\u1ed9ng m\u01b0\u1ee3t m\u00e0 v\u00e0 m\u01b0\u1ee3t m\u00e0 h\u01a1n, n\u00e2ng cao tr\u1ea3i nghi\u1ec7m massage t\u1ed5ng th\u1ec3.  <\/p>\n<h3>\u0110\u1ec1 xu\u1ea5t<\/h3>\n<ul>\n<li>Th\u00edch h\u1ee3p cho nh\u1eefng ng\u01b0\u1eddi mu\u1ed1n th\u01b0 gi\u00e3n v\u00e0 gi\u1ea3m c\u0103ng th\u1eb3ng.<\/li>\n<li>C\u00f3 l\u1ee3i cho da kh\u00f4 ho\u1eb7c nh\u1ea1y c\u1ea3m do t\u00ednh ch\u1ea5t d\u01b0\u1ee1ng \u1ea9m c\u1ee7a d\u1ea7u.<\/li>\n<li>Ho\u00e0n h\u1ea3o \u0111\u1ec3 n\u00e2ng cao tr\u1ea3i nghi\u1ec7m spa t\u1ed5ng th\u1ec3 b\u1eb1ng c\u00e1ch k\u1ebft h\u1ee3p li\u1ec7u ph\u00e1p h\u01b0\u01a1ng th\u01a1m.<\/li>\n<\/ul>\n<h3>Tr\u1ea3i nghi\u1ec7m Massage D\u1ea7u t\u1ea1i Nakee Massage &amp; Spa<\/h3>\n<p>Tr\u1ea3i nghi\u1ec7m massage d\u1ea7u t\u1ed1t nh\u1ea5t t\u1ea1i Nakee Massage &amp; Spa. C\u00e1c nh\u00e0 tr\u1ecb li\u1ec7u l\u00e0nh ngh\u1ec1 c\u1ee7a ch\u00fang t\u00f4i s\u1eed d\u1ee5ng c\u00e1c lo\u1ea1i d\u1ea7u ch\u1ea5t l\u01b0\u1ee3ng cao \u0111\u1ec3 mang l\u1ea1i tr\u1ea3i nghi\u1ec7m m\u00e1t-xa nh\u1eb9 nh\u00e0ng v\u00e0 tr\u1ecb li\u1ec7u. Cho d\u00f9 b\u1ea1n \u0111ang mu\u1ed1n gi\u1ea3m c\u0103ng c\u01a1, d\u01b0\u1ee1ng \u1ea9m cho da hay ch\u1ec9 \u0111\u01a1n gi\u1ea3n l\u00e0 th\u01b0 gi\u00e3n, Massage d\u1ea7u c\u1ee7a ch\u00fang t\u00f4i \u0111\u1ec1u cung c\u1ea5p gi\u1ea3i ph\u00e1p ho\u00e0n h\u1ea3o. M\u00f4i tr\u01b0\u1eddng \u00eam d\u1ecbu v\u00e0 c\u00e1c k\u1ef9 thu\u1eadt chuy\u00ean nghi\u1ec7p \u0111\u1ea3m b\u1ea3o b\u1ea1n c\u1ea3m th\u1ea5y s\u1ea3ng kho\u00e1i v\u00e0 tr\u1ebb h\u00f3a.   <\/p>\n","protected":false},"excerpt":{"rendered":"<p>Tr\u1ea3i nghi\u1ec7m Massage d\u1ea7u t\u1ed1t nh\u1ea5t v\u00e0 \u0111\u00edch th\u1ef1c nh\u1ea5t t\u1ea1i Nakee Massage &amp; Spa. C\u00e1c nh\u00e0 tr\u1ecb li\u1ec7u l\u00e0nh ngh\u1ec1 c\u1ee7a ch\u00fang t\u00f4i s\u1eed d\u1ee5ng c\u00e1c lo\u1ea1i d\u1ea7u t\u1ef1 nhi\u00ean cao c\u1ea5p \u0111\u1ec3 mang l\u1ea1i tr\u1ea3i nghi\u1ec7m th\u01b0 gi\u00e3n v\u00e0 tr\u1ebb h\u00f3a s\u00e2u s\u1eafc. Massage n\u00e0y kh\u00f4ng ch\u1ec9 gi\u1ea3m c\u0103ng c\u01a1 v\u00e0 c\u1ea3i thi\u1ec7n tu\u1ea7n ho\u00e0n m\u00e0 c\u00f2n mang l\u1ea1i cho l\u00e0n da c\u1ee7a b\u1ea1n c\u1ea3m gi\u00e1c \u0111\u01b0\u1ee3c nu\u00f4i d\u01b0\u1ee1ng v\u00e0 ng\u1eadm n\u01b0\u1edbc. T\u1eadn h\u01b0\u1edfng s\u1ef1 th\u01b0 gi\u00e3n t\u1ed9t \u0111\u1ed9 v\u1edbi Massage d\u1ea7u \u0111\u00edch th\u1ef1c c\u1ee7a ch\u00fang t\u00f4i, ph\u00f9 h\u1ee3p v\u1edbi nhu c\u1ea7u c\u1ee7a b\u1ea1n \u0111\u1ec3 c\u00f3 k\u1ebft qu\u1ea3 t\u1ed1t nh\u1ea5t c\u00f3 th\u1ec3.   <\/p>\n","protected":false},"featured_media":13026,"template":"","meta":{"_acf_changed":false,"wds_primary_product_brand":0,"wds_primary_product_cat":0},"product_brand":[],"product_cat":[135],"product_tag":[525,514,508,526,530,524,520,512,882,791,523,522,527,518,759,529,778,528,843,516],"class_list":{"0":"post-5451","1":"product","2":"type-product","3":"status-publish","4":"has-post-thumbnail","6":"product_cat-mat-xa","7":"product_tag-massage-tot-nhat-gan-toi","8":"product_tag-gia-massage-koh-samui","9":"product_tag-massage-koh-samui","10":"product_tag-massage-o-koh-samui","11":"product_tag-massage-o-koh-samui-thai-lan","12":"product_tag-massage-thai-gan-toi","13":"product_tag-massage-thai-koh-samui-vi","14":"product_tag-massage-thai-koh-samui","15":"product_tag-massage-thai-o-bo-phut","16":"product_tag-massage-thai-o-choengmon","17":"product_tag-massage-toan-than","18":"product_tag-massage-toan-than-koh-samui","19":"product_tag-massage-tot-nhat-chaweng","20":"product_tag-massage-tot-nhat-koh-samui","21":"product_tag-massage-tot-nhat-o-bo-phut","22":"product_tag-massage-tot-nhat-o-chaweng","23":"product_tag-massage-tot-nhat-o-choengmon","24":"product_tag-massage-tot-nhat-o-koh-samui","25":"product_tag-salon-massage","26":"product_tag-tiem-mat-xa-koh-samui","27":"pa_duration-120-phut","28":"pa_duration-60-phut","29":"pa_duration-90-phut","30":"pa_massage-massage-dau","31":"pa_menu-category-thu-gian-voi-tinh-dau-huong-thom","32":"pa_types-thu-gian-binh-tinh","34":"first","35":"instock","36":"shipping-taxable","37":"purchasable","38":"product-type-variable"},"acf":[],"_links":{"self":[{"href":"https:\/\/www.nakee.spa\/vi\/wp-json\/wp\/v2\/product\/5451","targetHints":{"allow":["GET"]}}],"collection":[{"href":"https:\/\/www.nakee.spa\/vi\/wp-json\/wp\/v2\/product"}],"about":[{"href":"https:\/\/www.nakee.spa\/vi\/wp-json\/wp\/v2\/types\/product"}],"wp:featuredmedia":[{"embeddable":true,"href":"https:\/\/www.nakee.spa\/vi\/wp-json\/wp\/v2\/media\/13026"}],"wp:attachment":[{"href":"https:\/\/www.nakee.spa\/vi\/wp-json\/wp\/v2\/media?parent=5451"}],"wp:term":[{"taxonomy":"product_brand","embeddable":true,"href":"https:\/\/www.nakee.spa\/vi\/wp-json\/wp\/v2\/product_brand?post=5451"},{"taxonomy":"product_cat","embeddable":true,"href":"https:\/\/www.nakee.spa\/vi\/wp-json\/wp\/v2\/product_cat?post=5451"},{"taxonomy":"product_tag","embeddable":true,"href":"https:\/\/www.nakee.spa\/vi\/wp-json\/wp\/v2\/product_tag?post=5451"}],"curies":[{"name":"wp","href":"https:\/\/api.w.org\/{rel}","templated":true}]}}