{"id":5499,"date":"2024-07-11T09:27:45","date_gmt":"2024-07-11T09:27:45","guid":{"rendered":"https:\/\/www.nakee.spa\/product\/massage-lo-hoi\/"},"modified":"2025-11-14T01:51:28","modified_gmt":"2025-11-13T18:51:28","slug":"massage-lo-hoi","status":"publish","type":"product","link":"https:\/\/www.nakee.spa\/vi\/s\u1ea3n-ph\u1ea9m\/massage-lo-hoi\/","title":{"rendered":"Massage L\u00f4 H\u1ed9i"},"content":{"rendered":"<h3>Massage l\u00f4 h\u1ed9i l\u00e0 g\u00ec?<\/h3>\n<p>Aloe Vera Massage l\u00e0 m\u1ed9t ph\u01b0\u01a1ng ph\u00e1p \u0111i\u1ec1u tr\u1ecb nh\u1eb9 nh\u00e0ng v\u00e0 d\u01b0\u1ee1ng \u1ea9m s\u1eed d\u1ee5ng gel l\u00f4 h\u1ed9i nguy\u00ean ch\u1ea5t \u0111\u1ec3 nu\u00f4i d\u01b0\u1ee1ng v\u00e0 tr\u1ebb h\u00f3a l\u00e0n da. Nha \u0111am \u0111\u01b0\u1ee3c bi\u1ebft \u0111\u1ebfn v\u1edbi \u0111\u1eb7c t\u00ednh ch\u1eefa b\u1ec7nh, \u0111\u01b0\u1ee3c \u00e1p d\u1ee5ng trong qu\u00e1 tr\u00ecnh massage \u0111\u1ec3 l\u00e0m m\u00e1t v\u00e0 l\u00e0m d\u1ecbu da, gi\u1ea3m vi\u00eam v\u00e0 cung c\u1ea5p \u0111\u1ed9 \u1ea9m s\u00e2u. Ph\u01b0\u01a1ng ph\u00e1p \u0111i\u1ec1u tr\u1ecb n\u00e0y l\u00fd t\u01b0\u1edfng cho nh\u1eefng ng\u01b0\u1eddi c\u00f3 l\u00e0n da nh\u1ea1y c\u1ea3m ho\u1eb7c nh\u1eefng ng\u01b0\u1eddi \u0111\u00e3 ti\u1ebfp x\u00fac v\u1edbi \u00e1nh n\u1eafng m\u1eb7t tr\u1eddi, v\u00ec n\u00f3 gi\u00fap s\u1eeda ch\u1eefa v\u00e0 ph\u1ee5c h\u1ed3i l\u00e0n da.  <\/p>\n<h3>L\u1ee3i \u00edch c\u1ee7a massage l\u00f4 h\u1ed9i<\/h3>\n<ol>\n<li><strong>D\u01b0\u1ee1ng \u1ea9m s\u00e2u<\/strong> : Cung c\u1ea5p \u0111\u1ed9 \u1ea9m s\u00e2u cho da, ng\u0103n ng\u1eeba t\u00ecnh tr\u1ea1ng kh\u00f4 v\u00e0 bong tr\u00f3c.<\/li>\n<li><strong>Ph\u1ee5c h\u1ed3i da<\/strong> : Th\u00fac \u0111\u1ea9y qu\u00e1 tr\u00ecnh ph\u1ee5c h\u1ed3i v\u1ebft ch\u00e1y n\u1eafng, v\u1ebft c\u1eaft nh\u1ecf v\u00e0 v\u1ebft tr\u1ea7y x\u01b0\u1edbc.<\/li>\n<li><strong>Ch\u1ed1ng vi\u00eam<\/strong> : Gi\u1ea3m vi\u00eam v\u00e0 l\u00e0m d\u1ecbu da b\u1ecb k\u00edch \u1ee9ng.<\/li>\n<li><strong>Nu\u00f4i d\u01b0\u1ee1ng<\/strong> : Gi\u00e0u vitamin v\u00e0 kho\u00e1ng ch\u1ea5t nu\u00f4i d\u01b0\u1ee1ng l\u00e0n da.<\/li>\n<li><strong>T\u00e1c d\u1ee5ng l\u00e0m m\u00e1t<\/strong> : Mang l\u1ea1i c\u1ea3m gi\u00e1c m\u00e1t l\u1ea1nh gi\u00fap th\u01b0 gi\u00e3n c\u01a1 th\u1ec3 v\u00e0 t\u00e2m tr\u00ed.<\/li>\n<li><strong>C\u1ea3i thi\u1ec7n k\u1ebft c\u1ea5u da<\/strong> : Gi\u00fap da m\u1ec1m m\u1ea1i, m\u1ecbn m\u00e0ng v\u00e0 t\u01b0\u01a1i tr\u1ebb h\u01a1n.<\/li>\n<\/ol>\n<h3>T\u1ea1i sao n\u00ean ch\u1ecdn massage l\u00f4 h\u1ed9i?<\/h3>\n<p>Ch\u1ecdn Aloe Vera Massage v\u00ec nh\u1eefng l\u1ee3i \u00edch \u0111\u1eb7c bi\u1ec7t v\u1ec1 da v\u00e0 kh\u1ea3 n\u0103ng mang l\u1ea1i tr\u1ea3i nghi\u1ec7m th\u01b0 gi\u00e3n s\u00e2u s\u1eafc. Massage n\u00e0y ho\u00e0n h\u1ea3o cho nh\u1eefng ng\u01b0\u1eddi c\u00f3 l\u00e0n da nh\u1ea1y c\u1ea3m ho\u1eb7c nh\u1eefng ng\u01b0\u1eddi mu\u1ed1n s\u1eeda ch\u1eefa v\u00e0 d\u01b0\u1ee1ng \u1ea9m cho da sau khi ti\u1ebfp x\u00fac v\u1edbi \u00e1nh n\u1eafng m\u1eb7t tr\u1eddi. C\u00e1c \u0111\u1eb7c t\u00ednh t\u1ef1 nhi\u00ean c\u1ee7a l\u00f4 h\u1ed9i l\u00e0m cho ph\u01b0\u01a1ng ph\u00e1p \u0111i\u1ec1u tr\u1ecb n\u00e0y v\u1eeba l\u00e0m d\u1ecbu v\u1eeba tr\u1ebb h\u00f3a.  <\/p>\n<h3>\u0110\u1ec1 xu\u1ea5t<\/h3>\n<ul>\n<li>L\u00fd t\u01b0\u1edfng sau khi ti\u1ebfp x\u00fac v\u1edbi \u00e1nh n\u1eafng m\u1eb7t tr\u1eddi \u0111\u1ec3 gi\u00fap ph\u1ee5c h\u1ed3i v\u00e0 l\u00e0m d\u1ecbu da.<\/li>\n<li>Th\u00edch h\u1ee3p cho nh\u1eefng ng\u01b0\u1eddi c\u00f3 l\u00e0n da nh\u1ea1y c\u1ea3m ho\u1eb7c b\u1ecb k\u00edch \u1ee9ng.<\/li>\n<li>K\u1ebft h\u1ee3p v\u1edbi c\u00e1c ph\u01b0\u01a1ng ph\u00e1p \u0111i\u1ec1u tr\u1ecb kh\u00e1c, ch\u1eb3ng h\u1ea1n nh\u01b0 ch\u0103m s\u00f3c da m\u1eb7t, \u0111\u1ec3 ch\u0103m s\u00f3c da to\u00e0n di\u1ec7n.<\/li>\n<\/ul>\n<h3>Tr\u1ea3i nghi\u1ec7m Massage L\u00f4 H\u1ed9i t\u1ea1i Nakee Massage &amp; Spa<\/h3>\n<p>Tr\u1ea3i nghi\u1ec7m Massage Nha \u0111am t\u1ed1t nh\u1ea5t t\u1ea1i Nakee Massage &amp; Spa, n\u01a1i c\u00e1c nh\u00e0 tr\u1ecb li\u1ec7u l\u00e0nh ngh\u1ec1 c\u1ee7a ch\u00fang t\u00f4i s\u1eed d\u1ee5ng gel l\u00f4 h\u1ed9i nguy\u00ean ch\u1ea5t, ch\u1ea5t l\u01b0\u1ee3ng cao \u0111\u1ec3 \u0111\u1ea3m b\u1ea3o l\u1ee3i \u00edch t\u1ed1i \u0111a. M\u00f4i tr\u01b0\u1eddng thanh b\u00ecnh c\u1ee7a ch\u00fang t\u00f4i gi\u00fap t\u0103ng c\u01b0\u1eddng th\u01b0 gi\u00e3n, cho ph\u00e9p b\u1ea1n th\u01b0 gi\u00e3n v\u00e0 tr\u1ebb h\u00f3a ho\u00e0n to\u00e0n. <\/p>\n","protected":false},"excerpt":{"rendered":"<p>Li\u1ec7u ph\u00e1p massage l\u00f4 h\u1ed9i s\u1eed d\u1ee5ng gel l\u00f4 h\u1ed9i nguy\u00ean ch\u1ea5t \u0111\u1ec3 d\u01b0\u1ee1ng \u1ea9m s\u00e2u, l\u00e0m d\u1ecbu v\u00e0 ch\u1eefa l\u00e0nh da. Th\u00edch h\u1ee3p cho nh\u1eefng ng\u01b0\u1eddi c\u00f3 l\u00e0n da nh\u1ea1y c\u1ea3m ho\u1eb7c sau khi ti\u1ebfp x\u00fac v\u1edbi \u00e1nh n\u1eafng m\u1eb7t tr\u1eddi, ph\u01b0\u01a1ng ph\u00e1p \u0111i\u1ec1u tr\u1ecb n\u00e0y mang l\u1ea1i hi\u1ec7u qu\u1ea3 l\u00e0m m\u00e1t, gi\u1ea3m vi\u00eam v\u00e0 gi\u00fap da \u0111\u01b0\u1ee3c h\u1ed3i sinh v\u00e0 nu\u00f4i d\u01b0\u1ee1ng. <\/p>\n","protected":false},"featured_media":13011,"template":"","meta":{"_acf_changed":false,"wds_primary_product_brand":0,"wds_primary_product_cat":0},"product_brand":[],"product_cat":[135],"product_tag":[525,514,508,526,530,524,520,512,882,791,523,522,527,518,759,529,778,528,843,516],"class_list":{"0":"post-5499","1":"product","2":"type-product","3":"status-publish","4":"has-post-thumbnail","6":"product_cat-mat-xa","7":"product_tag-massage-tot-nhat-gan-toi","8":"product_tag-gia-massage-koh-samui","9":"product_tag-massage-koh-samui","10":"product_tag-massage-o-koh-samui","11":"product_tag-massage-o-koh-samui-thai-lan","12":"product_tag-massage-thai-gan-toi","13":"product_tag-massage-thai-koh-samui-vi","14":"product_tag-massage-thai-koh-samui","15":"product_tag-massage-thai-o-bo-phut","16":"product_tag-massage-thai-o-choengmon","17":"product_tag-massage-toan-than","18":"product_tag-massage-toan-than-koh-samui","19":"product_tag-massage-tot-nhat-chaweng","20":"product_tag-massage-tot-nhat-koh-samui","21":"product_tag-massage-tot-nhat-o-bo-phut","22":"product_tag-massage-tot-nhat-o-chaweng","23":"product_tag-massage-tot-nhat-o-choengmon","24":"product_tag-massage-tot-nhat-o-koh-samui","25":"product_tag-salon-massage","26":"product_tag-tiem-mat-xa-koh-samui","27":"pa_duration-120-phut","28":"pa_duration-60-phut","29":"pa_duration-90-phut","30":"pa_massage-lo-hoi","31":"pa_menu-category-cham-soc-sau-khi-tam-nang","32":"pa_types-mat-lanh-sang-khoai","34":"first","35":"instock","36":"shipping-taxable","37":"purchasable","38":"product-type-variable"},"acf":[],"_links":{"self":[{"href":"https:\/\/www.nakee.spa\/vi\/wp-json\/wp\/v2\/product\/5499","targetHints":{"allow":["GET"]}}],"collection":[{"href":"https:\/\/www.nakee.spa\/vi\/wp-json\/wp\/v2\/product"}],"about":[{"href":"https:\/\/www.nakee.spa\/vi\/wp-json\/wp\/v2\/types\/product"}],"wp:featuredmedia":[{"embeddable":true,"href":"https:\/\/www.nakee.spa\/vi\/wp-json\/wp\/v2\/media\/13011"}],"wp:attachment":[{"href":"https:\/\/www.nakee.spa\/vi\/wp-json\/wp\/v2\/media?parent=5499"}],"wp:term":[{"taxonomy":"product_brand","embeddable":true,"href":"https:\/\/www.nakee.spa\/vi\/wp-json\/wp\/v2\/product_brand?post=5499"},{"taxonomy":"product_cat","embeddable":true,"href":"https:\/\/www.nakee.spa\/vi\/wp-json\/wp\/v2\/product_cat?post=5499"},{"taxonomy":"product_tag","embeddable":true,"href":"https:\/\/www.nakee.spa\/vi\/wp-json\/wp\/v2\/product_tag?post=5499"}],"curies":[{"name":"wp","href":"https:\/\/api.w.org\/{rel}","templated":true}]}}