{"id":5552,"date":"2024-07-11T09:51:20","date_gmt":"2024-07-11T09:51:20","guid":{"rendered":"https:\/\/www.nakee.spa\/product\/massage-dau-nong\/"},"modified":"2025-11-14T00:58:28","modified_gmt":"2025-11-13T17:58:28","slug":"massage-dau-nong","status":"publish","type":"product","link":"https:\/\/www.nakee.spa\/vi\/s\u1ea3n-ph\u1ea9m\/massage-dau-nong\/","title":{"rendered":"Massage d\u1ea7u n\u00f3ng"},"content":{"rendered":"<h3>Massage d\u1ea7u n\u00f3ng l\u00e0 g\u00ec?<\/h3>\n<p>Massage d\u1ea7u n\u00f3ng l\u00e0 m\u1ed9t li\u1ec7u ph\u00e1p tr\u1ecb li\u1ec7u li\u00ean quan \u0111\u1ebfn vi\u1ec7c thoa d\u1ea7u \u1ea5m l\u00ean c\u01a1 th\u1ec3, k\u1ebft h\u1ee3p v\u1edbi c\u00e1c k\u1ef9 thu\u1eadt massage truy\u1ec1n th\u1ed1ng. \u0110\u1ed9 \u1ea5m c\u1ee7a d\u1ea7u gi\u00fap th\u1ea9m th\u1ea5u s\u00e2u v\u00e0o c\u01a1 b\u1eafp, th\u00fac \u0111\u1ea9y th\u01b0 gi\u00e3n, gi\u1ea3m c\u0103ng th\u1eb3ng v\u00e0 c\u1ea3i thi\u1ec7n tu\u1ea7n ho\u00e0n. Massage n\u00e0y \u0111\u1eb7c bi\u1ec7t hi\u1ec7u qu\u1ea3 trong vi\u1ec7c l\u00e0m d\u1ecbu c\u00e1c c\u01a1 v\u00e0 kh\u1edbp b\u1ecb \u0111au, khi\u1ebfn n\u00f3 tr\u1edf th\u00e0nh l\u1ef1a ch\u1ecdn l\u00fd t\u01b0\u1edfng cho nh\u1eefng ai mu\u1ed1n gi\u1ea3m \u0111au ho\u1eb7c c\u0103ng th\u1eb3ng m\u00e3n t\u00ednh.  <\/p>\n<h3>L\u1ee3i \u00edch c\u1ee7a massage d\u1ea7u n\u00f3ng<\/h3>\n<ol>\n<li><strong>Th\u01b0 gi\u00e3n s\u00e2u<\/strong> : \u0110\u1ed9 \u1ea5m c\u1ee7a d\u1ea7u gi\u00fap th\u01b0 gi\u00e3n s\u00e2u v\u00e0 gi\u1ea3m c\u0103ng th\u1eb3ng.<\/li>\n<li><strong>C\u1ea3i thi\u1ec7n l\u01b0u th\u00f4ng m\u00e1u<\/strong> : T\u0103ng c\u01b0\u1eddng l\u01b0u l\u01b0\u1ee3ng m\u00e1u, h\u1ed7 tr\u1ee3 gi\u1ea3i \u0111\u1ed9c v\u00e0 ch\u1eefa b\u1ec7nh.<\/li>\n<li><strong>Gi\u1ea3m \u0111au<\/strong> : L\u00e0m gi\u1ea3m \u0111au nh\u1ee9c c\u01a1, \u0111au kh\u1edbp v\u00e0 c\u1ee9ng kh\u1edbp.<\/li>\n<li><strong>Nu\u00f4i d\u01b0\u1ee1ng da<\/strong> : D\u01b0\u1ee1ng \u1ea9m v\u00e0 nu\u00f4i d\u01b0\u1ee1ng l\u00e0n da, gi\u00fap da m\u1ec1m m\u1ea1i v\u00e0 m\u1ecbn m\u00e0ng.<\/li>\n<li><strong>C\u1ea3i thi\u1ec7n gi\u1ea5c ng\u1ee7<\/strong> : N\u00e2ng cao ch\u1ea5t l\u01b0\u1ee3ng gi\u1ea5c ng\u1ee7 b\u1eb1ng c\u00e1ch l\u00e0m d\u1ecbu h\u1ec7 th\u1ea7n kinh.<\/li>\n<li><strong>S\u1ef1 minh m\u1eabn v\u1ec1 tinh th\u1ea7n<\/strong> : Gi\u1ea3m lo \u00e2u v\u00e0 th\u00fac \u0111\u1ea9y tinh th\u1ea7n minh m\u1eabn, t\u1eadp trung.<\/li>\n<\/ol>\n<h3>T\u1ea1i sao n\u00ean ch\u1ecdn massage d\u1ea7u n\u00f3ng?<\/h3>\n<p>Ch\u1ecdn Massage d\u1ea7u n\u00f3ng v\u00ec kh\u1ea3 n\u0103ng th\u01b0 gi\u00e3n s\u00e2u s\u1eafc v\u00e0 gi\u1ea3m \u0111au m\u00e3n t\u00ednh. S\u1ef1 k\u1ebft h\u1ee3p gi\u1eefa d\u1ea7u \u1ea5m v\u00e0 k\u1ef9 thu\u1eadt massage \u0111i\u00eau luy\u1ec7n kh\u00f4ng ch\u1ec9 l\u00e0m d\u1ecbu c\u01a1 th\u1ec3 m\u00e0 c\u00f2n nu\u00f4i d\u01b0\u1ee1ng l\u00e0n da. Ph\u01b0\u01a1ng ph\u00e1p \u0111i\u1ec1u tr\u1ecb n\u00e0y ho\u00e0n h\u1ea3o cho nh\u1eefng ng\u01b0\u1eddi mu\u1ed1n th\u01b0 gi\u00e3n v\u00e0 tr\u1ebb h\u00f3a, \u0111\u1ed3ng th\u1eddi gi\u1ea3i quy\u1ebft c\u00e1c khu v\u1ef1c c\u0103ng th\u1eb3ng v\u00e0 kh\u00f3 ch\u1ecbu c\u1ee5 th\u1ec3.  <\/p>\n<h3>\u0110\u1ec1 xu\u1ea5t<\/h3>\n<ul>\n<li>H\u00e3y ch\u1ecdn nh\u1eefng bu\u1ed5i t\u1eadp th\u01b0\u1eddng xuy\u00ean \u0111\u1ec3 duy tr\u00ec l\u1ee3i \u00edch.<\/li>\n<li>K\u1ebft h\u1ee3p v\u1edbi c\u00e1c ph\u01b0\u01a1ng ph\u00e1p \u0111i\u1ec1u tr\u1ecb kh\u00e1c, ch\u1eb3ng h\u1ea1n nh\u01b0 m\u00e1t-xa \u0111\u1ea7u, \u0111\u1ec3 c\u00f3 tr\u1ea3i nghi\u1ec7m th\u01b0 gi\u00e3n to\u00e0n th\u00e2n.<\/li>\n<li>Gi\u1eef c\u01a1 th\u1ec3 \u0111\u1ee7 n\u01b0\u1edbc tr\u01b0\u1edbc v\u00e0 sau khi massage \u0111\u1ec3 h\u1ed7 tr\u1ee3 qu\u00e1 tr\u00ecnh gi\u1ea3i \u0111\u1ed9c.<\/li>\n<\/ul>\n<h3>Tr\u1ea3i nghi\u1ec7m Massage D\u1ea7u N\u00f3ng t\u1ea1i Nakee Massage &amp; Spa<\/h3>\n<p>Tr\u1ea3i nghi\u1ec7m Massage d\u1ea7u n\u00f3ng t\u1ed1t nh\u1ea5t t\u1ea1i Nakee Massage &amp; Spa, n\u01a1i c\u00e1c nh\u00e0 tr\u1ecb li\u1ec7u l\u00e0nh ngh\u1ec1 c\u1ee7a ch\u00fang t\u00f4i s\u1eed d\u1ee5ng c\u00e1c k\u1ef9 thu\u1eadt \u0111\u00edch th\u1ef1c v\u00e0 d\u1ea7u ch\u1ea5t l\u01b0\u1ee3ng cao \u0111\u1ec3 \u0111\u1ea3m b\u1ea3o m\u1ed9t li\u1ec7u tr\u00ecnh l\u00e0m d\u1ecbu v\u00e0 hi\u1ec7u qu\u1ea3. M\u00f4i tr\u01b0\u1eddng y\u00ean t\u0129nh c\u1ee7a ch\u00fang t\u00f4i t\u0103ng c\u01b0\u1eddng th\u01b0 gi\u00e3n, gi\u00fap b\u1ea1n th\u01b0 gi\u00e3n v\u00e0 tr\u1ebb h\u00f3a ho\u00e0n to\u00e0n. <\/p>\n","protected":false},"excerpt":{"rendered":"<p>Massage d\u1ea7u n\u00f3ng l\u00e0 ph\u01b0\u01a1ng ph\u00e1p s\u1eed d\u1ee5ng d\u1ea7u \u1ea5m \u0111\u1ec3 massage c\u01a1 th\u1ec3 k\u1ebft h\u1ee3p v\u1edbi c\u00e1c k\u1ef9 thu\u1eadt massage truy\u1ec1n th\u1ed1ng. N\u00f3 th\u00fac \u0111\u1ea9y s\u1ef1 th\u01b0 gi\u00e3n s\u00e2u, c\u1ea3i thi\u1ec7n l\u01b0u th\u00f4ng m\u00e1u, gi\u1ea3m \u0111au v\u00e0 nu\u00f4i d\u01b0\u1ee1ng l\u00e0n da. Ph\u01b0\u01a1ng ph\u00e1p \u0111i\u1ec1u tr\u1ecb n\u00e0y ho\u00e0n h\u1ea3o cho nh\u1eefng ai mu\u1ed1n gi\u1ea3m \u0111au m\u00e3n t\u00ednh, c\u0103ng th\u1eb3ng v\u00e0 c\u0103ng th\u1eb3ng trong khi t\u1eadn h\u01b0\u1edfng tr\u1ea3i nghi\u1ec7m spa sang tr\u1ecdng.<\/p>\n<p>&nbsp;<\/p>\n","protected":false},"featured_media":8009,"template":"","meta":{"_acf_changed":false,"wds_primary_product_brand":0,"wds_primary_product_cat":0},"product_brand":[],"product_cat":[135],"product_tag":[525,514,508,526,530,524,520,512,882,791,523,522,527,518,759,529,778,528,843,516],"class_list":{"0":"post-5552","1":"product","2":"type-product","3":"status-publish","4":"has-post-thumbnail","6":"product_cat-mat-xa","7":"product_tag-massage-tot-nhat-gan-toi","8":"product_tag-gia-massage-koh-samui","9":"product_tag-massage-koh-samui","10":"product_tag-massage-o-koh-samui","11":"product_tag-massage-o-koh-samui-thai-lan","12":"product_tag-massage-thai-gan-toi","13":"product_tag-massage-thai-koh-samui-vi","14":"product_tag-massage-thai-koh-samui","15":"product_tag-massage-thai-o-bo-phut","16":"product_tag-massage-thai-o-choengmon","17":"product_tag-massage-toan-than","18":"product_tag-massage-toan-than-koh-samui","19":"product_tag-massage-tot-nhat-chaweng","20":"product_tag-massage-tot-nhat-koh-samui","21":"product_tag-massage-tot-nhat-o-bo-phut","22":"product_tag-massage-tot-nhat-o-chaweng","23":"product_tag-massage-tot-nhat-o-choengmon","24":"product_tag-massage-tot-nhat-o-koh-samui","25":"product_tag-salon-massage","26":"product_tag-tiem-mat-xa-koh-samui","27":"pa_duration-120-phut","28":"pa_duration-60-phut","29":"pa_duration-90-phut","30":"pa_massage-dau-nong","31":"pa_menu-category-thu-gian-voi-tinh-dau-huong-thom","32":"pa_types-thu-gian-binh-tinh","34":"first","35":"instock","36":"shipping-taxable","37":"purchasable","38":"product-type-variable"},"acf":[],"_links":{"self":[{"href":"https:\/\/www.nakee.spa\/vi\/wp-json\/wp\/v2\/product\/5552","targetHints":{"allow":["GET"]}}],"collection":[{"href":"https:\/\/www.nakee.spa\/vi\/wp-json\/wp\/v2\/product"}],"about":[{"href":"https:\/\/www.nakee.spa\/vi\/wp-json\/wp\/v2\/types\/product"}],"wp:featuredmedia":[{"embeddable":true,"href":"https:\/\/www.nakee.spa\/vi\/wp-json\/wp\/v2\/media\/8009"}],"wp:attachment":[{"href":"https:\/\/www.nakee.spa\/vi\/wp-json\/wp\/v2\/media?parent=5552"}],"wp:term":[{"taxonomy":"product_brand","embeddable":true,"href":"https:\/\/www.nakee.spa\/vi\/wp-json\/wp\/v2\/product_brand?post=5552"},{"taxonomy":"product_cat","embeddable":true,"href":"https:\/\/www.nakee.spa\/vi\/wp-json\/wp\/v2\/product_cat?post=5552"},{"taxonomy":"product_tag","embeddable":true,"href":"https:\/\/www.nakee.spa\/vi\/wp-json\/wp\/v2\/product_tag?post=5552"}],"curies":[{"name":"wp","href":"https:\/\/api.w.org\/{rel}","templated":true}]}}