{"id":6304,"date":"2024-07-10T13:28:57","date_gmt":"2024-07-10T13:28:57","guid":{"rendered":"https:\/\/www.nakee.spa\/product\/goi-gia-han-hoan-chinh\/"},"modified":"2025-11-14T01:55:58","modified_gmt":"2025-11-13T18:55:58","slug":"goi-gia-han-hoan-chinh","status":"publish","type":"product","link":"https:\/\/www.nakee.spa\/vi\/s\u1ea3n-ph\u1ea9m\/goi-gia-han-hoan-chinh\/","title":{"rendered":"G\u00f3i gia h\u1ea1n ho\u00e0n ch\u1ec9nh"},"content":{"rendered":"<p><strong>G\u00f3i gia h\u1ea1n tr\u1ecdn g\u00f3i l\u00e0 g\u00ec?<\/strong><\/p>\n<p>G\u00f3i \u0110\u1ed5i m\u1edbi Ho\u00e0n ch\u1ec9nh l\u00e0 tr\u1ea3i nghi\u1ec7m spa \u0111\u1ec9nh cao, \u0111\u01b0\u1ee3c thi\u1ebft k\u1ebf t\u1ec9 m\u1ec9 \u0111\u1ec3 tr\u1ebb h\u00f3a to\u00e0n b\u1ed9 c\u01a1 th\u1ec3 c\u1ee7a b\u1ea1n. G\u00f3i cao c\u1ea5p n\u00e0y bao g\u1ed3m t\u1ea9y t\u1ebf b\u00e0o ch\u1ebft ch\u00e2n, t\u1ea9y t\u1ebf b\u00e0o ch\u1ebft da m\u1eb7t 60 ph\u00fat, t\u1ea9y t\u1ebf b\u00e0o ch\u1ebft to\u00e0n th\u00e2n 60 ph\u00fat v\u00e0 massage d\u1ea7u d\u1eeba 60 ph\u00fat, cung c\u1ea5p d\u1ecbch v\u1ee5 ch\u0103m s\u00f3c to\u00e0n di\u1ec7n t\u1eeb \u0111\u1ea7u \u0111\u1ebfn ch\u00e2n. <\/p>\n<p><strong>L\u1ee3i \u00edch c\u1ee7a G\u00f3i gia h\u1ea1n ho\u00e0n ch\u1ec9nh<\/strong><\/p>\n<ul>\n<li><strong>T\u1ea9y t\u1ebf b\u00e0o ch\u1ebft cho ch\u00e2n:<\/strong> B\u1eaft \u0111\u1ea7u b\u1eb1ng li\u1ec7u ph\u00e1p t\u1ea9y t\u1ebf b\u00e0o ch\u1ebft cho ch\u00e2n gi\u00fap t\u1ea9y t\u1ebf b\u00e0o ch\u1ebft v\u00e0 ph\u1ee5c h\u1ed3i s\u1ee9c s\u1ed1ng cho \u0111\u00f4i ch\u00e2n c\u1ee7a b\u1ea1n, gi\u00fap \u0111\u00f4i ch\u00e2n m\u1ecbn m\u00e0ng v\u00e0 tr\u00e0n \u0111\u1ea7y s\u1ee9c s\u1ed1ng.<\/li>\n<li><strong>T\u1ea9y t\u1ebf b\u00e0o ch\u1ebft cho m\u1eb7t:<\/strong> Li\u1ec7u tr\u00ecnh t\u1ea9y t\u1ebf b\u00e0o ch\u1ebft cho m\u1eb7t k\u00e9o d\u00e0i 60 ph\u00fat gi\u00fap l\u00e0m s\u1ea1ch s\u00e2u v\u00e0 t\u1ea9y t\u1ebf b\u00e0o ch\u1ebft cho da, lo\u1ea1i b\u1ecf t\u1ea1p ch\u1ea5t v\u00e0 t\u1ebf b\u00e0o da ch\u1ebft \u0111\u1ec3 mang l\u1ea1i l\u00e0n da r\u1ea1ng r\u1ee1 v\u00e0 t\u01b0\u01a1i tr\u1ebb.<\/li>\n<li><strong>T\u1ea9y t\u1ebf b\u00e0o ch\u1ebft to\u00e0n th\u00e2n:<\/strong> Li\u1ec7u tr\u00ecnh t\u1ea9y t\u1ebf b\u00e0o ch\u1ebft to\u00e0n th\u00e2n k\u00e9o d\u00e0i 60 ph\u00fat gi\u00fap t\u1ea9y t\u1ebf b\u00e0o ch\u1ebft to\u00e0n di\u1ec7n, ph\u1ee5c h\u1ed3i l\u00e0n da v\u00e0 gi\u00fap da m\u1ec1m m\u1ea1i, r\u1ea1ng r\u1ee1.<\/li>\n<li><strong>Massage d\u1ea7u d\u1eeba:<\/strong> K\u1ebft th\u00fac b\u1eb1ng li\u1ec7u tr\u00ecnh massage d\u1ea7u d\u1eeba k\u00e9o d\u00e0i 60 ph\u00fat gi\u00fap nu\u00f4i d\u01b0\u1ee1ng s\u00e2u l\u00e0n da, t\u0103ng c\u01b0\u1eddng th\u01b0 gi\u00e3n v\u00e0 l\u00e0m d\u1ecbu c\u0103ng c\u01a1.<\/li>\n<\/ul>\n<p><strong>T\u1ea1i sao n\u00ean ch\u1ecdn G\u00f3i gia h\u1ea1n to\u00e0n di\u1ec7n?<\/strong><\/p>\n<p>G\u00f3i n\u00e0y l\u00e0 s\u1ef1 l\u1ef1a ch\u1ecdn t\u1ed1t nh\u1ea5t cho nh\u1eefng ai \u0111ang t\u00ecm ki\u1ebfm tr\u1ea3i nghi\u1ec7m spa \u0111\u00edch th\u1ef1c v\u00e0 sang tr\u1ecdng. S\u1ef1 k\u1ebft h\u1ee3p c\u1ee7a c\u00e1c ph\u01b0\u01a1ng ph\u00e1p \u0111i\u1ec1u tr\u1ecb \u0111\u1ea3m b\u1ea3o t\u00e1i t\u1ea1o ho\u00e0n to\u00e0n c\u01a1 th\u1ec3 c\u1ee7a b\u1ea1n, nh\u1eafm m\u1ee5c ti\u00eau v\u00e0o m\u1ecdi b\u1ed9 ph\u1eadn t\u1eeb b\u00e0n ch\u00e2n \u0111\u1ebfn m\u1eb7t. L\u00e0n da c\u1ee7a b\u1ea1n s\u1ebd \u0111\u01b0\u1ee3c \u0111\u1ec3 l\u1ea1i m\u1ecbn m\u00e0ng, r\u1ea1ng r\u1ee1 v\u00e0 tr\u1ebb h\u00f3a, trong khi massage d\u1ea7u d\u1eeba gi\u00fap th\u01b0 gi\u00e3n s\u00e2u s\u1eafc v\u00e0 gi\u1ea3m c\u0103ng th\u1eb3ng. G\u00f3i Gia h\u1ea1n Ho\u00e0n ch\u1ec9nh ho\u00e0n h\u1ea3o cho b\u1ea5t k\u1ef3 ai mu\u1ed1n t\u1eadn h\u01b0\u1edfng v\u1ebb \u0111\u1eb9p v\u00e0 s\u1ee9c kh\u1ecfe t\u1ed1t nh\u1ea5t, khi\u1ebfn n\u00f3 r\u1ea5t \u0111\u00e1ng \u0111\u1ec3 \u0111\u1ea7u t\u01b0.   <\/p>\n<p><strong>Gi\u1edbi thi\u1ec7u v\u1ec1 d\u1ea7u d\u1eeba Nakee<\/strong> D\u1ea7u d\u1eeba \u0111\u1eb7c bi\u1ec7t c\u1ee7a ch\u00fang t\u00f4i \u0111\u01b0\u1ee3c l\u00e0m t\u1eeb d\u1eeba \u0111\u01b0\u1ee3c tr\u1ed3ng tr\u00ean \u0111\u1ea3o Koh Samui. D\u1ea7u d\u1eeba h\u1eefu c\u01a1 nguy\u00ean ch\u1ea5t 100% t\u1ef1 nhi\u00ean, t\u1ef1 l\u00e0m n\u00e0y \u0111\u1ea3m b\u1ea3o tr\u1ea3i nghi\u1ec7m thu\u1ea7n khi\u1ebft v\u00e0 ch\u00e2n th\u1ef1c. M\u00f9i h\u01b0\u01a1ng d\u1ec5 ch\u1ecbu gi\u00fap t\u0103ng c\u01b0\u1eddng th\u01b0 gi\u00e3n v\u00e0 l\u00e0m cho vi\u1ec7c m\u00e1t-xa c\u1ee7a b\u1ea1n tr\u1edf n\u00ean th\u00fa v\u1ecb h\u01a1n.  <\/p>\n","protected":false},"excerpt":{"rendered":"<p>T\u1eadn h\u01b0\u1edfng tr\u1ea3i nghi\u1ec7m spa t\u1ed1t nh\u1ea5t v\u00e0 ch\u00e2n th\u1ef1c nh\u1ea5t v\u1edbi g\u00f3i \u201c\u0110\u1ed5i m\u1edbi ho\u00e0n to\u00e0n\u201d c\u1ee7a ch\u00fang t\u00f4i. Li\u1ec7u ph\u00e1p to\u00e0n di\u1ec7n n\u00e0y bao g\u1ed3m t\u1ea9y t\u1ebf b\u00e0o ch\u1ebft ph\u1ee5c h\u1ed3i ch\u00e2n, t\u1ea9y t\u1ebf b\u00e0o ch\u1ebft da m\u1eb7t 60 ph\u00fat s\u1ea3ng kho\u00e1i, t\u1ea9y t\u1ebf b\u00e0o ch\u1ebft tr\u1ebb h\u00f3a 60 ph\u00fat v\u00e0 m\u00e1t-xa d\u1ea7u d\u1eeba nh\u1eb9 nh\u00e0ng 60 ph\u00fat. \u0110\u01b0\u1ee3c thi\u1ebft k\u1ebf \u0111\u1ec3 l\u00e0m s\u1ea1ch, t\u1ea9y t\u1ebf b\u00e0o ch\u1ebft v\u00e0 nu\u00f4i d\u01b0\u1ee1ng l\u00e0n da c\u1ee7a b\u1ea1n, g\u00f3i n\u00e0y s\u1ebd gi\u00fap b\u1ea1n c\u1ea3m th\u1ea5y t\u01b0\u01a1i m\u1edbi v\u00e0 r\u1ea1ng r\u1ee1 t\u1eeb \u0111\u1ea7u \u0111\u1ebfn ch\u00e2n. Tr\u1ea3i nghi\u1ec7m th\u01b0 gi\u00e3n v\u00e0 tr\u1ebb h\u00f3a tuy\u1ec7t v\u1eddi v\u1edbi g\u00f3i \u201c\u0110\u1ed5i m\u1edbi ho\u00e0n to\u00e0n\u201d c\u1ee7a ch\u00fang t\u00f4i, ho\u00e0n h\u1ea3o \u0111\u1ec3 ph\u1ee5c h\u1ed3i to\u00e0n th\u00e2n.   <\/p>\n","protected":false},"featured_media":961,"template":"","meta":{"_acf_changed":false,"wds_primary_product_brand":0,"wds_primary_product_cat":0},"product_brand":[],"product_cat":[468],"product_tag":[525,514,508,526,530,524,512,520,882,791,523,522,527,518,759,529,778,528,843,516],"class_list":{"0":"post-6304","1":"product","2":"type-product","3":"status-publish","4":"has-post-thumbnail","6":"product_cat-goi","7":"product_tag-massage-tot-nhat-gan-toi","8":"product_tag-gia-massage-koh-samui","9":"product_tag-massage-koh-samui","10":"product_tag-massage-o-koh-samui","11":"product_tag-massage-o-koh-samui-thai-lan","12":"product_tag-massage-thai-gan-toi","13":"product_tag-massage-thai-koh-samui","14":"product_tag-massage-thai-koh-samui-vi","15":"product_tag-massage-thai-o-bo-phut","16":"product_tag-massage-thai-o-choengmon","17":"product_tag-massage-toan-than","18":"product_tag-massage-toan-than-koh-samui","19":"product_tag-massage-tot-nhat-chaweng","20":"product_tag-massage-tot-nhat-koh-samui","21":"product_tag-massage-tot-nhat-o-bo-phut","22":"product_tag-massage-tot-nhat-o-chaweng","23":"product_tag-massage-tot-nhat-o-choengmon","24":"product_tag-massage-tot-nhat-o-koh-samui","25":"product_tag-salon-massage","26":"product_tag-tiem-mat-xa-koh-samui","27":"pa_duration-210-phut","28":"pa_massage-cha","29":"pa_massage-dau-dua","30":"pa_menu-category-cac-lieu-phap-cham-soc-co-the-lam-dep","31":"pa_types-min-mang-lam-dep","33":"first","34":"instock","35":"shipping-taxable","36":"purchasable","37":"product-type-variable"},"acf":[],"_links":{"self":[{"href":"https:\/\/www.nakee.spa\/vi\/wp-json\/wp\/v2\/product\/6304","targetHints":{"allow":["GET"]}}],"collection":[{"href":"https:\/\/www.nakee.spa\/vi\/wp-json\/wp\/v2\/product"}],"about":[{"href":"https:\/\/www.nakee.spa\/vi\/wp-json\/wp\/v2\/types\/product"}],"wp:featuredmedia":[{"embeddable":true,"href":"https:\/\/www.nakee.spa\/vi\/wp-json\/wp\/v2\/media\/961"}],"wp:attachment":[{"href":"https:\/\/www.nakee.spa\/vi\/wp-json\/wp\/v2\/media?parent=6304"}],"wp:term":[{"taxonomy":"product_brand","embeddable":true,"href":"https:\/\/www.nakee.spa\/vi\/wp-json\/wp\/v2\/product_brand?post=6304"},{"taxonomy":"product_cat","embeddable":true,"href":"https:\/\/www.nakee.spa\/vi\/wp-json\/wp\/v2\/product_cat?post=6304"},{"taxonomy":"product_tag","embeddable":true,"href":"https:\/\/www.nakee.spa\/vi\/wp-json\/wp\/v2\/product_tag?post=6304"}],"curies":[{"name":"wp","href":"https:\/\/api.w.org\/{rel}","templated":true}]}}