{"id":6338,"date":"2024-07-11T08:49:55","date_gmt":"2024-07-11T08:49:55","guid":{"rendered":"https:\/\/www.nakee.spa\/product\/massage-mo-sau-kieu-thai\/"},"modified":"2025-11-14T01:55:55","modified_gmt":"2025-11-13T18:55:55","slug":"massage-mo-sau-kieu-thai","status":"publish","type":"product","link":"https:\/\/www.nakee.spa\/vi\/s\u1ea3n-ph\u1ea9m\/massage-mo-sau-kieu-thai\/","title":{"rendered":"Massage m\u00f4 s\u00e2u"},"content":{"rendered":"<h3>Massage m\u00f4 s\u00e2u ki\u1ec3u Th\u00e1i l\u00e0 g\u00ec?<\/h3>\n<p>Massage Thai m\u00f4 s\u00e2u l\u00e0 m\u1ed9t k\u1ef9 thu\u1eadt tr\u1ecb li\u1ec7u k\u1ebft h\u1ee3p massage truy\u1ec1n th\u1ed1ng c\u1ee7a Th\u00e1i Lan v\u1edbi thao t\u00e1c m\u00f4 s\u00e2u. Massage n\u00e0y nh\u1eafm v\u00e0o c\u00e1c l\u1edbp s\u00e2u h\u01a1n c\u1ee7a c\u01a1 v\u00e0 m\u00f4 li\u00ean k\u1ebft b\u1eb1ng c\u00e1ch s\u1eed d\u1ee5ng c\u00e1c c\u00fa vu\u1ed1t ch\u1eadm, s\u00e2u v\u00e0 \u00e1p l\u1ef1c b\u1ec1n v\u1eefng. N\u00f3 \u0111\u01b0\u1ee3c thi\u1ebft k\u1ebf \u0111\u1ec3 gi\u1ea3m c\u0103ng th\u1eb3ng nghi\u00eam tr\u1ecdng, c\u1ea3i thi\u1ec7n t\u00ednh linh ho\u1ea1t v\u00e0 t\u0103ng c\u01b0\u1eddng s\u1ee9c kh\u1ecfe c\u01a1 b\u1eafp t\u1ed5ng th\u1ec3.  <\/p>\n<h3>L\u1ee3i \u00edch c\u1ee7a massage m\u00f4 s\u00e2u ki\u1ec3u Th\u00e1i<\/h3>\n<ol>\n<li><strong>Gi\u1ea3m \u0111au<\/strong> : L\u00e0m gi\u1ea3m \u0111au c\u01a1 m\u00e3n t\u00ednh v\u00e0 c\u0103ng th\u1eb3ng.<\/li>\n<li><strong>C\u1ea3i thi\u1ec7n t\u00ednh linh ho\u1ea1t<\/strong> : T\u0103ng c\u01b0\u1eddng t\u00ednh linh ho\u1ea1t c\u1ee7a c\u01a1 v\u00e0 kh\u1edbp.<\/li>\n<li><strong>Ph\u1ee5c h\u1ed3i ch\u1ea5n th\u01b0\u01a1ng<\/strong> : H\u1ed7 tr\u1ee3 ph\u1ee5c h\u1ed3i ch\u1ea5n th\u01b0\u01a1ng c\u01a1.<\/li>\n<li><strong>Gi\u1ea3m c\u0103ng th\u1eb3ng<\/strong> : Gi\u1ea3m c\u0103ng th\u1eb3ng v\u00e0 th\u00fac \u0111\u1ea9y s\u1ef1 th\u01b0 gi\u00e3n.<\/li>\n<li><strong>T\u0103ng c\u01b0\u1eddng l\u01b0u th\u00f4ng m\u00e1u<\/strong> : C\u1ea3i thi\u1ec7n l\u01b0u l\u01b0\u1ee3ng m\u00e1u v\u00e0 gi\u1ea3m vi\u00eam.<\/li>\n<li><strong>Ch\u1ec9nh s\u1eeda t\u01b0 th\u1ebf<\/strong> : Gi\u00fap ch\u1ec9nh s\u1eeda c\u00e1c v\u1ea5n \u0111\u1ec1 v\u1ec1 t\u01b0 th\u1ebf b\u1eb1ng c\u00e1ch gi\u1ea3i ph\u00f3ng s\u1ef1 c\u0103ng c\u1ee9ng c\u1ee7a c\u01a1.<\/li>\n<\/ol>\n<h3>T\u1ea1i sao n\u00ean ch\u1ecdn massage m\u00f4 s\u00e2u ki\u1ec3u Th\u00e1i?<\/h3>\n<p>Ch\u1ecdn Massage Th\u00e1i m\u00f4 s\u00e2u v\u00ec s\u1ef1 k\u1ebft h\u1ee3p \u0111\u1ed9c \u0111\u00e1o gi\u1eefa k\u1ef9 thu\u1eadt m\u00f4 s\u00e2u v\u00e0 k\u00e9o gi\u00e3n truy\u1ec1n th\u1ed1ng c\u1ee7a Th\u00e1i Lan. Massage n\u00e0y l\u00fd t\u01b0\u1edfng cho nh\u1eefng ng\u01b0\u1eddi b\u1ecb \u0111au m\u00e3n t\u00ednh, c\u0103ng c\u01a1 ho\u1eb7c nh\u1eefng ng\u01b0\u1eddi \u0111ang h\u1ed3i ph\u1ee5c sau ch\u1ea5n th\u01b0\u01a1ng. N\u00f3 c\u0169ng c\u00f3 l\u1ee3i cho c\u00e1c v\u1eadn \u0111\u1ed9ng vi\u00ean v\u00e0 nh\u1eefng ng\u01b0\u1eddi c\u00f3 m\u1ee9c \u0111\u1ed9 c\u0103ng th\u1eb3ng cao.  <\/p>\n<h3>\u0110\u1ec1 xu\u1ea5t<\/h3>\n<ul>\n<li>Ph\u00f9 h\u1ee3p v\u1edbi nh\u1eefng ng\u01b0\u1eddi b\u1ecb c\u0103ng c\u01a1 v\u00e0 \u0111au nh\u1ee9c m\u00e3n t\u00ednh.<\/li>\n<li>L\u00fd t\u01b0\u1edfng cho c\u00e1c v\u1eadn \u0111\u1ed9ng vi\u00ean ho\u1eb7c ng\u01b0\u1eddi n\u0103ng \u0111\u1ed9ng.<\/li>\n<li>C\u00f3 l\u1ee3i cho vi\u1ec7c ph\u1ee5c h\u1ed3i ch\u1ea5n th\u01b0\u01a1ng v\u00e0 gi\u1ea3m c\u0103ng th\u1eb3ng.<\/li>\n<\/ul>\n<h3>Tr\u1ea3i nghi\u1ec7m Massage Th\u00e1i m\u00f4 s\u00e2u t\u1ea1i Nakee Massage &amp; Spa<\/h3>\n<p>Tr\u1ea3i nghi\u1ec7m Massage Th\u00e1i m\u00f4 s\u00e2u t\u1ed1t nh\u1ea5t t\u1ea1i Nakee Massage &amp; Spa. C\u00e1c nh\u00e0 tr\u1ecb li\u1ec7u l\u00e0nh ngh\u1ec1 c\u1ee7a ch\u00fang t\u00f4i s\u1eed d\u1ee5ng s\u1ef1 k\u1ebft h\u1ee3p gi\u1eefa \u00e1p l\u1ef1c s\u00e2u v\u00e0 k\u1ef9 thu\u1eadt k\u00e9o gi\u00e3n c\u1ee7a Th\u00e1i Lan \u0111\u1ec3 mang l\u1ea1i tr\u1ea3i nghi\u1ec7m tr\u1ecb li\u1ec7u v\u00e0 th\u01b0 gi\u00e3n. Cho d\u00f9 b\u1ea1n \u0111ang \u0111\u1ed1i ph\u00f3 v\u1edbi c\u01a1n \u0111au m\u00e3n t\u00ednh, h\u1ed3i ph\u1ee5c sau ch\u1ea5n th\u01b0\u01a1ng hay ch\u1ec9 mu\u1ed1n gi\u1ea3m c\u0103ng th\u1eb3ng, Massage Th\u00e1i m\u00f4 s\u00e2u c\u1ee7a ch\u00fang t\u00f4i \u0111\u1ec1u \u0111\u01b0\u1ee3c thi\u1ebft k\u1ebf ri\u00eang \u0111\u1ec3 \u0111\u00e1p \u1ee9ng nhu c\u1ea7u c\u1ee7a b\u1ea1n.  <\/p>\n","protected":false},"excerpt":{"rendered":"<p>Massage m\u00f4 s\u00e2u ki\u1ec3u Th\u00e1i k\u1ebft h\u1ee3p c\u00e1c k\u1ef9 thu\u1eadt \u1ea5n s\u00e2u v\u00e0 k\u1ef9 thu\u1eadt k\u00e9o gi\u00e3n truy\u1ec1n th\u1ed1ng c\u1ee7a Th\u00e1i \u0111\u1ec3 gi\u1ea3m \u0111au m\u00e3n t\u00ednh, c\u1ea3i thi\u1ec7n \u0111\u1ed9 linh ho\u1ea1t v\u00e0 t\u0103ng c\u01b0\u1eddng s\u1ee9c kh\u1ecfe c\u01a1 b\u1eafp.<\/p>\n","protected":false},"featured_media":13016,"template":"","meta":{"_acf_changed":false,"wds_primary_product_brand":0,"wds_primary_product_cat":0},"product_brand":[],"product_cat":[135],"product_tag":[525,514,508,526,530,524,520,512,882,791,523,522,527,518,759,529,778,528,843,516],"class_list":{"0":"post-6338","1":"product","2":"type-product","3":"status-publish","4":"has-post-thumbnail","6":"product_cat-mat-xa","7":"product_tag-massage-tot-nhat-gan-toi","8":"product_tag-gia-massage-koh-samui","9":"product_tag-massage-koh-samui","10":"product_tag-massage-o-koh-samui","11":"product_tag-massage-o-koh-samui-thai-lan","12":"product_tag-massage-thai-gan-toi","13":"product_tag-massage-thai-koh-samui-vi","14":"product_tag-massage-thai-koh-samui","15":"product_tag-massage-thai-o-bo-phut","16":"product_tag-massage-thai-o-choengmon","17":"product_tag-massage-toan-than","18":"product_tag-massage-toan-than-koh-samui","19":"product_tag-massage-tot-nhat-chaweng","20":"product_tag-massage-tot-nhat-koh-samui","21":"product_tag-massage-tot-nhat-o-bo-phut","22":"product_tag-massage-tot-nhat-o-chaweng","23":"product_tag-massage-tot-nhat-o-choengmon","24":"product_tag-massage-tot-nhat-o-koh-samui","25":"product_tag-salon-massage","26":"product_tag-tiem-mat-xa-koh-samui","27":"pa_duration-120-phut","28":"pa_duration-60-phut","29":"pa_duration-90-phut","30":"pa_massage-massage-thai","31":"pa_menu-category-lieu-phap-co-the-chuyen-biet","32":"pa_types-giam-dau-co","34":"first","35":"instock","36":"shipping-taxable","37":"purchasable","38":"product-type-variable"},"acf":[],"_links":{"self":[{"href":"https:\/\/www.nakee.spa\/vi\/wp-json\/wp\/v2\/product\/6338","targetHints":{"allow":["GET"]}}],"collection":[{"href":"https:\/\/www.nakee.spa\/vi\/wp-json\/wp\/v2\/product"}],"about":[{"href":"https:\/\/www.nakee.spa\/vi\/wp-json\/wp\/v2\/types\/product"}],"wp:featuredmedia":[{"embeddable":true,"href":"https:\/\/www.nakee.spa\/vi\/wp-json\/wp\/v2\/media\/13016"}],"wp:attachment":[{"href":"https:\/\/www.nakee.spa\/vi\/wp-json\/wp\/v2\/media?parent=6338"}],"wp:term":[{"taxonomy":"product_brand","embeddable":true,"href":"https:\/\/www.nakee.spa\/vi\/wp-json\/wp\/v2\/product_brand?post=6338"},{"taxonomy":"product_cat","embeddable":true,"href":"https:\/\/www.nakee.spa\/vi\/wp-json\/wp\/v2\/product_cat?post=6338"},{"taxonomy":"product_tag","embeddable":true,"href":"https:\/\/www.nakee.spa\/vi\/wp-json\/wp\/v2\/product_tag?post=6338"}],"curies":[{"name":"wp","href":"https:\/\/api.w.org\/{rel}","templated":true}]}}