{"id":6422,"date":"2024-07-11T09:08:09","date_gmt":"2024-07-11T09:08:09","guid":{"rendered":"https:\/\/www.nakee.spa\/product\/massage-thai-voi-dau\/"},"modified":"2025-11-14T01:51:12","modified_gmt":"2025-11-13T18:51:12","slug":"massage-thai-voi-dau","status":"publish","type":"product","link":"https:\/\/www.nakee.spa\/vi\/s\u1ea3n-ph\u1ea9m\/massage-thai-voi-dau\/","title":{"rendered":"Massage Th\u00e1i v\u1edbi d\u1ea7u"},"content":{"rendered":"<h3>Massage Th\u00e1i k\u1ebft h\u1ee3p d\u1ea7u l\u00e0 g\u00ec?<\/h3>\n<p>Massage Th\u00e1i v\u1edbi d\u1ea7u l\u00e0 s\u1ef1 pha tr\u1ed9n \u0111\u1ed9c \u0111\u00e1o gi\u1eefa c\u00e1c k\u1ef9 thu\u1eadt massage truy\u1ec1n th\u1ed1ng c\u1ee7a Th\u00e1i Lan v\u00e0 \u0111\u1eb7c t\u00ednh l\u00e0m d\u1ecbu c\u1ee7a d\u1ea7u massage. Ph\u01b0\u01a1ng ph\u00e1p \u0111i\u1ec1u tr\u1ecb n\u00e0y k\u1ebft h\u1ee3p k\u00e9o gi\u00e3n s\u00e2u, b\u1ea5m huy\u1ec7t v\u00e0 \u00e9p nh\u1ecbp nh\u00e0ng v\u1edbi l\u1ee3i \u00edch d\u01b0\u1ee1ng \u1ea9m v\u00e0 th\u01b0 gi\u00e3n c\u1ee7a d\u1ea7u. K\u1ebft qu\u1ea3 l\u00e0 m\u1ed9t li\u1ec7u ph\u00e1p to\u00e0n di\u1ec7n gi\u00fap th\u01b0 gi\u00e3n c\u01a1 th\u1ec3, gi\u1ea3m c\u0103ng c\u01a1 v\u00e0 t\u0103ng c\u01b0\u1eddng s\u1ee9c kh\u1ecfe l\u00e0n da.  <\/p>\n<h3>L\u1ee3i \u00edch c\u1ee7a massage Th\u00e1i v\u1edbi d\u1ea7u<\/h3>\n<ol>\n<li><strong>C\u1ea3i thi\u1ec7n t\u00ednh linh ho\u1ea1t<\/strong> : C\u00e1c k\u1ef9 thu\u1eadt k\u00e9o gi\u00e3n gi\u00fap t\u0103ng c\u01b0\u1eddng t\u00ednh linh ho\u1ea1t c\u1ee7a kh\u1edbp v\u00e0 c\u01a1.<\/li>\n<li><strong>Th\u01b0 gi\u00e3n s\u00e2u<\/strong> : D\u1ea7u gi\u00fap th\u01b0 gi\u00e3n c\u01a1 b\u1eafp v\u00e0 t\u00e2m tr\u00ed.<\/li>\n<li><strong>D\u01b0\u1ee1ng \u1ea9m cho da<\/strong> : D\u1ea7u cung c\u1ea5p \u0111\u1ed9 \u1ea9m s\u00e2u, gi\u00fap da m\u1ec1m m\u1ea1i v\u00e0 m\u1ecbn m\u00e0ng.<\/li>\n<li><strong>Gi\u1ea3m \u0111au<\/strong> : L\u00e0m gi\u1ea3m \u0111au m\u00e3n t\u00ednh v\u00e0 c\u0103ng c\u01a1.<\/li>\n<li><strong>C\u1ea3i thi\u1ec7n tu\u1ea7n ho\u00e0n<\/strong> : T\u0103ng c\u01b0\u1eddng l\u01b0u l\u01b0\u1ee3ng m\u00e1u v\u00e0 d\u1eabn l\u01b0u b\u1ea1ch huy\u1ebft.<\/li>\n<li><strong>Gi\u1ea3m c\u0103ng th\u1eb3ng<\/strong> : T\u0103ng c\u01b0\u1eddng s\u1ef1 minh m\u1eabn v\u1ec1 tinh th\u1ea7n v\u00e0 gi\u1ea3m m\u1ee9c \u0111\u1ed9 c\u0103ng th\u1eb3ng.<\/li>\n<\/ol>\n<h3>T\u1ea1i sao n\u00ean ch\u1ecdn massage Th\u00e1i k\u1ebft h\u1ee3p v\u1edbi d\u1ea7u?<\/h3>\n<p>Ch\u1ecdn Massage Th\u00e1i v\u1edbi d\u1ea7u v\u00ec s\u1ef1 k\u1ebft h\u1ee3p \u0111\u1ed9c \u0111\u00e1o gi\u1eefa c\u00e1c k\u1ef9 thu\u1eadt truy\u1ec1n th\u1ed1ng c\u1ee7a Th\u00e1i Lan v\u00e0 \u0111\u1eb7c t\u00ednh l\u00e0m d\u1ecbu c\u1ee7a d\u1ea7u. Massage n\u00e0y kh\u00f4ng ch\u1ec9 c\u1ea3i thi\u1ec7n t\u00ednh linh ho\u1ea1t v\u00e0 s\u1ee9c kh\u1ecfe c\u01a1 b\u1eafp m\u00e0 c\u00f2n c\u1ea3i thi\u1ec7n t\u00ecnh tr\u1ea1ng da v\u00e0 mang l\u1ea1i tr\u1ea3i nghi\u1ec7m th\u01b0 gi\u00e3n s\u00e2u s\u1eafc. \u0110\u00f3 l\u00e0 m\u1ed9t l\u1ef1a ch\u1ecdn l\u00fd t\u01b0\u1edfng cho nh\u1eefng ai mu\u1ed1n gi\u1ea3m c\u0103ng c\u01a1, c\u1ea3i thi\u1ec7n t\u00ednh linh ho\u1ea1t v\u00e0 t\u1eadn h\u01b0\u1edfng nh\u1eefng l\u1ee3i \u00edch tr\u1ecb li\u1ec7u c\u1ee7a d\u1ea7u massage.  <\/p>\n<h3>\u0110\u1ec1 xu\u1ea5t<\/h3>\n<ul>\n<li>Th\u00edch h\u1ee3p cho nh\u1eefng ng\u01b0\u1eddi th\u00edch c\u1ea3 massage Th\u00e1i truy\u1ec1n th\u1ed1ng v\u00e0 l\u1ee3i \u00edch c\u1ee7a massage b\u1eb1ng d\u1ea7u.<\/li>\n<li>Th\u00edch h\u1ee3p cho nh\u1eefng ng\u01b0\u1eddi c\u00f3 l\u00e0n da kh\u00f4 ho\u1eb7c nh\u1ea1y c\u1ea3m c\u1ea7n b\u1ed5 sung \u0111\u1ed9 \u1ea9m.<\/li>\n<li>C\u00f3 th\u1ec3 k\u1ebft h\u1ee3p v\u1edbi c\u00e1c ph\u01b0\u01a1ng ph\u00e1p \u0111i\u1ec1u tr\u1ecb kh\u00e1c nh\u01b0 t\u1ea9y t\u1ebf b\u00e0o ch\u1ebft ch\u00e2n ho\u1eb7c ch\u0103m s\u00f3c da m\u1eb7t \u0111\u1ec3 c\u00f3 tr\u1ea3i nghi\u1ec7m spa to\u00e0n di\u1ec7n.<\/li>\n<\/ul>\n<h3>Tr\u1ea3i nghi\u1ec7m massage Th\u00e1i v\u1edbi tinh d\u1ea7u t\u1ea1i Nakee Massage &amp; Spa<\/h3>\n<p>Tr\u1ea3i nghi\u1ec7m Massage b\u1eb1ng d\u1ea7u Th\u00e1i t\u1ed1t nh\u1ea5t t\u1ea1i Nakee Massage &amp; Spa. C\u00e1c nh\u00e0 tr\u1ecb li\u1ec7u l\u00e0nh ngh\u1ec1 c\u1ee7a ch\u00fang t\u00f4i k\u1ebft h\u1ee3p c\u00e1c k\u1ef9 thu\u1eadt truy\u1ec1n th\u1ed1ng c\u1ee7a Th\u00e1i Lan v\u1edbi c\u00e1c lo\u1ea1i d\u1ea7u massage ch\u1ea5t l\u01b0\u1ee3ng cao \u0111\u1ec3 cung c\u1ea5p m\u1ed9t li\u1ec7u ph\u00e1p gi\u00fap th\u01b0 gi\u00e3n c\u01a1 th\u1ec3, gi\u1ea3m c\u0103ng c\u01a1 v\u00e0 mang l\u1ea1i l\u00e0n da c\u1ee7a b\u1ea1n c\u1ea3m gi\u00e1c \u1ea9m m\u01b0\u1ee3t v\u00e0 tr\u1ebb h\u00f3a. T\u1eadn h\u01b0\u1edfng tr\u1ea3i nghi\u1ec7m \u0111\u00edch th\u1ef1c c\u1ee7a massage Th\u00e1i k\u1ebft h\u1ee3p v\u1edbi l\u1ee3i \u00edch l\u00e0m d\u1ecbu c\u1ee7a d\u1ea7u.  <\/p>\n","protected":false},"excerpt":{"rendered":"<p>Massage Th\u00e1i v\u1edbi d\u1ea7u k\u1ebft h\u1ee3p c\u00e1c k\u1ef9 thu\u1eadt massage truy\u1ec1n th\u1ed1ng c\u1ee7a Th\u00e1i v\u1edbi \u0111\u1eb7c t\u00ednh d\u01b0\u1ee1ng \u1ea9m v\u00e0 th\u01b0 gi\u00e3n c\u1ee7a d\u1ea7u massage. Ph\u01b0\u01a1ng ph\u00e1p \u0111i\u1ec1u tr\u1ecb n\u00e0y c\u1ea3i thi\u1ec7n t\u00ednh linh ho\u1ea1t, gi\u1ea3m c\u0103ng c\u01a1 v\u00e0 t\u0103ng c\u01b0\u1eddng s\u1ee9c kh\u1ecfe l\u00e0n da. <\/p>\n","protected":false},"featured_media":13003,"template":"","meta":{"_acf_changed":false,"wds_primary_product_brand":0,"wds_primary_product_cat":0},"product_brand":[],"product_cat":[135],"product_tag":[525,514,508,526,530,524,520,512,882,791,523,522,527,518,759,529,778,528,843,516],"class_list":{"0":"post-6422","1":"product","2":"type-product","3":"status-publish","4":"has-post-thumbnail","6":"product_cat-mat-xa","7":"product_tag-massage-tot-nhat-gan-toi","8":"product_tag-gia-massage-koh-samui","9":"product_tag-massage-koh-samui","10":"product_tag-massage-o-koh-samui","11":"product_tag-massage-o-koh-samui-thai-lan","12":"product_tag-massage-thai-gan-toi","13":"product_tag-massage-thai-koh-samui-vi","14":"product_tag-massage-thai-koh-samui","15":"product_tag-massage-thai-o-bo-phut","16":"product_tag-massage-thai-o-choengmon","17":"product_tag-massage-toan-than","18":"product_tag-massage-toan-than-koh-samui","19":"product_tag-massage-tot-nhat-chaweng","20":"product_tag-massage-tot-nhat-koh-samui","21":"product_tag-massage-tot-nhat-o-bo-phut","22":"product_tag-massage-tot-nhat-o-chaweng","23":"product_tag-massage-tot-nhat-o-choengmon","24":"product_tag-massage-tot-nhat-o-koh-samui","25":"product_tag-salon-massage","26":"product_tag-tiem-mat-xa-koh-samui","27":"pa_duration-120-phut","28":"pa_duration-60-phut","29":"pa_duration-90-phut","30":"pa_massage-massage-dau","31":"pa_massage-massage-thai","32":"pa_menu-category-cac-lieu-phap-thai-truyen-thong","33":"pa_types-keo-gian-phong-cach-thai","35":"first","36":"instock","37":"shipping-taxable","38":"purchasable","39":"product-type-variable"},"acf":[],"_links":{"self":[{"href":"https:\/\/www.nakee.spa\/vi\/wp-json\/wp\/v2\/product\/6422","targetHints":{"allow":["GET"]}}],"collection":[{"href":"https:\/\/www.nakee.spa\/vi\/wp-json\/wp\/v2\/product"}],"about":[{"href":"https:\/\/www.nakee.spa\/vi\/wp-json\/wp\/v2\/types\/product"}],"wp:featuredmedia":[{"embeddable":true,"href":"https:\/\/www.nakee.spa\/vi\/wp-json\/wp\/v2\/media\/13003"}],"wp:attachment":[{"href":"https:\/\/www.nakee.spa\/vi\/wp-json\/wp\/v2\/media?parent=6422"}],"wp:term":[{"taxonomy":"product_brand","embeddable":true,"href":"https:\/\/www.nakee.spa\/vi\/wp-json\/wp\/v2\/product_brand?post=6422"},{"taxonomy":"product_cat","embeddable":true,"href":"https:\/\/www.nakee.spa\/vi\/wp-json\/wp\/v2\/product_cat?post=6422"},{"taxonomy":"product_tag","embeddable":true,"href":"https:\/\/www.nakee.spa\/vi\/wp-json\/wp\/v2\/product_tag?post=6422"}],"curies":[{"name":"wp","href":"https:\/\/api.w.org\/{rel}","templated":true}]}}