{"id":6481,"date":"2024-07-11T09:16:08","date_gmt":"2024-07-11T09:16:08","guid":{"rendered":"https:\/\/www.nakee.spa\/product\/massage-bang-dau-thom\/"},"modified":"2025-11-14T01:51:14","modified_gmt":"2025-11-13T18:51:14","slug":"massage-bang-dau-thom","status":"publish","type":"product","link":"https:\/\/www.nakee.spa\/vi\/s\u1ea3n-ph\u1ea9m\/massage-bang-dau-thom\/","title":{"rendered":"Massage h\u01b0\u01a1ng th\u01a1m"},"content":{"rendered":"<h3>Massage b\u1eb1ng tinh d\u1ea7u th\u01a1m l\u00e0 g\u00ec?<\/h3>\n<p>Massage b\u1eb1ng d\u1ea7u th\u01a1m l\u00e0 m\u1ed9t li\u1ec7u ph\u00e1p tr\u1ecb li\u1ec7u k\u1ebft h\u1ee3p l\u1ee3i \u00edch c\u1ee7a massage v\u1edbi c\u00e1c \u0111\u1eb7c t\u00ednh ch\u1eefa b\u1ec7nh c\u1ee7a tinh d\u1ea7u. Trong qu\u00e1 tr\u00ecnh m\u00e1t-xa n\u00e0y, c\u00e1c lo\u1ea1i tinh d\u1ea7u ch\u1ea5t l\u01b0\u1ee3ng cao \u0111\u01b0\u1ee3c pha tr\u1ed9n v\u1edbi d\u1ea7u v\u1eadn chuy\u1ec3n v\u00e0 thoa l\u00ean da b\u1eb1ng c\u00e1c k\u1ef9 thu\u1eadt m\u00e1t-xa kh\u00e1c nhau. C\u00e1c lo\u1ea1i tinh d\u1ea7u \u0111\u01b0\u1ee3c l\u1ef1a ch\u1ecdn d\u1ef1a tr\u00ean c\u00e1c \u0111\u1eb7c t\u00ednh tr\u1ecb li\u1ec7u c\u1ee5 th\u1ec3 c\u1ee7a ch\u00fang, ch\u1eb3ng h\u1ea1n nh\u01b0 th\u01b0 gi\u00e3n, tr\u1ebb h\u00f3a ho\u1eb7c ti\u1ebfp th\u00eam sinh l\u1ef1c, n\u00e2ng cao tr\u1ea3i nghi\u1ec7m massage t\u1ed5ng th\u1ec3.  <\/p>\n<h3>L\u1ee3i \u00edch c\u1ee7a Massage b\u1eb1ng tinh d\u1ea7u th\u01a1m<\/h3>\n<ol>\n<li><strong>Th\u01b0 gi\u00e3n<\/strong> : Th\u00fac \u0111\u1ea9y s\u1ef1 th\u01b0 gi\u00e3n s\u00e2u v\u00e0 gi\u1ea3m c\u0103ng th\u1eb3ng.<\/li>\n<li><strong>C\u1ea3i thi\u1ec7n t\u00e2m tr\u1ea1ng<\/strong> : C\u1ea3i thi\u1ec7n t\u00e2m tr\u1ea1ng v\u00e0 s\u1ee9c kh\u1ecfe c\u1ea3m x\u00fac th\u00f4ng qua vi\u1ec7c s\u1eed d\u1ee5ng tinh d\u1ea7u th\u01a1m.<\/li>\n<li><strong>Gi\u1ea3m \u0111au<\/strong> : L\u00e0m gi\u1ea3m \u0111au v\u00e0 c\u0103ng c\u01a1.<\/li>\n<li><strong>C\u1ea3i thi\u1ec7n tu\u1ea7n ho\u00e0n<\/strong> : T\u0103ng c\u01b0\u1eddng l\u01b0u l\u01b0\u1ee3ng m\u00e1u v\u00e0 d\u1eabn l\u01b0u b\u1ea1ch huy\u1ebft.<\/li>\n<li><strong>Nu\u00f4i d\u01b0\u1ee1ng da<\/strong> : Gi\u00fap da m\u1ec1m m\u1ea1i, m\u1ecbn m\u00e0ng v\u00e0 \u0111\u1ee7 n\u01b0\u1edbc.<\/li>\n<li><strong>T\u0103ng c\u01b0\u1eddng h\u1ec7 th\u1ed1ng mi\u1ec5n d\u1ecbch<\/strong> : H\u1ed7 tr\u1ee3 s\u1ee9c kh\u1ecfe t\u1ed5ng th\u1ec3 v\u00e0 tinh th\u1ea7n tho\u1ea3i m\u00e1i.<\/li>\n<\/ol>\n<h3>T\u1ea1i sao n\u00ean ch\u1ecdn massage b\u1eb1ng tinh d\u1ea7u th\u01a1m?<\/h3>\n<p>Ch\u1ecdn Aroma Oil Massage v\u00ec c\u00e1ch ti\u1ebfp c\u1eadn to\u00e0n di\u1ec7n c\u1ee7a n\u00f3 \u0111\u1ed1i v\u1edbi s\u1ee9c kh\u1ecfe. Ph\u01b0\u01a1ng ph\u00e1p \u0111i\u1ec1u tr\u1ecb n\u00e0y kh\u00f4ng ch\u1ec9 gi\u1ea3i quy\u1ebft s\u1ef1 kh\u00f3 ch\u1ecbu v\u1ec1 th\u1ec3 ch\u1ea5t m\u00e0 c\u00f2n nu\u00f4i d\u01b0\u1ee1ng s\u1ee9c kh\u1ecfe c\u1ea3m x\u00fac th\u00f4ng qua s\u1ee9c m\u1ea1nh c\u1ee7a tinh d\u1ea7u. N\u00f3 ho\u00e0n h\u1ea3o cho nh\u1eefng ai \u0111ang t\u00ecm ki\u1ebfm tr\u1ea3i nghi\u1ec7m th\u01b0 gi\u00e3n to\u00e0n di\u1ec7n c\u0169ng c\u00f3 l\u1ee3i cho l\u00e0n da v\u00e0 s\u1ee9c kh\u1ecfe t\u1ed5ng th\u1ec3.  <\/p>\n<h3>\u0110\u1ec1 xu\u1ea5t<\/h3>\n<ul>\n<li>L\u00fd t\u01b0\u1edfng \u0111\u1ec3 gi\u1ea3i t\u1ecfa c\u0103ng th\u1eb3ng v\u00e0 c\u00e2n b\u1eb1ng c\u1ea3m x\u00fac.<\/li>\n<li>Tuy\u1ec7t v\u1eddi \u0111\u1ec3 d\u01b0\u1ee1ng \u1ea9m v\u00e0 nu\u00f4i d\u01b0\u1ee1ng l\u00e0n da.<\/li>\n<li>K\u1ebft h\u1ee3p v\u1edbi li\u1ec7u ph\u00e1p t\u1ea9y t\u1ebf b\u00e0o ch\u1ebft cho m\u1eb7t ho\u1eb7c to\u00e0n th\u00e2n \u0111\u1ec3 c\u00f3 tr\u1ea3i nghi\u1ec7m spa tuy\u1ec7t v\u1eddi h\u01a1n.<\/li>\n<\/ul>\n<h3>Tr\u1ea3i nghi\u1ec7m Massage tinh d\u1ea7u th\u01a1m t\u1ea1i Nakee Massage &amp; Spa<\/h3>\n<p>Tr\u1ea3i nghi\u1ec7m Massage D\u1ea7u th\u01a1m t\u1ed1t nh\u1ea5t t\u1ea1i Nakee Massage &amp; Spa, n\u01a1i c\u00e1c nh\u00e0 tr\u1ecb li\u1ec7u l\u00e0nh ngh\u1ec1 c\u1ee7a ch\u00fang t\u00f4i s\u1eed d\u1ee5ng c\u00e1c lo\u1ea1i tinh d\u1ea7u t\u1ed1t nh\u1ea5t \u0111\u1ec3 mang l\u1ea1i tr\u1ea3i nghi\u1ec7m th\u01b0 gi\u00e3n v\u00e0 tr\u1ebb h\u00f3a s\u00e2u s\u1eafc. M\u00f4i tr\u01b0\u1eddng y\u00ean t\u0129nh c\u1ee7a ch\u00fang t\u00f4i t\u0103ng c\u01b0\u1eddng l\u1ee3i \u00edch tr\u1ecb li\u1ec7u, \u0111\u1ea3m b\u1ea3o b\u1ea1n c\u1ea3m th\u1ea5y s\u1ea3ng kho\u00e1i v\u00e0 tr\u00e0n \u0111\u1ea7y s\u1ee9c s\u1ed1ng. <\/p>\n","protected":false},"excerpt":{"rendered":"<p>Massage d\u1ea7u th\u01a1m k\u1ebft h\u1ee3p c\u00e1c k\u1ef9 thu\u1eadt massage v\u1edbi \u0111\u1eb7c t\u00ednh ch\u1eefa b\u1ec7nh c\u1ee7a tinh d\u1ea7u \u0111\u1ec3 th\u00fac \u0111\u1ea9y th\u01b0 gi\u00e3n, c\u1ea3i thi\u1ec7n t\u00e2m tr\u1ea1ng, gi\u1ea3m \u0111au v\u00e0 nu\u00f4i d\u01b0\u1ee1ng da. Ph\u01b0\u01a1ng ph\u00e1p \u0111i\u1ec1u tr\u1ecb to\u00e0n di\u1ec7n n\u00e0y l\u00e0 ho\u00e0n h\u1ea3o cho nh\u1eefng ng\u01b0\u1eddi t\u00ecm ki\u1ebfm s\u1ee9c kh\u1ecfe c\u1ea3 v\u1ec1 th\u1ec3 ch\u1ea5t v\u00e0 c\u1ea3m x\u00fac. <\/p>\n<p>&nbsp;<\/p>\n","protected":false},"featured_media":13018,"template":"","meta":{"_acf_changed":false,"wds_primary_product_brand":0,"wds_primary_product_cat":0},"product_brand":[],"product_cat":[135],"product_tag":[525,514,508,526,530,524,520,512,882,791,523,522,527,518,759,529,778,528,843,516],"class_list":{"0":"post-6481","1":"product","2":"type-product","3":"status-publish","4":"has-post-thumbnail","6":"product_cat-mat-xa","7":"product_tag-massage-tot-nhat-gan-toi","8":"product_tag-gia-massage-koh-samui","9":"product_tag-massage-koh-samui","10":"product_tag-massage-o-koh-samui","11":"product_tag-massage-o-koh-samui-thai-lan","12":"product_tag-massage-thai-gan-toi","13":"product_tag-massage-thai-koh-samui-vi","14":"product_tag-massage-thai-koh-samui","15":"product_tag-massage-thai-o-bo-phut","16":"product_tag-massage-thai-o-choengmon","17":"product_tag-massage-toan-than","18":"product_tag-massage-toan-than-koh-samui","19":"product_tag-massage-tot-nhat-chaweng","20":"product_tag-massage-tot-nhat-koh-samui","21":"product_tag-massage-tot-nhat-o-bo-phut","22":"product_tag-massage-tot-nhat-o-chaweng","23":"product_tag-massage-tot-nhat-o-choengmon","24":"product_tag-massage-tot-nhat-o-koh-samui","25":"product_tag-salon-massage","26":"product_tag-tiem-mat-xa-koh-samui","27":"pa_duration-120-phut","28":"pa_duration-60-phut","29":"pa_duration-90-phut","30":"pa_massage-dau-thom","31":"pa_menu-category-thu-gian-voi-tinh-dau-huong-thom","32":"pa_types-nhe-nhang-huong-thom","33":"pa_types-thu-gian-binh-tinh","35":"first","36":"instock","37":"shipping-taxable","38":"purchasable","39":"product-type-variable"},"acf":[],"_links":{"self":[{"href":"https:\/\/www.nakee.spa\/vi\/wp-json\/wp\/v2\/product\/6481","targetHints":{"allow":["GET"]}}],"collection":[{"href":"https:\/\/www.nakee.spa\/vi\/wp-json\/wp\/v2\/product"}],"about":[{"href":"https:\/\/www.nakee.spa\/vi\/wp-json\/wp\/v2\/types\/product"}],"wp:featuredmedia":[{"embeddable":true,"href":"https:\/\/www.nakee.spa\/vi\/wp-json\/wp\/v2\/media\/13018"}],"wp:attachment":[{"href":"https:\/\/www.nakee.spa\/vi\/wp-json\/wp\/v2\/media?parent=6481"}],"wp:term":[{"taxonomy":"product_brand","embeddable":true,"href":"https:\/\/www.nakee.spa\/vi\/wp-json\/wp\/v2\/product_brand?post=6481"},{"taxonomy":"product_cat","embeddable":true,"href":"https:\/\/www.nakee.spa\/vi\/wp-json\/wp\/v2\/product_cat?post=6481"},{"taxonomy":"product_tag","embeddable":true,"href":"https:\/\/www.nakee.spa\/vi\/wp-json\/wp\/v2\/product_tag?post=6481"}],"curies":[{"name":"wp","href":"https:\/\/api.w.org\/{rel}","templated":true}]}}