{"id":6504,"date":"2024-07-06T09:20:12","date_gmt":"2024-07-06T09:20:12","guid":{"rendered":"https:\/\/www.nakee.spa\/product\/massage-chan\/"},"modified":"2025-11-14T01:55:12","modified_gmt":"2025-11-13T18:55:12","slug":"massage-chan","status":"publish","type":"product","link":"https:\/\/www.nakee.spa\/vi\/s\u1ea3n-ph\u1ea9m\/massage-chan\/","title":{"rendered":"Massage ch\u00e2n"},"content":{"rendered":"<h3>Massage ch\u00e2n l\u00e0 g\u00ec?<\/h3>\n<p>Massage ch\u00e2n, c\u00f2n \u0111\u01b0\u1ee3c g\u1ecdi l\u00e0 b\u1ea5m huy\u1ec7t, li\u00ean quan \u0111\u1ebfn vi\u1ec7c t\u1ea1o \u00e1p l\u1ef1c l\u00ean c\u00e1c \u0111i\u1ec3m c\u1ee5 th\u1ec3 tr\u00ean b\u00e0n ch\u00e2n t\u01b0\u01a1ng \u1ee9ng v\u1edbi c\u00e1c b\u1ed9 ph\u1eadn kh\u00e1c nhau c\u1ee7a c\u01a1 th\u1ec3. Th\u1ef1c h\u00e0nh tr\u1ecb li\u1ec7u n\u00e0y nh\u1eb1m m\u1ee5c \u0111\u00edch t\u0103ng c\u01b0\u1eddng s\u1ee9c kh\u1ecfe v\u00e0 h\u1ea1nh ph\u00fac b\u1eb1ng c\u00e1ch k\u00edch th\u00edch c\u00e1c \u0111i\u1ec3m ph\u1ea3n x\u1ea1 n\u00e0y, \u0111\u01b0\u1ee3c cho l\u00e0 \u1ea3nh h\u01b0\u1edfng \u0111\u1ebfn c\u00e1c c\u01a1 quan v\u00e0 h\u1ec7 th\u1ed1ng kh\u00e1c nhau. Massage ch\u00e2n c\u00f3 th\u1ec3 th\u01b0 gi\u00e3n s\u00e2u v\u00e0 tr\u1ebb h\u00f3a, mang l\u1ea1i l\u1ee3i \u00edch c\u1ea3 v\u1ec1 th\u1ec3 ch\u1ea5t v\u00e0 tinh th\u1ea7n.  <\/p>\n<h3>L\u1ee3i \u00edch c\u1ee7a vi\u1ec7c massage ch\u00e2n<\/h3>\n<ol>\n<li><strong>Gi\u1ea3m c\u0103ng th\u1eb3ng<\/strong> : Gi\u1ea3m c\u0103ng th\u1eb3ng v\u00e0 th\u00fac \u0111\u1ea9y s\u1ef1 th\u01b0 gi\u00e3n.<\/li>\n<li><strong>C\u1ea3i thi\u1ec7n l\u01b0u th\u00f4ng<\/strong> : T\u0103ng c\u01b0\u1eddng l\u01b0u l\u01b0\u1ee3ng m\u00e1u v\u00e0 b\u1ea1ch huy\u1ebft.<\/li>\n<li><strong>Gi\u1ea3m \u0111au<\/strong> : L\u00e0m gi\u1ea3m \u0111au v\u00e0 kh\u00f3 ch\u1ecbu \u1edf b\u00e0n ch\u00e2n v\u00e0 c\u1eb3ng ch\u00e2n.<\/li>\n<li><strong>T\u0103ng c\u01b0\u1eddng n\u0103ng l\u01b0\u1ee3ng<\/strong> : T\u0103ng m\u1ee9c n\u0103ng l\u01b0\u1ee3ng v\u00e0 gi\u1ea3m m\u1ec7t m\u1ecfi.<\/li>\n<li><strong>Th\u00fac \u0111\u1ea9y gi\u1ea5c ng\u1ee7<\/strong> : C\u1ea3i thi\u1ec7n ch\u1ea5t l\u01b0\u1ee3ng v\u00e0 th\u1eddi gian ng\u1ee7.<\/li>\n<li><strong>C\u1ea3i thi\u1ec7n t\u00e2m tr\u1ea1ng<\/strong> : N\u00e2ng cao t\u00e2m tr\u1ea1ng v\u00e0 gi\u1ea3m lo \u00e2u.<\/li>\n<\/ol>\n<h3>T\u1ea1i sao n\u00ean ch\u1ecdn massage ch\u00e2n?<\/h3>\n<p>Ch\u1ecdn Massage ch\u00e2n v\u00ec nh\u1eefng l\u1ee3i \u00edch s\u1ee9c kh\u1ecfe to\u00e0n di\u1ec7n v\u01b0\u1ee3t ra ngo\u00e0i b\u00e0n ch\u00e2n. Th\u1ef1c h\u00e0nh n\u00e0y kh\u00f4ng ch\u1ec9 gi\u1ea3i quy\u1ebft t\u00ecnh tr\u1ea1ng \u0111au v\u00e0 kh\u00f3 ch\u1ecbu \u1edf b\u00e0n ch\u00e2n m\u00e0 c\u00f2n th\u00fac \u0111\u1ea9y s\u1ee9c kh\u1ecfe t\u1ed5ng th\u1ec3 b\u1eb1ng c\u00e1ch k\u00edch th\u00edch c\u00e1c \u0111i\u1ec3m ph\u1ea3n x\u1ea1 t\u01b0\u01a1ng \u1ee9ng v\u1edbi c\u00e1c h\u1ec7 th\u1ed1ng c\u01a1 th\u1ec3 kh\u00e1c nhau. \u0110\u00f3 l\u00e0 m\u1ed9t l\u1ef1a ch\u1ecdn tuy\u1ec7t v\u1eddi cho nh\u1eefng ai \u0111ang t\u00ecm ki\u1ebfm m\u1ed9t c\u00e1ch ti\u1ebfp c\u1eadn to\u00e0n di\u1ec7n v\u1ec1 s\u1ee9c kh\u1ecfe v\u00e0 th\u01b0 gi\u00e3n.  <\/p>\n<h3>\u0110\u1ec1 xu\u1ea5t<\/h3>\n<ul>\n<li>Th\u00edch h\u1ee3p cho nh\u1eefng ng\u01b0\u1eddi b\u1ecb \u0111au ch\u00e2n, vi\u00eam c\u00e2n gan ch\u00e2n ho\u1eb7c m\u1ecfi ch\u00e2n.<\/li>\n<li>Ph\u00f9 h\u1ee3p v\u1edbi nh\u1eefng ng\u01b0\u1eddi mu\u1ed1n gi\u1ea3m c\u0103ng th\u1eb3ng v\u00e0 c\u1ea3i thi\u1ec7n gi\u1ea5c ng\u1ee7.<\/li>\n<li>C\u00f3 l\u1ee3i cho vi\u1ec7c t\u0103ng c\u01b0\u1eddng l\u01b0u th\u00f4ng m\u00e1u v\u00e0 m\u1ee9c n\u0103ng l\u01b0\u1ee3ng t\u1ed5ng th\u1ec3.<\/li>\n<\/ul>\n<h3>Tr\u1ea3i nghi\u1ec7m d\u1ecbch v\u1ee5 massage ch\u00e2n t\u1ea1i Nakee Massage &amp; Spa<\/h3>\n<p>T\u1ea1i Nakee Massage &amp; Spa, c\u00e1c nh\u00e0 tr\u1ecb li\u1ec7u l\u00e0nh ngh\u1ec1 c\u1ee7a ch\u00fang t\u00f4i cung c\u1ea5p d\u1ecbch v\u1ee5 Massage ch\u00e2n t\u1ed1t nh\u1ea5t v\u00e0 \u0111\u00edch th\u1ef1c nh\u1ea5t. S\u1eed d\u1ee5ng c\u00e1c k\u1ef9 thu\u1eadt b\u1ea5m huy\u1ec7t truy\u1ec1n th\u1ed1ng, ch\u00fang k\u00edch th\u00edch c\u00e1c \u0111i\u1ec3m c\u1ee5 th\u1ec3 tr\u00ean b\u00e0n ch\u00e2n c\u1ee7a b\u1ea1n \u0111\u1ec3 t\u0103ng c\u01b0\u1eddng s\u1ee9c kh\u1ecfe v\u00e0 th\u01b0 gi\u00e3n tr\u00ean to\u00e0n c\u01a1 th\u1ec3. T\u1eadn h\u01b0\u1edfng tr\u1ea3i nghi\u1ec7m th\u01b0 gi\u00e3n v\u00e0 tr\u1ebb h\u00f3a s\u00e2u s\u1eafc trong m\u00f4i tr\u01b0\u1eddng spa thanh b\u00ecnh c\u1ee7a ch\u00fang t\u00f4i, gi\u00fap b\u1ea1n s\u1ea3ng kho\u00e1i v\u00e0 tr\u00e0n \u0111\u1ea7y s\u1ee9c s\u1ed1ng.  <\/p>\n<p>&nbsp;<\/p>\n","protected":false},"excerpt":{"rendered":"<p>Massage ch\u00e2n k\u00edch th\u00edch c\u00e1c \u0111i\u1ec3m ph\u1ea3n x\u1ea1 tr\u00ean b\u00e0n ch\u00e2n \u0111\u1ec3 gi\u1ea3m c\u0103ng th\u1eb3ng, c\u1ea3i thi\u1ec7n tu\u1ea7n ho\u00e0n v\u00e0 t\u0103ng c\u01b0\u1eddng s\u1ee9c kh\u1ecfe t\u1ed5ng th\u1ec3.<\/p>\n<p>&nbsp;<\/p>\n","protected":false},"featured_media":13006,"template":"","meta":{"_acf_changed":false,"wds_primary_product_brand":0,"wds_primary_product_cat":0},"product_brand":[],"product_cat":[135],"product_tag":[525,514,508,526,530,524,520,512,882,791,523,522,527,518,759,529,778,528,843,516],"class_list":{"0":"post-6504","1":"product","2":"type-product","3":"status-publish","4":"has-post-thumbnail","6":"product_cat-mat-xa","7":"product_tag-massage-tot-nhat-gan-toi","8":"product_tag-gia-massage-koh-samui","9":"product_tag-massage-koh-samui","10":"product_tag-massage-o-koh-samui","11":"product_tag-massage-o-koh-samui-thai-lan","12":"product_tag-massage-thai-gan-toi","13":"product_tag-massage-thai-koh-samui-vi","14":"product_tag-massage-thai-koh-samui","15":"product_tag-massage-thai-o-bo-phut","16":"product_tag-massage-thai-o-choengmon","17":"product_tag-massage-toan-than","18":"product_tag-massage-toan-than-koh-samui","19":"product_tag-massage-tot-nhat-chaweng","20":"product_tag-massage-tot-nhat-koh-samui","21":"product_tag-massage-tot-nhat-o-bo-phut","22":"product_tag-massage-tot-nhat-o-chaweng","23":"product_tag-massage-tot-nhat-o-choengmon","24":"product_tag-massage-tot-nhat-o-koh-samui","25":"product_tag-salon-massage","26":"product_tag-tiem-mat-xa-koh-samui","27":"pa_duration-120-phut","28":"pa_duration-60-phut","29":"pa_duration-90-phut","30":"pa_massage-massage-dau","31":"pa_menu-category-cac-lieu-phap-thai-truyen-thong","32":"pa_types-thu-gian-binh-tinh","34":"first","35":"instock","36":"shipping-taxable","37":"purchasable","38":"product-type-variable"},"acf":[],"_links":{"self":[{"href":"https:\/\/www.nakee.spa\/vi\/wp-json\/wp\/v2\/product\/6504","targetHints":{"allow":["GET"]}}],"collection":[{"href":"https:\/\/www.nakee.spa\/vi\/wp-json\/wp\/v2\/product"}],"about":[{"href":"https:\/\/www.nakee.spa\/vi\/wp-json\/wp\/v2\/types\/product"}],"wp:featuredmedia":[{"embeddable":true,"href":"https:\/\/www.nakee.spa\/vi\/wp-json\/wp\/v2\/media\/13006"}],"wp:attachment":[{"href":"https:\/\/www.nakee.spa\/vi\/wp-json\/wp\/v2\/media?parent=6504"}],"wp:term":[{"taxonomy":"product_brand","embeddable":true,"href":"https:\/\/www.nakee.spa\/vi\/wp-json\/wp\/v2\/product_brand?post=6504"},{"taxonomy":"product_cat","embeddable":true,"href":"https:\/\/www.nakee.spa\/vi\/wp-json\/wp\/v2\/product_cat?post=6504"},{"taxonomy":"product_tag","embeddable":true,"href":"https:\/\/www.nakee.spa\/vi\/wp-json\/wp\/v2\/product_tag?post=6504"}],"curies":[{"name":"wp","href":"https:\/\/api.w.org\/{rel}","templated":true}]}}