{"id":6551,"date":"2024-07-06T11:01:51","date_gmt":"2024-07-06T11:01:51","guid":{"rendered":"https:\/\/www.nakee.spa\/product\/goi-bliss-ky-la\/"},"modified":"2025-11-14T11:56:54","modified_gmt":"2025-11-14T04:56:54","slug":"goi-bliss-ky-la","status":"publish","type":"product","link":"https:\/\/www.nakee.spa\/vi\/s\u1ea3n-ph\u1ea9m\/goi-bliss-ky-la\/","title":{"rendered":"G\u00f3i Bliss k\u1ef3 l\u1ea1"},"content":{"rendered":"<h3>G\u00f3i Exotic Bliss l\u00e0 g\u00ec?<\/h3>\n<p>G\u00f3i Exotic Bliss k\u1ebft h\u1ee3p nh\u1eefng g\u00ec t\u1ed1t nh\u1ea5t c\u1ee7a c\u1ea3 hai th\u1ebf gi\u1edbi: Massage Th\u00e1i \u0111\u00edch th\u1ef1c v\u00e0 Massage d\u1ea7u d\u1eeba nh\u1eb9 nh\u00e0ng. G\u00f3i \u0111\u1ed9c \u0111\u00e1o n\u00e0y cung c\u1ea5p m\u1ed9t c\u00e1ch ti\u1ebfp c\u1eadn to\u00e0n di\u1ec7n \u0111\u1ec3 th\u01b0 gi\u00e3n v\u00e0 tr\u1ebb h\u00f3a. <\/p>\n<h3>L\u1ee3i \u00edch c\u1ee7a G\u00f3i Exotic Bliss<\/h3>\n<p>Th\u00e0nh ph\u1ea7n Massage Th\u00e1i s\u1eed d\u1ee5ng c\u00e1c k\u1ef9 thu\u1eadt truy\u1ec1n th\u1ed1ng \u0111\u1ec3 c\u1ea3i thi\u1ec7n t\u00ednh linh ho\u1ea1t, gi\u1ea3m c\u0103ng c\u01a1 v\u00e0 th\u00fac \u0111\u1ea9y s\u1ee9c kh\u1ecfe t\u1ed5ng th\u1ec3. Massage d\u1ea7u d\u1eeba, s\u1eed d\u1ee5ng d\u1ea7u d\u1eeba t\u1ef1 l\u00e0m 100% t\u1ef1 nhi\u00ean t\u1eeb Koh Samui, d\u01b0\u1ee1ng \u1ea9m cho da, t\u0103ng c\u01b0\u1eddng th\u01b0 gi\u00e3n v\u00e0 gi\u00fap b\u1ea1n c\u1ea3m th\u1ea5y s\u1ea3ng kho\u00e1i v\u00e0 tr\u00e0n \u0111\u1ea7y s\u1ee9c s\u1ed1ng. <\/p>\n<h3>T\u1ea1i sao n\u00ean ch\u1ecdn g\u00f3i Exotic Bliss?<\/h3>\n<p>Ch\u1ecdn g\u00f3i Exotic Bliss \u0111\u1ea3m b\u1ea3o b\u1ea1n tr\u1ea3i nghi\u1ec7m t\u1ed1t nh\u1ea5t trong c\u00e1c ph\u01b0\u01a1ng ph\u00e1p ch\u0103m s\u00f3c s\u1ee9c kh\u1ecfe \u0111\u00edch th\u1ef1c c\u1ee7a Th\u00e1i Lan. S\u1ef1 k\u1ebft h\u1ee3p gi\u1eefa Massage Th\u00e1i v\u00e0 Massage d\u1ea7u d\u1eeba kh\u00f4ng ch\u1ec9 gi\u00fap gi\u1ea3i t\u1ecfa th\u1ec3 ch\u1ea5t m\u00e0 c\u00f2n th\u00fac \u0111\u1ea9y s\u1ef1 th\u01b0 gi\u00e3n tinh th\u1ea7n, khi\u1ebfn n\u00f3 tr\u1edf th\u00e0nh s\u1ef1 l\u1ef1a ch\u1ecdn ho\u00e0n h\u1ea3o cho tr\u1ea3i nghi\u1ec7m to\u00e0n di\u1ec7n v\u00e0 tr\u1ebb h\u00f3a t\u1ea1i Nakee Massage &amp; Spa. <\/p>\n<p><strong>Gi\u1edbi thi\u1ec7u v\u1ec1 d\u1ea7u d\u1eeba Nakee<\/strong>: D\u1ea7u d\u1eeba \u0111\u1eb7c bi\u1ec7t c\u1ee7a ch\u00fang t\u00f4i \u0111\u01b0\u1ee3c l\u00e0m t\u1eeb d\u1eeba tr\u1ed3ng tr\u00ean \u0111\u1ea3o Koh Samui. D\u1ea7u d\u1eeba h\u1eefu c\u01a1 nguy\u00ean ch\u1ea5t 100% t\u1ef1 nhi\u00ean, t\u1ef1 l\u00e0m n\u00e0y \u0111\u1ea3m b\u1ea3o tr\u1ea3i nghi\u1ec7m thu\u1ea7n khi\u1ebft v\u00e0 ch\u00e2n th\u1ef1c. M\u00f9i h\u01b0\u01a1ng d\u1ec5 ch\u1ecbu gi\u00fap t\u0103ng c\u01b0\u1eddng th\u01b0 gi\u00e3n v\u00e0 l\u00e0m cho vi\u1ec7c m\u00e1t-xa c\u1ee7a b\u1ea1n tr\u1edf n\u00ean th\u00fa v\u1ecb h\u01a1n.  <\/p>\n<p>Tr\u1ea3i nghi\u1ec7m th\u01b0 gi\u00e3n tuy\u1ec7t v\u1eddi v\u1edbi g\u00f3i Exotic Bliss c\u1ee7a ch\u00fang t\u00f4i, n\u01a1i t\u00ednh ch\u00e2n th\u1ef1c k\u1ebft h\u1ee3p v\u1edbi s\u1ef1 sang tr\u1ecdng cho s\u1ee9c kh\u1ecfe c\u1ee7a b\u1ea1n.<\/p>\n","protected":false},"excerpt":{"rendered":"<p>Kh\u00e1m ph\u00e1 nh\u1eefng \u0111i\u1ec1u t\u1ed1t nh\u1ea5t c\u1ee7a c\u1ea3 hai th\u1ebf gi\u1edbi v\u1edbi g\u00f3i Exotic Bliss c\u1ee7a ch\u00fang t\u00f4i, s\u1ef1 pha tr\u1ed9n ho\u00e0n h\u1ea3o gi\u1eefa Massage Th\u00e1i ch\u00ednh th\u1ed1ng v\u00e0 Massage d\u1ea7u d\u1eeba. S\u1ef1 k\u1ebft h\u1ee3p \u0111\u1ed9c \u0111\u00e1o n\u00e0y mang \u0111\u1ebfn tr\u1ea3i nghi\u1ec7m th\u01b0 gi\u00e3n s\u00e2u s\u1eafc, s\u1eed d\u1ee5ng c\u00e1c k\u1ef9 thu\u1eadt truy\u1ec1n th\u1ed1ng c\u1ee7a Th\u00e1i Lan v\u00e0 nh\u1eefng l\u1ee3i \u00edch l\u00e0m d\u1ecbu c\u1ee7a d\u1ea7u d\u1eeba t\u1ef1 l\u00e0m 100% t\u1ef1 nhi\u00ean t\u1eeb Koh Samui. T\u0103ng c\u01b0\u1eddng s\u1ee9c kh\u1ecfe v\u00e0 tr\u1ebb h\u00f3a c\u01a1 th\u1ec3 v\u1edbi g\u00f3i massage \u0111\u00edch th\u1ef1c t\u1ed1t nh\u1ea5t. Tr\u1ea3i nghi\u1ec7m s\u1ef1 th\u01b0 gi\u00e3n tuy\u1ec7t v\u1eddi v\u00e0 c\u1ea3m nh\u1eadn s\u1ef1 kh\u00e1c bi\u1ec7t v\u1edbi g\u00f3i Exotic Bliss c\u1ee7a Nakee Massage &amp; Spa.   <\/p>\n","protected":false},"featured_media":908,"template":"","meta":{"_acf_changed":false,"wds_primary_product_brand":0,"wds_primary_product_cat":0},"product_brand":[],"product_cat":[468],"product_tag":[525,514,508,526,530,524,520,512,882,791,523,522,527,518,759,529,778,528,843,516],"class_list":{"0":"post-6551","1":"product","2":"type-product","3":"status-publish","4":"has-post-thumbnail","6":"product_cat-goi","7":"product_tag-massage-tot-nhat-gan-toi","8":"product_tag-gia-massage-koh-samui","9":"product_tag-massage-koh-samui","10":"product_tag-massage-o-koh-samui","11":"product_tag-massage-o-koh-samui-thai-lan","12":"product_tag-massage-thai-gan-toi","13":"product_tag-massage-thai-koh-samui-vi","14":"product_tag-massage-thai-koh-samui","15":"product_tag-massage-thai-o-bo-phut","16":"product_tag-massage-thai-o-choengmon","17":"product_tag-massage-toan-than","18":"product_tag-massage-toan-than-koh-samui","19":"product_tag-massage-tot-nhat-chaweng","20":"product_tag-massage-tot-nhat-koh-samui","21":"product_tag-massage-tot-nhat-o-bo-phut","22":"product_tag-massage-tot-nhat-o-chaweng","23":"product_tag-massage-tot-nhat-o-choengmon","24":"product_tag-massage-tot-nhat-o-koh-samui","25":"product_tag-salon-massage","26":"product_tag-tiem-mat-xa-koh-samui","27":"pa_duration-120-phut","28":"pa_duration-60-phut","29":"pa_massage-dau-dua","30":"pa_massage-massage-thai","31":"pa_menu-category-thu-gian-voi-tinh-dau-huong-thom","32":"pa_types-keo-gian-phong-cach-thai","34":"first","35":"instock","36":"shipping-taxable","37":"purchasable","38":"product-type-variable"},"acf":[],"_links":{"self":[{"href":"https:\/\/www.nakee.spa\/vi\/wp-json\/wp\/v2\/product\/6551","targetHints":{"allow":["GET"]}}],"collection":[{"href":"https:\/\/www.nakee.spa\/vi\/wp-json\/wp\/v2\/product"}],"about":[{"href":"https:\/\/www.nakee.spa\/vi\/wp-json\/wp\/v2\/types\/product"}],"wp:featuredmedia":[{"embeddable":true,"href":"https:\/\/www.nakee.spa\/vi\/wp-json\/wp\/v2\/media\/908"}],"wp:attachment":[{"href":"https:\/\/www.nakee.spa\/vi\/wp-json\/wp\/v2\/media?parent=6551"}],"wp:term":[{"taxonomy":"product_brand","embeddable":true,"href":"https:\/\/www.nakee.spa\/vi\/wp-json\/wp\/v2\/product_brand?post=6551"},{"taxonomy":"product_cat","embeddable":true,"href":"https:\/\/www.nakee.spa\/vi\/wp-json\/wp\/v2\/product_cat?post=6551"},{"taxonomy":"product_tag","embeddable":true,"href":"https:\/\/www.nakee.spa\/vi\/wp-json\/wp\/v2\/product_tag?post=6551"}],"curies":[{"name":"wp","href":"https:\/\/api.w.org\/{rel}","templated":true}]}}