{"id":6605,"date":"2024-07-09T10:25:25","date_gmt":"2024-07-09T10:25:25","guid":{"rendered":"https:\/\/www.nakee.spa\/product\/goi-am-ap-thoai-mai\/"},"modified":"2025-11-14T01:55:32","modified_gmt":"2025-11-13T18:55:32","slug":"goi-am-ap-thoai-mai","status":"publish","type":"product","link":"https:\/\/www.nakee.spa\/vi\/s\u1ea3n-ph\u1ea9m\/goi-am-ap-thoai-mai\/","title":{"rendered":"G\u00f3i \u1ea5m \u00e1p tho\u1ea3i m\u00e1i"},"content":{"rendered":"<p><strong>G\u00f3i \u1ea4m \u00e1p Tho\u1ea3i m\u00e1i l\u00e0 g\u00ec?<\/strong><\/p>\n<p>G\u00f3i Warm Comfort k\u1ebft h\u1ee3p nh\u1eefng g\u00ec t\u1ed1t nh\u1ea5t c\u1ee7a Massage Th\u00e1i truy\u1ec1n th\u1ed1ng v\u00e0 Massage d\u1ea7u n\u00f3ng \u0111\u00edch th\u1ef1c, mang \u0111\u1ebfn tr\u1ea3i nghi\u1ec7m th\u01b0 gi\u00e3n \u0111\u1ed9c \u0111\u00e1o v\u00e0 s\u00e2u s\u1eafc.<\/p>\n<p><strong>L\u1ee3i \u00edch c\u1ee7a G\u00f3i \u1ea4m \u00e1p Tho\u1ea3i m\u00e1i:<\/strong><\/p>\n<ul>\n<li><strong>Th\u01b0 gi\u00e3n s\u00e2u:<\/strong> H\u01a1i \u1ea5m c\u1ee7a d\u1ea7u n\u00f3ng th\u1ea5m s\u00e2u v\u00e0o c\u01a1, l\u00e0m gi\u1ea3m c\u0103ng th\u1eb3ng v\u00e0 th\u00fac \u0111\u1ea9y th\u01b0 gi\u00e3n.<\/li>\n<li><strong>T\u0103ng c\u01b0\u1eddng t\u00ednh linh ho\u1ea1t:<\/strong> C\u00e1c k\u1ef9 thu\u1eadt massage Th\u00e1i gi\u00fap k\u00e9o gi\u00e3n v\u00e0 n\u1edbi l\u1ecfng c\u01a1, c\u1ea3i thi\u1ec7n t\u00ednh linh ho\u1ea1t v\u00e0 gi\u1ea3m t\u00ecnh tr\u1ea1ng c\u1ee9ng c\u01a1.<\/li>\n<li><strong>C\u1ea3i thi\u1ec7n l\u01b0u th\u00f4ng m\u00e1u:<\/strong> S\u1ef1 k\u1ebft h\u1ee3p gi\u1eefa massage v\u00e0 d\u1ea7u n\u00f3ng k\u00edch th\u00edch l\u01b0u th\u00f4ng m\u00e1u, t\u0103ng c\u01b0\u1eddng l\u01b0u th\u00f4ng m\u00e1u v\u00e0 th\u00fac \u0111\u1ea9y s\u1ee9c kh\u1ecfe t\u1ed5ng th\u1ec3.<\/li>\n<li><strong>Gi\u1ea3m c\u0103ng th\u1eb3ng:<\/strong> S\u1ef1 t\u00e1c \u0111\u1ed9ng nh\u1eb9 nh\u00e0ng c\u1ee7a c\u00e1c chuy\u00ean gia tr\u1ecb li\u1ec7u l\u00e0nh ngh\u1ec1 k\u1ebft h\u1ee3p v\u1edbi h\u01a1i \u1ea5m c\u1ee7a d\u1ea7u n\u00f3ng mang l\u1ea1i t\u00e1c d\u1ee5ng l\u00e0m d\u1ecbu, gi\u1ea3m c\u0103ng th\u1eb3ng v\u00e0 lo l\u1eafng.<\/li>\n<\/ul>\n<p><strong>T\u1ea1i sao n\u00ean ch\u1ecdn g\u00f3i \u1ea4m \u00e1p tho\u1ea3i m\u00e1i?<\/strong><\/p>\n<p>G\u00f3i n\u00e0y ho\u00e0n h\u1ea3o cho nh\u1eefng ai \u0111ang t\u00ecm ki\u1ebfm tr\u1ea3i nghi\u1ec7m m\u00e1t-xa to\u00e0n di\u1ec7n v\u00e0 h\u1ea5p d\u1eabn. S\u1ee9c m\u1ea1nh t\u1ed5ng h\u1ee3p c\u1ee7a Massage Th\u00e1i v\u00e0 Massage d\u1ea7u n\u00f3ng kh\u00f4ng ch\u1ec9 nh\u1eafm v\u00e0o c\u0103ng c\u01a1 m\u00e0 c\u00f2n mang l\u1ea1i m\u1ed9t li\u1ec7u ph\u00e1p th\u01b0 gi\u00e3n v\u00e0 tr\u1ebb h\u00f3a s\u00e2u s\u1eafc. L\u00fd t\u01b0\u1edfng cho nh\u1eefng c\u00e1 nh\u00e2n mu\u1ed1n th\u01b0 gi\u00e3n, gi\u1ea3m c\u0103ng th\u1eb3ng v\u00e0 c\u1ea3i thi\u1ec7n s\u1ee9c kh\u1ecfe th\u1ec3 ch\u1ea5t v\u00e0 tinh th\u1ea7n c\u1ee7a h\u1ecd.  <\/p>\n<p>&nbsp;<\/p>\n<p>Tr\u1ea3i nghi\u1ec7m nh\u1eefng \u0111i\u1ec1u tuy\u1ec7t v\u1eddi nh\u1ea5t c\u1ee7a c\u1ea3 hai th\u1ebf gi\u1edbi v\u1edbi G\u00f3i Warm Comfort c\u1ee7a ch\u00fang t\u00f4i, n\u01a1i c\u00e1c k\u1ef9 thu\u1eadt truy\u1ec1n th\u1ed1ng c\u1ee7a Massage Th\u00e1i \u0111\u00e1p \u1ee9ng nh\u1eefng l\u1ee3i \u00edch nh\u1eb9 nh\u00e0ng c\u1ee7a Massage d\u1ea7u n\u00f3ng, \u0111\u1ea3m b\u1ea3o tr\u1ea3i nghi\u1ec7m massage \u0111\u00edch th\u1ef1c v\u00e0 v\u00f4 song.<\/p>\n","protected":false},"excerpt":{"rendered":"<p>Tr\u1ea3i nghi\u1ec7m truy\u1ec1n th\u1ed1ng Th\u00e1i Lan tuy\u1ec7t v\u1eddi nh\u1ea5t v\u1edbi g\u00f3i Warm Comfort c\u1ee7a ch\u00fang t\u00f4i, s\u1ef1 pha tr\u1ed9n ho\u00e0n h\u1ea3o gi\u1eefa Massage Th\u00e1i v\u00e0 Massage d\u1ea7u n\u00f3ng. Ph\u01b0\u01a1ng ph\u00e1p \u0111i\u1ec1u tr\u1ecb \u0111\u00edch th\u1ef1c n\u00e0y k\u1ebft h\u1ee3p c\u00e1c l\u1ee3i \u00edch tr\u1ecb li\u1ec7u c\u1ee7a c\u00e1c k\u1ef9 thu\u1eadt truy\u1ec1n th\u1ed1ng c\u1ee7a Th\u00e1i Lan v\u1edbi s\u1ef1 \u1ea5m \u00e1p nh\u1eb9 nh\u00e0ng c\u1ee7a d\u1ea7u n\u00f3ng, mang l\u1ea1i s\u1ef1 th\u01b0 gi\u00e3n s\u00e2u, gi\u1ea3m c\u0103ng th\u1eb3ng v\u00e0 c\u1ea3i thi\u1ec7n tu\u1ea7n ho\u00e0n. L\u00fd t\u01b0\u1edfng cho nh\u1eefng ai \u0111ang t\u00ecm ki\u1ebfm tr\u1ea3i nghi\u1ec7m tr\u1ebb h\u00f3a th\u1ef1c s\u1ef1, c\u00e1c bu\u1ed5i h\u1ecdc k\u00e9o d\u00e0i 60 ho\u1eb7c 120 ph\u00fat c\u1ee7a ch\u00fang t\u00f4i \u0111\u1ea3m b\u1ea3o b\u1ea1n mang l\u1ea1i c\u1ea3m gi\u00e1c tr\u00e0n \u0111\u1ea7y s\u1ee9c s\u1ed1ng v\u00e0 m\u1edbi m\u1ebb. T\u1eadn h\u01b0\u1edfng s\u1ef1 tho\u1ea3i m\u00e1i t\u1ed1i \u0111a v\u00e0 kh\u00e1m ph\u00e1 s\u1ee9c m\u1ea1nh ch\u1eefa b\u1ec7nh \u0111\u1ed9c \u0111\u00e1o c\u1ee7a c\u00e1c li\u1ec7u ph\u00e1p m\u00e1t-xa \u0111\u1eb7c tr\u01b0ng c\u1ee7a ch\u00fang t\u00f4i.   <\/p>\n","protected":false},"featured_media":919,"template":"","meta":{"_acf_changed":false,"wds_primary_product_brand":0,"wds_primary_product_cat":0},"product_brand":[],"product_cat":[468],"product_tag":[525,514,508,526,530,524,520,512,882,791,523,522,527,518,759,529,778,528,843,516],"class_list":{"0":"post-6605","1":"product","2":"type-product","3":"status-publish","4":"has-post-thumbnail","6":"product_cat-goi","7":"product_tag-massage-tot-nhat-gan-toi","8":"product_tag-gia-massage-koh-samui","9":"product_tag-massage-koh-samui","10":"product_tag-massage-o-koh-samui","11":"product_tag-massage-o-koh-samui-thai-lan","12":"product_tag-massage-thai-gan-toi","13":"product_tag-massage-thai-koh-samui-vi","14":"product_tag-massage-thai-koh-samui","15":"product_tag-massage-thai-o-bo-phut","16":"product_tag-massage-thai-o-choengmon","17":"product_tag-massage-toan-than","18":"product_tag-massage-toan-than-koh-samui","19":"product_tag-massage-tot-nhat-chaweng","20":"product_tag-massage-tot-nhat-koh-samui","21":"product_tag-massage-tot-nhat-o-bo-phut","22":"product_tag-massage-tot-nhat-o-chaweng","23":"product_tag-massage-tot-nhat-o-choengmon","24":"product_tag-massage-tot-nhat-o-koh-samui","25":"product_tag-salon-massage","26":"product_tag-tiem-mat-xa-koh-samui","27":"pa_duration-120-phut","28":"pa_duration-60-phut","29":"pa_massage-dau-nong","30":"pa_massage-massage-thai","31":"pa_menu-category-thu-gian-voi-tinh-dau-huong-thom","32":"pa_types-keo-gian-phong-cach-thai","34":"first","35":"instock","36":"shipping-taxable","37":"purchasable","38":"product-type-variable"},"acf":[],"_links":{"self":[{"href":"https:\/\/www.nakee.spa\/vi\/wp-json\/wp\/v2\/product\/6605","targetHints":{"allow":["GET"]}}],"collection":[{"href":"https:\/\/www.nakee.spa\/vi\/wp-json\/wp\/v2\/product"}],"about":[{"href":"https:\/\/www.nakee.spa\/vi\/wp-json\/wp\/v2\/types\/product"}],"wp:featuredmedia":[{"embeddable":true,"href":"https:\/\/www.nakee.spa\/vi\/wp-json\/wp\/v2\/media\/919"}],"wp:attachment":[{"href":"https:\/\/www.nakee.spa\/vi\/wp-json\/wp\/v2\/media?parent=6605"}],"wp:term":[{"taxonomy":"product_brand","embeddable":true,"href":"https:\/\/www.nakee.spa\/vi\/wp-json\/wp\/v2\/product_brand?post=6605"},{"taxonomy":"product_cat","embeddable":true,"href":"https:\/\/www.nakee.spa\/vi\/wp-json\/wp\/v2\/product_cat?post=6605"},{"taxonomy":"product_tag","embeddable":true,"href":"https:\/\/www.nakee.spa\/vi\/wp-json\/wp\/v2\/product_tag?post=6605"}],"curies":[{"name":"wp","href":"https:\/\/api.w.org\/{rel}","templated":true}]}}