{"id":6665,"date":"2024-07-09T10:31:43","date_gmt":"2024-07-09T10:31:43","guid":{"rendered":"https:\/\/www.nakee.spa\/product\/goi-tri-lieu-bang-da\/"},"modified":"2025-05-22T23:47:48","modified_gmt":"2025-05-22T16:47:48","slug":"goi-tri-lieu-bang-da","status":"publish","type":"product","link":"https:\/\/www.nakee.spa\/vi\/s\u1ea3n-ph\u1ea9m\/goi-tri-lieu-bang-da\/","title":{"rendered":"G\u00f3i tr\u1ecb li\u1ec7u b\u1eb1ng \u0111\u00e1"},"content":{"rendered":"<p><strong>G\u00f3i tr\u1ecb li\u1ec7u b\u1eb1ng \u0111\u00e1 l\u00e0 g\u00ec?<\/strong><\/p>\n<p>G\u00f3i tr\u1ecb li\u1ec7u b\u1eb1ng \u0111\u00e1 mang \u0111\u1ebfn nh\u1eefng g\u00ec t\u1ed1t nh\u1ea5t c\u1ee7a c\u1ea3 hai th\u1ebf gi\u1edbi b\u1eb1ng c\u00e1ch k\u1ebft h\u1ee3p Massage \u0111\u00e1 n\u00f3ng \u0111\u00edch th\u1ef1c v\u1edbi c\u00e1c l\u1ee3i \u00edch l\u00e0m d\u1ecbu c\u1ee7a d\u1ea7u d\u1eeba. S\u1ef1 pha tr\u1ed9n \u0111\u1ed9c \u0111\u00e1o c\u1ee7a c\u00e1c k\u1ef9 thu\u1eadt n\u00e0y mang \u0111\u1ebfn tr\u1ea3i nghi\u1ec7m th\u01b0 gi\u00e3n v\u00f4 song. <\/p>\n<p><strong>L\u1ee3i \u00edch c\u1ee7a G\u00f3i tr\u1ecb li\u1ec7u b\u1eb1ng \u0111\u00e1:<\/strong><\/p>\n<ul>\n<li><strong>Th\u01b0 gi\u00e3n s\u00e2u:<\/strong> Nhi\u1ec7t t\u1eeb \u0111\u00e1 th\u1ea5m v\u00e0o c\u01a1, l\u00e0m gi\u1ea3m c\u0103ng th\u1eb3ng v\u00e0 stress.<\/li>\n<li><strong>Gi\u1ea3m \u0111au c\u01a1 hi\u1ec7u qu\u1ea3:<\/strong> \u0110\u00e1 n\u00f3ng v\u00e0 d\u1ea7u d\u1eeba k\u1ebft h\u1ee3p v\u1edbi nhau gi\u00fap gi\u1ea3m c\u1ee9ng c\u01a1 v\u00e0 c\u1ea3i thi\u1ec7n tu\u1ea7n ho\u00e0n.<\/li>\n<li><strong>D\u01b0\u1ee1ng ch\u1ea5t t\u1ef1 nhi\u00ean:<\/strong> D\u1ea7u d\u1eeba d\u01b0\u1ee1ng \u1ea9m cho da, gi\u00fap da m\u1ec1m m\u1ea1i v\u00e0 \u0111\u1ee7 n\u01b0\u1edbc.<\/li>\n<li><strong>Gi\u1ea3m c\u0103ng th\u1eb3ng:<\/strong> \u0110\u1ed9 \u1ea5m c\u1ee7a \u0111\u00e1 v\u00e0 \u0111\u1eb7c t\u00ednh l\u00e0m d\u1ecbu c\u1ee7a d\u1ea7u d\u1eeba gi\u00fap gi\u1ea3m lo \u00e2u v\u00e0 th\u00fac \u0111\u1ea9y c\u1ea3m gi\u00e1c kh\u1ecfe m\u1ea1nh.<\/li>\n<\/ul>\n<p><strong>T\u1ea1i sao n\u00ean ch\u1ecdn g\u00f3i tr\u1ecb li\u1ec7u b\u1eb1ng \u0111\u00e1?<\/strong><\/p>\n<p>G\u00f3i n\u00e0y ho\u00e0n h\u1ea3o cho nh\u1eefng ai \u0111ang t\u00ecm ki\u1ebfm m\u1ed9t li\u1ec7u ph\u00e1p th\u01b0 gi\u00e3n v\u00e0 tr\u1ebb h\u00f3a s\u00e2u s\u1eafc. S\u1ef1 k\u1ebft h\u1ee3p gi\u1eefa \u0111\u00e1 n\u00f3ng v\u00e0 d\u1ea7u d\u1eeba \u0111\u1ea3m b\u1ea3o gi\u1ea3i ph\u00f3ng tri\u1ec7t \u0111\u1ec3 c\u0103ng c\u01a1 \u0111\u1ed3ng th\u1eddi cung c\u1ea5p d\u01b0\u1ee1ng ch\u1ea5t t\u1ef1 nhi\u00ean cho da. L\u00fd t\u01b0\u1edfng cho nh\u1eefng c\u00e1 nh\u00e2n mu\u1ed1n th\u01b0 gi\u00e3n v\u00e0 c\u1ea3i thi\u1ec7n s\u1ee9c kh\u1ecfe th\u1ec3 ch\u1ea5t v\u00e0 tinh th\u1ea7n c\u1ee7a h\u1ecd.  <\/p>\n<p>&nbsp;<\/p>\n<p>Tr\u1ea3i nghi\u1ec7m nh\u1eefng \u0111i\u1ec1u tuy\u1ec7t v\u1eddi nh\u1ea5t c\u1ee7a c\u1ea3 hai th\u1ebf gi\u1edbi v\u1edbi G\u00f3i tr\u1ecb li\u1ec7u b\u1eb1ng \u0111\u00e1 c\u1ee7a ch\u00fang t\u00f4i, n\u01a1i nhi\u1ec7t tr\u1ecb li\u1ec7u c\u1ee7a \u0111\u00e1 n\u00f3ng \u0111\u00e1p \u1ee9ng c\u00e1c \u0111\u1eb7c t\u00ednh nu\u00f4i d\u01b0\u1ee1ng c\u1ee7a d\u1ea7u d\u1eeba, mang \u0111\u1ebfn tr\u1ea3i nghi\u1ec7m m\u00e1t-xa \u0111\u00edch th\u1ef1c v\u00e0 th\u01b0 gi\u00e3n s\u00e2u s\u1eafc.<\/p>\n","protected":false},"excerpt":{"rendered":"<p>Tr\u1ea3i nghi\u1ec7m th\u01b0 gi\u00e3n tuy\u1ec7t v\u1eddi nh\u1ea5t v\u1edbi G\u00f3i tr\u1ecb li\u1ec7u b\u1eb1ng \u0111\u00e1 c\u1ee7a ch\u00fang t\u00f4i. K\u1ebft h\u1ee3p Massage \u0111\u00e1 n\u00f3ng \u0111\u00edch th\u1ef1c v\u1edbi d\u1ea7u d\u1eeba l\u00e0m d\u1ecbu, li\u1ec7u ph\u00e1p n\u00e0y gi\u00fap gi\u1ea3m c\u01a1 s\u00e2u, c\u1ea3i thi\u1ec7n tu\u1ea7n ho\u00e0n v\u00e0 nu\u00f4i d\u01b0\u1ee1ng da t\u1ef1 nhi\u00ean. L\u00fd t\u01b0\u1edfng \u0111\u1ec3 gi\u1ea3m c\u0103ng th\u1eb3ng v\u00e0 th\u00fac \u0111\u1ea9y s\u1ee9c kh\u1ecfe t\u1ed5ng th\u1ec3, g\u00f3i n\u00e0y c\u00f3 s\u1eb5n trong c\u00e1c phi\u00ean 60 ho\u1eb7c 120 ph\u00fat. T\u1eadn h\u01b0\u1edfng s\u1ef1 th\u01b0 gi\u00e3n v\u00e0 tr\u1ebb h\u00f3a tuy\u1ec7t v\u1eddi v\u1edbi G\u00f3i tr\u1ecb li\u1ec7u b\u1eb1ng \u0111\u00e1 \u0111\u01b0\u1ee3c ch\u1ebf t\u1ea1o chuy\u00ean nghi\u1ec7p c\u1ee7a ch\u00fang t\u00f4i.   <\/p>\n","protected":false},"featured_media":0,"template":"","meta":{"_acf_changed":false,"wds_primary_product_brand":0,"wds_primary_product_cat":0},"product_brand":[],"product_cat":[468],"product_tag":[525,514,508,526,530,524,520,512,882,791,523,522,527,518,759,529,778,528,843,516],"class_list":{"0":"post-6665","1":"product","2":"type-product","3":"status-publish","5":"product_cat-goi","6":"product_tag-massage-tot-nhat-gan-toi","7":"product_tag-gia-massage-koh-samui","8":"product_tag-massage-koh-samui","9":"product_tag-massage-o-koh-samui","10":"product_tag-massage-o-koh-samui-thai-lan","11":"product_tag-massage-thai-gan-toi","12":"product_tag-massage-thai-koh-samui-vi","13":"product_tag-massage-thai-koh-samui","14":"product_tag-massage-thai-o-bo-phut","15":"product_tag-massage-thai-o-choengmon","16":"product_tag-massage-toan-than","17":"product_tag-massage-toan-than-koh-samui","18":"product_tag-massage-tot-nhat-chaweng","19":"product_tag-massage-tot-nhat-koh-samui","20":"product_tag-massage-tot-nhat-o-bo-phut","21":"product_tag-massage-tot-nhat-o-chaweng","22":"product_tag-massage-tot-nhat-o-choengmon","23":"product_tag-massage-tot-nhat-o-koh-samui","24":"product_tag-salon-massage","25":"product_tag-tiem-mat-xa-koh-samui","26":"pa_duration-120-phut","27":"pa_duration-60-phut","28":"pa_massage-da-nong","29":"pa_massage-dau-dua","31":"first","32":"instock","33":"shipping-taxable","34":"purchasable","35":"product-type-variable"},"acf":[],"_links":{"self":[{"href":"https:\/\/www.nakee.spa\/vi\/wp-json\/wp\/v2\/product\/6665","targetHints":{"allow":["GET"]}}],"collection":[{"href":"https:\/\/www.nakee.spa\/vi\/wp-json\/wp\/v2\/product"}],"about":[{"href":"https:\/\/www.nakee.spa\/vi\/wp-json\/wp\/v2\/types\/product"}],"wp:attachment":[{"href":"https:\/\/www.nakee.spa\/vi\/wp-json\/wp\/v2\/media?parent=6665"}],"wp:term":[{"taxonomy":"product_brand","embeddable":true,"href":"https:\/\/www.nakee.spa\/vi\/wp-json\/wp\/v2\/product_brand?post=6665"},{"taxonomy":"product_cat","embeddable":true,"href":"https:\/\/www.nakee.spa\/vi\/wp-json\/wp\/v2\/product_cat?post=6665"},{"taxonomy":"product_tag","embeddable":true,"href":"https:\/\/www.nakee.spa\/vi\/wp-json\/wp\/v2\/product_tag?post=6665"}],"curies":[{"name":"wp","href":"https:\/\/api.w.org\/{rel}","templated":true}]}}