{"id":6698,"date":"2024-07-09T11:30:24","date_gmt":"2024-07-09T11:30:24","guid":{"rendered":"https:\/\/www.nakee.spa\/product\/goi-lam-moi-doi-chan\/"},"modified":"2025-11-14T01:55:44","modified_gmt":"2025-11-13T18:55:44","slug":"goi-lam-moi-doi-chan","status":"publish","type":"product","link":"https:\/\/www.nakee.spa\/vi\/s\u1ea3n-ph\u1ea9m\/goi-lam-moi-doi-chan\/","title":{"rendered":"G\u00f3i l\u00e0m m\u1edbi \u0111\u00f4i ch\u00e2n"},"content":{"rendered":"<p><strong>Tr\u1ea3i nghi\u1ec7m d\u1ecbch v\u1ee5 ch\u0103m s\u00f3c ch\u00e2n t\u1ed1t nh\u1ea5t v\u1edbi g\u00f3i Refreshed Feet c\u1ee7a ch\u00fang t\u00f4i, s\u1ef1 k\u1ebft h\u1ee3p ho\u00e0n h\u1ea3o gi\u1eefa d\u1ecbch v\u1ee5 T\u1ea9y t\u1ebf b\u00e0o ch\u1ebft cho ch\u00e2n v\u00e0 Massage ch\u00e2n 60 ph\u00fat \u0111\u01b0\u1ee3c thi\u1ebft k\u1ebf \u0111\u1ec3 tr\u1ebb h\u00f3a v\u00e0 ph\u1ee5c h\u1ed3i s\u1ee9c s\u1ed1ng cho \u0111\u00f4i ch\u00e2n c\u1ee7a b\u1ea1n.<\/strong><\/p>\n<h4>Refreshed Feet l\u00e0 g\u00ec?<\/h4>\n<p>G\u00f3i Refreshed Feet cung c\u1ea5p m\u1ed9t ph\u01b0\u01a1ng ph\u00e1p \u0111i\u1ec1u tr\u1ecb ch\u00e2n to\u00e0n di\u1ec7n b\u1eaft \u0111\u1ea7u b\u1eb1ng t\u1ea9y t\u1ebf b\u00e0o ch\u1ebft ti\u1ebfp th\u00eam sinh l\u1ef1c \u0111\u1ec3 t\u1ea9y t\u1ebf b\u00e0o ch\u1ebft v\u00e0 l\u00e0m s\u1ea1ch b\u00e0n ch\u00e2n c\u1ee7a b\u1ea1n, lo\u1ea1i b\u1ecf t\u1ebf b\u00e0o da ch\u1ebft v\u00e0 gi\u00fap l\u00e0n da c\u1ee7a b\u1ea1n m\u1ecbn m\u00e0ng v\u00e0 s\u1ea3ng kho\u00e1i. Ti\u1ebfp theo l\u00e0 massage ch\u00e2n th\u01b0 gi\u00e3n 60 ph\u00fat nh\u1eafm m\u1ee5c ti\u00eau v\u00e0o c\u00e1c \u0111i\u1ec3m \u00e1p l\u1ef1c, gi\u1ea3m c\u0103ng th\u1eb3ng v\u00e0 c\u1ea3i thi\u1ec7n tu\u1ea7n ho\u00e0n. <\/p>\n<h4>L\u1ee3i \u00edch c\u1ee7a vi\u1ec7c l\u00e0m m\u1edbi \u0111\u00f4i ch\u00e2n:<\/h4>\n<ul>\n<li><strong>Th\u01b0 gi\u00e3n t\u1ed1i \u0111a<\/strong> : Massage ch\u00e2n gi\u00fap gi\u1ea3m c\u0103ng th\u1eb3ng v\u00e0 th\u00fac \u0111\u1ea9y th\u01b0 gi\u00e3n s\u00e2u.<\/li>\n<li><strong>C\u1ea3i thi\u1ec7n l\u01b0u th\u00f4ng m\u00e1u<\/strong> : K\u00edch th\u00edch c\u00e1c huy\u1ec7t \u0111\u1ea1o gi\u00fap c\u1ea3i thi\u1ec7n l\u01b0u l\u01b0\u1ee3ng m\u00e1u, gi\u1ea3m s\u01b0ng t\u1ea5y v\u00e0 m\u1ec7t m\u1ecfi.<\/li>\n<li><strong>B\u00e0n ch\u00e2n m\u1ec1m m\u1ea1i, m\u1ecbn m\u00e0ng<\/strong> : Kem t\u1ea9y t\u1ebf b\u00e0o ch\u1ebft cho ch\u00e2n gi\u00fap t\u1ea9y t\u1ebf b\u00e0o ch\u1ebft v\u00e0 tr\u1ebb h\u00f3a l\u00e0n da, gi\u00fap da m\u1ec1m m\u1ea1i v\u00e0 d\u1ebbo dai.<\/li>\n<li><strong>Gi\u1ea3m c\u0103ng th\u1eb3ng<\/strong> : Li\u1ec7u ph\u00e1p massage gi\u00fap gi\u1ea3m c\u0103ng th\u1eb3ng v\u00e0 t\u0103ng c\u01b0\u1eddng s\u1ee9c kh\u1ecfe t\u1ed5ng th\u1ec3.<\/li>\n<\/ul>\n<h4>T\u1ea1i sao n\u00ean ch\u1ecdn Refreshed Feet?<\/h4>\n<p>G\u00f3i n\u00e0y ho\u00e0n h\u1ea3o cho nh\u1eefng ai \u0111ang t\u00ecm ki\u1ebfm tr\u1ea3i nghi\u1ec7m ch\u0103m s\u00f3c ch\u00e2n to\u00e0n di\u1ec7n. S\u1ef1 k\u1ebft h\u1ee3p gi\u1eefa t\u1ea9y t\u1ebf b\u00e0o ch\u1ebft cho ch\u00e2n v\u00e0 massage ch\u00e2n tr\u1ecb li\u1ec7u mang \u0111\u1ebfn s\u1ef1 nu\u00f4ng chi\u1ec1u v\u00e0 th\u01b0 gi\u00e3n t\u1ed1i \u01b0u cho \u0111\u00f4i ch\u00e2n c\u1ee7a b\u1ea1n, khi\u1ebfn n\u00f3 tr\u1edf th\u00e0nh l\u1ef1a ch\u1ecdn t\u1ed1t nh\u1ea5t \u0111\u1ec3 ch\u0103m s\u00f3c ch\u00e2n \u0111\u00edch th\u1ef1c. <\/p>\n<p>Th\u01b0\u1edfng th\u1ee9c g\u00f3i B\u00e0n ch\u00e2n l\u00e0m m\u1edbi v\u00e0 ch\u0103m s\u00f3c \u0111\u00f4i ch\u00e2n c\u1ee7a b\u1ea1n x\u1ee9ng \u0111\u00e1ng. Ho\u00e0n h\u1ea3o \u0111\u1ec3 duy tr\u00ec \u0111\u00f4i ch\u00e2n kh\u1ecfe m\u1ea1nh, \u0111\u1eb9p v\u00e0 \u0111\u1ea3m b\u1ea3o b\u1ea1n mang l\u1ea1i c\u1ea3m gi\u00e1c ho\u00e0n to\u00e0n s\u1ea3ng kho\u00e1i v\u00e0 tr\u1ebb h\u00f3a. <\/p>\n","protected":false},"excerpt":{"rendered":"<p>Tr\u1ea3i nghi\u1ec7m d\u1ecbch v\u1ee5 ch\u0103m s\u00f3c ch\u00e2n t\u1ed1i \u01b0u v\u1edbi g\u00f3i \u201cB\u00e0n ch\u00e2n s\u1ea3ng kho\u00e1i\u201d c\u1ee7a ch\u00fang t\u00f4i. Li\u1ec7u ph\u00e1p n\u00e0y k\u1ebft h\u1ee3p t\u1ea9y t\u1ebf b\u00e0o ch\u1ebft tr\u1ebb h\u00f3a ch\u00e2n v\u1edbi massage ch\u00e2n 60 ph\u00fat, \u0111\u1ea3m b\u1ea3o \u0111\u00f4i ch\u00e2n c\u1ee7a b\u1ea1n c\u1ea3m th\u1ea5y s\u1ea3ng kho\u00e1i v\u00e0 tr\u00e0n \u0111\u1ea7y s\u1ee9c s\u1ed1ng. C\u00e1c nh\u00e0 tr\u1ecb li\u1ec7u l\u00e0nh ngh\u1ec1 c\u1ee7a ch\u00fang t\u00f4i s\u1eed d\u1ee5ng c\u00e1c k\u1ef9 thu\u1eadt t\u1ed1t nh\u1ea5t \u0111\u1ec3 t\u1ea9y t\u1ebf b\u00e0o ch\u1ebft v\u00e0 th\u01b0 gi\u00e3n b\u00e0n ch\u00e2n c\u1ee7a b\u1ea1n, mang l\u1ea1i cho b\u1ea1n l\u00e0n da m\u1ecbn m\u00e0ng, m\u1ec1m m\u1ea1i v\u00e0 c\u1ea3m gi\u00e1c th\u01b0 gi\u00e3n ho\u00e0n to\u00e0n. Ho\u00e0n h\u1ea3o \u0111\u1ec3 gi\u1ea3m c\u0103ng th\u1eb3ng v\u00e0 c\u1ea3i thi\u1ec7n s\u1ee9c kh\u1ecfe t\u1ed5ng th\u1ec3 c\u1ee7a b\u00e0n ch\u00e2n, g\u00f3i n\u00e0y mang \u0111\u1ebfn tr\u1ea3i nghi\u1ec7m ch\u00e2n th\u1ef1c v\u00e0 nh\u1eb9 nh\u00e0ng.   <\/p>\n<p>L\u00fd t\u01b0\u1edfng cho nh\u1eefng ng\u01b0\u1eddi t\u00ecm ki\u1ebfm nh\u1eefng g\u00ec t\u1ed1t nh\u1ea5t trong vi\u1ec7c ch\u0103m s\u00f3c v\u00e0 th\u01b0 gi\u00e3n ch\u00e2n.<\/p>\n","protected":false},"featured_media":953,"template":"","meta":{"_acf_changed":false,"wds_primary_product_brand":0,"wds_primary_product_cat":0},"product_brand":[],"product_cat":[468],"product_tag":[525,514,508,526,530,524,520,512,882,791,523,522,527,518,759,529,778,528,843,516],"class_list":{"0":"post-6698","1":"product","2":"type-product","3":"status-publish","4":"has-post-thumbnail","6":"product_cat-goi","7":"product_tag-massage-tot-nhat-gan-toi","8":"product_tag-gia-massage-koh-samui","9":"product_tag-massage-koh-samui","10":"product_tag-massage-o-koh-samui","11":"product_tag-massage-o-koh-samui-thai-lan","12":"product_tag-massage-thai-gan-toi","13":"product_tag-massage-thai-koh-samui-vi","14":"product_tag-massage-thai-koh-samui","15":"product_tag-massage-thai-o-bo-phut","16":"product_tag-massage-thai-o-choengmon","17":"product_tag-massage-toan-than","18":"product_tag-massage-toan-than-koh-samui","19":"product_tag-massage-tot-nhat-chaweng","20":"product_tag-massage-tot-nhat-koh-samui","21":"product_tag-massage-tot-nhat-o-bo-phut","22":"product_tag-massage-tot-nhat-o-chaweng","23":"product_tag-massage-tot-nhat-o-choengmon","24":"product_tag-massage-tot-nhat-o-koh-samui","25":"product_tag-salon-massage","26":"product_tag-tiem-mat-xa-koh-samui","27":"pa_duration-90-phut","28":"pa_massage-cha","29":"pa_menu-category-cac-lieu-phap-cham-soc-co-the-lam-dep","30":"pa_types-min-mang-lam-dep","32":"first","33":"instock","34":"shipping-taxable","35":"purchasable","36":"product-type-variable"},"acf":[],"_links":{"self":[{"href":"https:\/\/www.nakee.spa\/vi\/wp-json\/wp\/v2\/product\/6698","targetHints":{"allow":["GET"]}}],"collection":[{"href":"https:\/\/www.nakee.spa\/vi\/wp-json\/wp\/v2\/product"}],"about":[{"href":"https:\/\/www.nakee.spa\/vi\/wp-json\/wp\/v2\/types\/product"}],"wp:featuredmedia":[{"embeddable":true,"href":"https:\/\/www.nakee.spa\/vi\/wp-json\/wp\/v2\/media\/953"}],"wp:attachment":[{"href":"https:\/\/www.nakee.spa\/vi\/wp-json\/wp\/v2\/media?parent=6698"}],"wp:term":[{"taxonomy":"product_brand","embeddable":true,"href":"https:\/\/www.nakee.spa\/vi\/wp-json\/wp\/v2\/product_brand?post=6698"},{"taxonomy":"product_cat","embeddable":true,"href":"https:\/\/www.nakee.spa\/vi\/wp-json\/wp\/v2\/product_cat?post=6698"},{"taxonomy":"product_tag","embeddable":true,"href":"https:\/\/www.nakee.spa\/vi\/wp-json\/wp\/v2\/product_tag?post=6698"}],"curies":[{"name":"wp","href":"https:\/\/api.w.org\/{rel}","templated":true}]}}