{"id":6733,"date":"2024-07-09T12:26:39","date_gmt":"2024-07-09T12:26:39","guid":{"rendered":"https:\/\/www.nakee.spa\/product\/goi-lam-sang-toan-than\/"},"modified":"2025-11-14T12:06:25","modified_gmt":"2025-11-14T05:06:25","slug":"goi-lam-sang-toan-than","status":"publish","type":"product","link":"https:\/\/www.nakee.spa\/vi\/s\u1ea3n-ph\u1ea9m\/goi-lam-sang-toan-than\/","title":{"rendered":"G\u00f3i l\u00e0m s\u00e1ng to\u00e0n th\u00e2n"},"content":{"rendered":"<p><strong>Tr\u1ea3i nghi\u1ec7m d\u1ecbch v\u1ee5 ch\u0103m s\u00f3c da v\u00e0 th\u01b0 gi\u00e3n t\u1ed1t nh\u1ea5t v\u1edbi g\u00f3i Full Body Glow c\u1ee7a ch\u00fang t\u00f4i, s\u1ef1 k\u1ebft h\u1ee3p ho\u00e0n h\u1ea3o gi\u1eefa T\u1ea9y t\u1ebf b\u00e0o ch\u1ebft to\u00e0n th\u00e2n trong 60 ph\u00fat v\u00e0 Massage b\u1eb1ng d\u1ea7u d\u1eeba trong 60 ph\u00fat \u0111\u01b0\u1ee3c thi\u1ebft k\u1ebf \u0111\u1ec3 tr\u1ebb h\u00f3a l\u00e0n da v\u00e0 l\u00e0m d\u1ecbu c\u00e1c gi\u00e1c quan c\u1ee7a b\u1ea1n.<\/strong><\/p>\n<h4>Full Body Glow l\u00e0 g\u00ec?<\/h4>\n<p>G\u00f3i Full Body Glow b\u1eaft \u0111\u1ea7u b\u1eb1ng t\u1ea9y t\u1ebf b\u00e0o ch\u1ebft to\u00e0n th\u00e2n, gi\u00fap t\u1ea9y t\u1ebf b\u00e0o ch\u1ebft cho da c\u1ee7a b\u1ea1n, lo\u1ea1i b\u1ecf t\u1ebf b\u00e0o da ch\u1ebft v\u00e0 gi\u00fap c\u01a1 th\u1ec3 b\u1ea1n c\u1ea3m th\u1ea5y m\u1ecbn m\u00e0ng v\u00e0 s\u1ea3ng kho\u00e1i. Sau \u0111\u00f3, t\u1eadn h\u01b0\u1edfng massage d\u1ea7u d\u1eeba k\u00e9o d\u00e0i 60 ph\u00fat gi\u00fap nu\u00f4i d\u01b0\u1ee1ng s\u00e2u v\u00e0 d\u01b0\u1ee1ng \u1ea9m cho l\u00e0n da c\u1ee7a b\u1ea1n \u0111\u1ed3ng th\u1eddi mang l\u1ea1i tr\u1ea3i nghi\u1ec7m l\u00e0m d\u1ecbu v\u00e0 th\u01b0 gi\u00e3n. <\/p>\n<h4>L\u1ee3i \u00edch c\u1ee7a Full Body Glow:<\/h4>\n<ul>\n<li><strong>L\u00e0n da r\u1ea1ng r\u1ee1<\/strong> : Kem t\u1ea9y t\u1ebf b\u00e0o ch\u1ebft to\u00e0n th\u00e2n gi\u00fap tr\u1ebb h\u00f3a l\u00e0n da, gi\u00fap da tr\u00f4ng v\u00e0 c\u1ea3m th\u1ea5y t\u01b0\u01a1i tr\u1ebb h\u01a1n.<\/li>\n<li><strong>Th\u01b0 gi\u00e3n s\u00e2u<\/strong> : Massage b\u1eb1ng d\u1ea7u d\u1eeba gi\u00fap gi\u1ea3m c\u0103ng th\u1eb3ng c\u01a1 v\u00e0 th\u00fac \u0111\u1ea9y s\u1ef1 th\u01b0 gi\u00e3n to\u00e0n di\u1ec7n.<\/li>\n<li><strong>L\u00e0n da \u1ea9m v\u00e0 \u0111\u01b0\u1ee3c nu\u00f4i d\u01b0\u1ee1ng<\/strong> : D\u1ea7u d\u1eeba t\u1ef1 nhi\u00ean d\u01b0\u1ee1ng \u1ea9m s\u00e2u cho l\u00e0n da c\u1ee7a b\u1ea1n, \u0111\u1ea3m b\u1ea3o da lu\u00f4n m\u1ec1m m\u1ea1i v\u00e0 d\u1ebbo dai.<\/li>\n<li><strong>Gi\u1ea3m c\u0103ng th\u1eb3ng<\/strong> : C\u1ea3 t\u1ea9y t\u1ebf b\u00e0o ch\u1ebft v\u00e0 m\u00e1t-xa \u0111\u1ec1u c\u00f3 t\u00e1c d\u1ee5ng gi\u1ea3m c\u0103ng th\u1eb3ng v\u00e0 t\u0103ng c\u01b0\u1eddng s\u1ee9c kh\u1ecfe t\u1ed5ng th\u1ec3 c\u1ee7a b\u1ea1n.<\/li>\n<\/ul>\n<h4>T\u1ea1i sao n\u00ean ch\u1ecdn Full Body Glow?<\/h4>\n<p>G\u00f3i n\u00e0y ho\u00e0n h\u1ea3o cho nh\u1eefng ai mu\u1ed1n c\u1ea3i thi\u1ec7n v\u1ebb ngo\u00e0i c\u1ee7a l\u00e0n da v\u00e0 t\u1eadn h\u01b0\u1edfng c\u1ea3m gi\u00e1c m\u00e1t-xa th\u01b0 gi\u00e3n s\u00e2u. S\u1ef1 k\u1ebft h\u1ee3p gi\u1eefa t\u1ea9y t\u1ebf b\u00e0o ch\u1ebft v\u00e0 d\u01b0\u1ee1ng \u1ea9m mang l\u1ea1i tr\u1ea3i nghi\u1ec7m ch\u0103m s\u00f3c da v\u00e0 th\u01b0 gi\u00e3n t\u1ed1i \u01b0u, khi\u1ebfn n\u00f3 tr\u1edf th\u00e0nh l\u1ef1a ch\u1ecdn t\u1ed1t nh\u1ea5t cho m\u1ed9t li\u1ec7u ph\u00e1p ch\u0103m s\u00f3c c\u01a1 th\u1ec3 \u0111\u00edch th\u1ef1c. <\/p>\n<p>Th\u01b0\u1edfng th\u1ee9c g\u00f3i Full Body Glow v\u00e0 ch\u0103m s\u00f3c c\u01a1 th\u1ec3 c\u1ee7a b\u1ea1n x\u1ee9ng \u0111\u00e1ng. Ho\u00e0n h\u1ea3o \u0111\u1ec3 duy tr\u00ec l\u00e0n da kh\u1ecfe m\u1ea1nh, s\u00e1ng m\u1ecbn v\u00e0 \u0111\u1ea3m b\u1ea3o b\u1ea1n mang l\u1ea1i c\u1ea3m gi\u00e1c ho\u00e0n to\u00e0n s\u1ea3ng kho\u00e1i v\u00e0 tr\u1ebb h\u00f3a. <\/p>\n<hr>\n<p><strong>Gi\u1edbi thi\u1ec7u v\u1ec1 d\u1ea7u d\u1eeba Nakee<\/strong>: D\u1ea7u d\u1eeba \u0111\u1eb7c bi\u1ec7t c\u1ee7a ch\u00fang t\u00f4i \u0111\u01b0\u1ee3c l\u00e0m t\u1eeb d\u1eeba tr\u1ed3ng tr\u00ean \u0111\u1ea3o Koh Samui. D\u1ea7u d\u1eeba h\u1eefu c\u01a1 nguy\u00ean ch\u1ea5t 100% t\u1ef1 nhi\u00ean, t\u1ef1 l\u00e0m n\u00e0y \u0111\u1ea3m b\u1ea3o tr\u1ea3i nghi\u1ec7m thu\u1ea7n khi\u1ebft v\u00e0 ch\u00e2n th\u1ef1c. M\u00f9i h\u01b0\u01a1ng d\u1ec5 ch\u1ecbu gi\u00fap t\u0103ng c\u01b0\u1eddng th\u01b0 gi\u00e3n v\u00e0 l\u00e0m cho vi\u1ec7c m\u00e1t-xa c\u1ee7a b\u1ea1n tr\u1edf n\u00ean th\u00fa v\u1ecb h\u01a1n.  <\/p>\n","protected":false},"excerpt":{"rendered":"<p>Tr\u1ea3i nghi\u1ec7m th\u01b0 gi\u00e3n v\u00e0 tr\u1ebb h\u00f3a tuy\u1ec7t v\u1eddi nh\u1ea5t v\u1edbi g\u00f3i \u201cFull Body Glow\u201d c\u1ee7a ch\u00fang t\u00f4i. K\u1ebft h\u1ee3p t\u1ea9y t\u1ebf b\u00e0o ch\u1ebft to\u00e0n th\u00e2n 60 ph\u00fat v\u1edbi massage d\u1ea7u d\u1eeba 60 ph\u00fat, li\u1ec7u ph\u00e1p \u0111\u00edch th\u1ef1c n\u00e0y s\u1ebd mang l\u1ea1i l\u00e0n da c\u1ee7a b\u1ea1n s\u00e1ng v\u00e0 s\u1ea3ng kho\u00e1i. T\u1ea9y t\u1ebf b\u00e0o ch\u1ebft to\u00e0n th\u00e2n t\u1ea9y t\u1ebf b\u00e0o ch\u1ebft v\u00e0 lo\u1ea1i b\u1ecf t\u1ebf b\u00e0o da ch\u1ebft, trong khi massage d\u1ea7u d\u1eeba nu\u00f4i d\u01b0\u1ee1ng v\u00e0 hydrat h\u00f3a, n\u00e2ng cao s\u1ee9c kh\u1ecfe t\u1ed5ng th\u1ec3 c\u1ee7a b\u1ea1n. Ho\u00e0n h\u1ea3o \u0111\u1ec3 c\u00f3 \u0111\u01b0\u1ee3c l\u00e0n da r\u1ea1ng r\u1ee1, kh\u1ecfe m\u1ea1nh.   <\/p>\n","protected":false},"featured_media":954,"template":"","meta":{"_acf_changed":false,"wds_primary_product_brand":0,"wds_primary_product_cat":0},"product_brand":[],"product_cat":[468],"product_tag":[525,514,508,526,530,524,520,512,882,791,523,522,527,518,759,529,778,528,843,516],"class_list":{"0":"post-6733","1":"product","2":"type-product","3":"status-publish","4":"has-post-thumbnail","6":"product_cat-goi","7":"product_tag-massage-tot-nhat-gan-toi","8":"product_tag-gia-massage-koh-samui","9":"product_tag-massage-koh-samui","10":"product_tag-massage-o-koh-samui","11":"product_tag-massage-o-koh-samui-thai-lan","12":"product_tag-massage-thai-gan-toi","13":"product_tag-massage-thai-koh-samui-vi","14":"product_tag-massage-thai-koh-samui","15":"product_tag-massage-thai-o-bo-phut","16":"product_tag-massage-thai-o-choengmon","17":"product_tag-massage-toan-than","18":"product_tag-massage-toan-than-koh-samui","19":"product_tag-massage-tot-nhat-chaweng","20":"product_tag-massage-tot-nhat-koh-samui","21":"product_tag-massage-tot-nhat-o-bo-phut","22":"product_tag-massage-tot-nhat-o-chaweng","23":"product_tag-massage-tot-nhat-o-choengmon","24":"product_tag-massage-tot-nhat-o-koh-samui","25":"product_tag-salon-massage","26":"product_tag-tiem-mat-xa-koh-samui","27":"pa_duration-120-phut","28":"pa_massage-cha","29":"pa_massage-dau-dua","30":"pa_menu-category-cac-lieu-phap-cham-soc-co-the-lam-dep","31":"pa_types-min-mang-lam-dep","33":"first","34":"instock","35":"shipping-taxable","36":"purchasable","37":"product-type-variable"},"acf":[],"_links":{"self":[{"href":"https:\/\/www.nakee.spa\/vi\/wp-json\/wp\/v2\/product\/6733","targetHints":{"allow":["GET"]}}],"collection":[{"href":"https:\/\/www.nakee.spa\/vi\/wp-json\/wp\/v2\/product"}],"about":[{"href":"https:\/\/www.nakee.spa\/vi\/wp-json\/wp\/v2\/types\/product"}],"wp:featuredmedia":[{"embeddable":true,"href":"https:\/\/www.nakee.spa\/vi\/wp-json\/wp\/v2\/media\/954"}],"wp:attachment":[{"href":"https:\/\/www.nakee.spa\/vi\/wp-json\/wp\/v2\/media?parent=6733"}],"wp:term":[{"taxonomy":"product_brand","embeddable":true,"href":"https:\/\/www.nakee.spa\/vi\/wp-json\/wp\/v2\/product_brand?post=6733"},{"taxonomy":"product_cat","embeddable":true,"href":"https:\/\/www.nakee.spa\/vi\/wp-json\/wp\/v2\/product_cat?post=6733"},{"taxonomy":"product_tag","embeddable":true,"href":"https:\/\/www.nakee.spa\/vi\/wp-json\/wp\/v2\/product_tag?post=6733"}],"curies":[{"name":"wp","href":"https:\/\/api.w.org\/{rel}","templated":true}]}}