{"id":6766,"date":"2024-07-11T10:01:07","date_gmt":"2024-07-11T10:01:07","guid":{"rendered":"https:\/\/www.nakee.spa\/product\/massage-dau-2\/"},"modified":"2025-11-14T00:58:33","modified_gmt":"2025-11-13T17:58:33","slug":"massage-dau-2","status":"publish","type":"product","link":"https:\/\/www.nakee.spa\/vi\/s\u1ea3n-ph\u1ea9m\/massage-dau-2\/","title":{"rendered":"Massage \u0111\u1ea7u"},"content":{"rendered":"<h3>Massage \u0111\u1ea7u l\u00e0 g\u00ec?<\/h3>\n<p>Massage \u0111\u1ea7u l\u00e0 m\u1ed9t ph\u01b0\u01a1ng ph\u00e1p tr\u1ecb li\u1ec7u t\u1eadp trung v\u00e0o \u0111\u1ea7u, c\u1ed5 v\u00e0 vai. N\u00f3 li\u00ean quan \u0111\u1ebfn vi\u1ec7c s\u1eed d\u1ee5ng c\u00e1c c\u00fa vu\u1ed1t nh\u1eb9 nh\u00e0ng nh\u01b0ng ch\u1eafc ch\u1eafn, nh\u00e0o v\u00e0 c\u00e1c k\u1ef9 thu\u1eadt b\u1ea5m huy\u1ec7t \u0111\u1ec3 gi\u1ea3i t\u1ecfa c\u0103ng th\u1eb3ng v\u00e0 c\u0103ng th\u1eb3ng. Massage n\u00e0y \u0111\u01b0\u1ee3c thi\u1ebft k\u1ebf \u0111\u1ec3 k\u00edch th\u00edch l\u01b0u l\u01b0\u1ee3ng m\u00e1u, th\u00fac \u0111\u1ea9y th\u01b0 gi\u00e3n v\u00e0 gi\u1ea3m \u0111au \u0111\u1ea7u v\u00e0 \u0111au n\u1eeda \u0111\u1ea7u.  <\/p>\n<h3>L\u1ee3i \u00edch c\u1ee7a vi\u1ec7c massage \u0111\u1ea7u<\/h3>\n<ol>\n<li><strong>Gi\u1ea3m c\u0103ng th\u1eb3ng<\/strong> : Gi\u1ea3m c\u0103ng th\u1eb3ng v\u00e0 th\u00fac \u0111\u1ea9y s\u1ef1 th\u01b0 gi\u00e3n.<\/li>\n<li><strong>C\u1ea3i thi\u1ec7n l\u01b0u th\u00f4ng m\u00e1u<\/strong> : T\u0103ng c\u01b0\u1eddng l\u01b0u l\u01b0\u1ee3ng m\u00e1u \u0111\u1ebfn da \u0111\u1ea7u v\u00e0 n\u00e3o.<\/li>\n<li><strong>Gi\u1ea3m \u0111au \u0111\u1ea7u<\/strong> : L\u00e0m gi\u1ea3m \u0111au \u0111\u1ea7u do c\u0103ng th\u1eb3ng v\u00e0 ch\u1ee9ng \u0111au n\u1eeda \u0111\u1ea7u.<\/li>\n<li><strong>T\u0103ng c\u01b0\u1eddng s\u1ef1 minh m\u1eabn v\u1ec1 tinh th\u1ea7n<\/strong> : Th\u00fac \u0111\u1ea9y s\u1ef1 t\u1eadp trung v\u00e0 minh m\u1eabn v\u1ec1 tinh th\u1ea7n t\u1ed1t h\u01a1n.<\/li>\n<li><strong>S\u1ee9c kh\u1ecfe c\u1ee7a t\u00f3c<\/strong> : K\u00edch th\u00edch nang t\u00f3c, th\u00fac \u0111\u1ea9y t\u00f3c m\u1ecdc kh\u1ecfe m\u1ea1nh h\u01a1n.<\/li>\n<li><strong>Gi\u1ea3m \u0111au<\/strong> : Gi\u1ea3m \u0111au c\u1ed5 v\u00e0 vai.<\/li>\n<\/ol>\n<h3>T\u1ea1i sao n\u00ean ch\u1ecdn massage \u0111\u1ea7u?<\/h3>\n<p>Ch\u1ecdn Massage \u0111\u1ea7u \u0111\u1ec3 gi\u1ea3m c\u0103ng th\u1eb3ng v\u00e0 \u0111au \u0111\u1ea7u ngay l\u1eadp t\u1ee9c. Massage n\u00e0y l\u00fd t\u01b0\u1edfng cho nh\u1eefng ng\u01b0\u1eddi c\u00f3 l\u1ed1i s\u1ed1ng \u00edt v\u1eadn \u0111\u1ed9ng, m\u1ee9c \u0111\u1ed9 c\u0103ng th\u1eb3ng cao ho\u1eb7c \u0111au \u0111\u1ea7u m\u00e3n t\u00ednh. N\u00f3 th\u00fac \u0111\u1ea9y h\u1ea1nh ph\u00fac t\u1ed5ng th\u1ec3 b\u1eb1ng c\u00e1ch c\u1ea3i thi\u1ec7n tu\u1ea7n ho\u00e0n v\u00e0 tinh th\u1ea7n minh m\u1eabn.  <\/p>\n<h3>\u0110\u1ec1 xu\u1ea5t<\/h3>\n<ul>\n<li>L\u00ean l\u1ecbch c\u00e1c bu\u1ed5i t\u1eadp th\u01b0\u1eddng xuy\u00ean \u0111\u1ec3 c\u00f3 \u0111\u01b0\u1ee3c l\u1ee3i \u00edch l\u00e2u d\u00e0i.<\/li>\n<li>K\u1ebft h\u1ee3p v\u1edbi massage to\u00e0n th\u00e2n \u0111\u1ec3 th\u01b0 gi\u00e3n to\u00e0n di\u1ec7n.<\/li>\n<li>U\u1ed1ng n\u01b0\u1edbc tr\u01b0\u1edbc v\u00e0 sau khi massage \u0111\u1ec3 t\u0103ng c\u01b0\u1eddng qu\u00e1 tr\u00ecnh gi\u1ea3i \u0111\u1ed9c.<\/li>\n<\/ul>\n<h3>Tr\u1ea3i nghi\u1ec7m d\u1ecbch v\u1ee5 massage \u0111\u1ea7u t\u1ea1i Nakee Massage &amp; Spa<\/h3>\n<p>T\u1ea1i Nakee Massage &amp; Spa, Massage \u0111\u1ea7u c\u1ee7a ch\u00fang t\u00f4i cung c\u1ea5p d\u1ecbch v\u1ee5 gi\u1ea3m \u0111au tr\u1ecb li\u1ec7u t\u1ed1t nh\u1ea5t. C\u00e1c nh\u00e0 tr\u1ecb li\u1ec7u l\u00e0nh ngh\u1ec1 c\u1ee7a ch\u00fang t\u00f4i s\u1eed d\u1ee5ng c\u00e1c k\u1ef9 thu\u1eadt \u0111\u00edch th\u1ef1c \u0111\u1ec3 \u0111\u1ea3m b\u1ea3o m\u1ed9t ph\u01b0\u01a1ng ph\u00e1p \u0111i\u1ec1u tr\u1ecb nh\u1eb9 nh\u00e0ng v\u00e0 hi\u1ec7u qu\u1ea3. M\u00f4i tr\u01b0\u1eddng thanh b\u00ecnh c\u1ee7a spa c\u1ee7a ch\u00fang t\u00f4i gi\u00fap t\u0103ng c\u01b0\u1eddng th\u01b0 gi\u00e3n, gi\u00fap b\u1ea1n th\u01b0 gi\u00e3n v\u00e0 tr\u1ebb h\u00f3a.  <\/p>\n","protected":false},"excerpt":{"rendered":"<p>Massage \u0111\u1ea7u t\u1eadp trung v\u00e0o \u0111\u1ea7u, c\u1ed5 v\u00e0 vai, s\u1eed d\u1ee5ng c\u00e1c k\u1ef9 thu\u1eadt vu\u1ed1t nh\u1eb9 nh\u00e0ng nh\u01b0ng ch\u1eafc ch\u1eafn, nh\u00e0o v\u00e0 b\u1ea5m huy\u1ec7t \u0111\u1ec3 gi\u1ea3i t\u1ecfa c\u0103ng th\u1eb3ng v\u00e0 c\u0103ng th\u1eb3ng. N\u00f3 k\u00edch th\u00edch l\u01b0u l\u01b0\u1ee3ng m\u00e1u, gi\u1ea3m \u0111au \u0111\u1ea7u, th\u00fac \u0111\u1ea9y th\u01b0 gi\u00e3n v\u00e0 t\u0103ng c\u01b0\u1eddng tinh th\u1ea7n minh m\u1eabn. L\u00fd t\u01b0\u1edfng cho nh\u1eefng ng\u01b0\u1eddi c\u00f3 m\u1ee9c \u0111\u1ed9 c\u0103ng th\u1eb3ng cao, \u0111au \u0111\u1ea7u m\u00e3n t\u00ednh ho\u1eb7c t\u00ecm ki\u1ebfm s\u1ee9c kh\u1ecfe t\u1ed5ng th\u1ec3.  <\/p>\n","protected":false},"featured_media":13005,"template":"","meta":{"_acf_changed":false,"wds_primary_product_brand":0,"wds_primary_product_cat":0},"product_brand":[],"product_cat":[135],"product_tag":[525,514,508,526,530,524,520,512,882,791,523,522,527,518,759,529,778,528,843,516],"class_list":{"0":"post-6766","1":"product","2":"type-product","3":"status-publish","4":"has-post-thumbnail","6":"product_cat-mat-xa","7":"product_tag-massage-tot-nhat-gan-toi","8":"product_tag-gia-massage-koh-samui","9":"product_tag-massage-koh-samui","10":"product_tag-massage-o-koh-samui","11":"product_tag-massage-o-koh-samui-thai-lan","12":"product_tag-massage-thai-gan-toi","13":"product_tag-massage-thai-koh-samui-vi","14":"product_tag-massage-thai-koh-samui","15":"product_tag-massage-thai-o-bo-phut","16":"product_tag-massage-thai-o-choengmon","17":"product_tag-massage-toan-than","18":"product_tag-massage-toan-than-koh-samui","19":"product_tag-massage-tot-nhat-chaweng","20":"product_tag-massage-tot-nhat-koh-samui","21":"product_tag-massage-tot-nhat-o-bo-phut","22":"product_tag-massage-tot-nhat-o-chaweng","23":"product_tag-massage-tot-nhat-o-choengmon","24":"product_tag-massage-tot-nhat-o-koh-samui","25":"product_tag-salon-massage","26":"product_tag-tiem-mat-xa-koh-samui","27":"pa_duration-120-phut","28":"pa_duration-60-phut","29":"pa_duration-90-phut","30":"pa_massage-massage-dau","31":"pa_menu-category-cac-lieu-phap-thai-truyen-thong","32":"pa_types-thu-gian-binh-tinh","34":"first","35":"instock","36":"shipping-taxable","37":"purchasable","38":"product-type-variable"},"acf":[],"_links":{"self":[{"href":"https:\/\/www.nakee.spa\/vi\/wp-json\/wp\/v2\/product\/6766","targetHints":{"allow":["GET"]}}],"collection":[{"href":"https:\/\/www.nakee.spa\/vi\/wp-json\/wp\/v2\/product"}],"about":[{"href":"https:\/\/www.nakee.spa\/vi\/wp-json\/wp\/v2\/types\/product"}],"wp:featuredmedia":[{"embeddable":true,"href":"https:\/\/www.nakee.spa\/vi\/wp-json\/wp\/v2\/media\/13005"}],"wp:attachment":[{"href":"https:\/\/www.nakee.spa\/vi\/wp-json\/wp\/v2\/media?parent=6766"}],"wp:term":[{"taxonomy":"product_brand","embeddable":true,"href":"https:\/\/www.nakee.spa\/vi\/wp-json\/wp\/v2\/product_brand?post=6766"},{"taxonomy":"product_cat","embeddable":true,"href":"https:\/\/www.nakee.spa\/vi\/wp-json\/wp\/v2\/product_cat?post=6766"},{"taxonomy":"product_tag","embeddable":true,"href":"https:\/\/www.nakee.spa\/vi\/wp-json\/wp\/v2\/product_tag?post=6766"}],"curies":[{"name":"wp","href":"https:\/\/api.w.org\/{rel}","templated":true}]}}