{"id":6799,"date":"2024-07-09T13:29:07","date_gmt":"2024-07-09T13:29:07","guid":{"rendered":"https:\/\/www.nakee.spa\/product\/goi-thu-gian-toi-uu\/"},"modified":"2025-11-14T01:55:46","modified_gmt":"2025-11-13T18:55:46","slug":"goi-thu-gian-toi-uu","status":"publish","type":"product","link":"https:\/\/www.nakee.spa\/vi\/s\u1ea3n-ph\u1ea9m\/goi-thu-gian-toi-uu\/","title":{"rendered":"G\u00f3i th\u01b0 gi\u00e3n t\u1ed1i \u01b0u"},"content":{"rendered":"<p><strong>G\u00f3i th\u01b0 gi\u00e3n t\u1ed1i \u01b0u l\u00e0 g\u00ec?<\/strong><\/p>\n<p>G\u00f3i th\u01b0 gi\u00e3n cu\u1ed1i c\u00f9ng l\u00e0 s\u1ef1 k\u1ebft h\u1ee3p sang tr\u1ecdng c\u1ee7a c\u00e1c li\u1ec7u ph\u00e1p \u0111\u01b0\u1ee3c thi\u1ebft k\u1ebf \u0111\u1ec3 mang l\u1ea1i s\u1ef1 th\u01b0 gi\u00e3n v\u00e0 tr\u1ebb h\u00f3a t\u1ed1t nh\u1ea5t. G\u00f3i n\u00e0y bao g\u1ed3m t\u1ea9y t\u1ebf b\u00e0o ch\u1ebft ch\u00e2n, t\u1ea9y t\u1ebf b\u00e0o ch\u1ebft to\u00e0n th\u00e2n 60 ph\u00fat v\u00e0 m\u00e1t-xa d\u1ea7u d\u1eeba, \u0111\u1ea3m b\u1ea3o tr\u1ea3i nghi\u1ec7m spa to\u00e0n di\u1ec7n v\u00e0 \u0111\u00edch th\u1ef1c. <\/p>\n<p><strong>L\u1ee3i \u00edch c\u1ee7a G\u00f3i th\u01b0 gi\u00e3n t\u1ed1i \u01b0u<\/strong><\/p>\n<ul>\n<li><strong>T\u1ea9y t\u1ebf b\u00e0o ch\u1ebft cho ch\u00e2n:<\/strong> Li\u1ec7u tr\u00ecnh b\u1eaft \u0111\u1ea7u b\u1eb1ng vi\u1ec7c t\u1ea9y t\u1ebf b\u00e0o ch\u1ebft cho ch\u00e2n, gi\u00fap t\u1ea9y t\u1ebf b\u00e0o ch\u1ebft v\u00e0 ph\u1ee5c h\u1ed3i \u0111\u00f4i ch\u00e2n m\u1ec7t m\u1ecfi, gi\u00fap \u0111\u00f4i ch\u00e2n \u0111\u01b0\u1ee3c th\u01b0 gi\u00e3n s\u00e2u h\u01a1n.<\/li>\n<li><strong>T\u1ea9y t\u1ebf b\u00e0o ch\u1ebft to\u00e0n th\u00e2n:<\/strong> Ti\u1ebfp theo l\u00e0 li\u1ec7u tr\u00ecnh t\u1ea9y t\u1ebf b\u00e0o ch\u1ebft to\u00e0n th\u00e2n trong 60 ph\u00fat, s\u1eed d\u1ee5ng ch\u1ea5t t\u1ea9y t\u1ebf b\u00e0o ch\u1ebft nh\u1eb9 nh\u00e0ng nh\u01b0ng hi\u1ec7u qu\u1ea3 \u0111\u1ec3 lo\u1ea1i b\u1ecf t\u1ebf b\u00e0o da ch\u1ebft, gi\u00fap da b\u1ea1n m\u1ecbn m\u00e0ng, m\u1ec1m m\u1ea1i v\u00e0 r\u1ea1ng r\u1ee1.<\/li>\n<li>Massage <strong>d\u1ea7u d\u1eeba:<\/strong> Tr\u1ea3i nghi\u1ec7m \u0111\u01b0\u1ee3c ho\u00e0n th\u00e0nh v\u1edbi massage d\u1ea7u d\u1eeba nh\u1eb9 nh\u00e0ng. D\u1ea7u d\u1eeba \u0111\u1eb7c bi\u1ec7t c\u1ee7a ch\u00fang t\u00f4i, \u0111\u01b0\u1ee3c l\u00e0m t\u1eeb d\u1eeba \u0111\u01b0\u1ee3c tr\u1ed3ng tr\u00ean \u0111\u1ea3o Koh Samui, l\u00e0 100% t\u1ef1 nhi\u00ean v\u00e0 h\u1eefu c\u01a1 nguy\u00ean ch\u1ea5t, kh\u00f4ng ch\u1ee9a b\u1ea5t k\u1ef3 h\u00f3a ch\u1ea5t b\u1ed5 sung n\u00e0o. M\u00f9i h\u01b0\u01a1ng d\u1ec5 ch\u1ecbu gi\u00fap t\u0103ng c\u01b0\u1eddng th\u01b0 gi\u00e3n v\u00e0 l\u00e0m cho vi\u1ec7c massage tr\u1edf n\u00ean th\u00fa v\u1ecb h\u01a1n.  <\/li>\n<\/ul>\n<p><strong>T\u1ea1i sao n\u00ean ch\u1ecdn G\u00f3i th\u01b0 gi\u00e3n t\u1ed1i \u01b0u?<\/strong><\/p>\n<p>G\u00f3i n\u00e0y cung c\u1ea5p nh\u1eefng g\u00ec t\u1ed1t nh\u1ea5t c\u1ee7a c\u1ea3 hai th\u1ebf gi\u1edbi, k\u1ebft h\u1ee3p t\u1ea9y t\u1ebf b\u00e0o ch\u1ebft hi\u1ec7u qu\u1ea3 v\u1edbi th\u01b0 gi\u00e3n s\u00e2u. T\u1ea9y t\u1ebf b\u00e0o ch\u1ebft ch\u00e2n l\u00e0m m\u1edbi v\u00e0 tr\u1ebb h\u00f3a, t\u1ea9y t\u1ebf b\u00e0o ch\u1ebft to\u00e0n th\u00e2n gi\u00fap l\u00e0n da c\u1ee7a b\u1ea1n s\u00e1ng m\u1ecbn, v\u00e0 massage d\u1ea7u d\u1eeba nu\u00f4i d\u01b0\u1ee1ng v\u00e0 hydrat h\u00f3a, th\u00fac \u0111\u1ea9y s\u1ee9c kh\u1ecfe t\u1ed5ng th\u1ec3. N\u00f3 ho\u00e0n h\u1ea3o cho nh\u1eefng ai mu\u1ed1n th\u01b0 gi\u00e3n v\u00e0 c\u00f3 \u0111\u01b0\u1ee3c l\u00e0n da r\u1ea1ng r\u1ee1, kh\u1ecfe m\u1ea1nh.  <\/p>\n<p><strong>Gi\u1edbi thi\u1ec7u v\u1ec1 d\u1ea7u d\u1eeba Nakee<\/strong> D\u1ea7u d\u1eeba \u0111\u1eb7c bi\u1ec7t c\u1ee7a ch\u00fang t\u00f4i \u0111\u01b0\u1ee3c l\u00e0m t\u1eeb d\u1eeba \u0111\u01b0\u1ee3c tr\u1ed3ng tr\u00ean \u0111\u1ea3o Koh Samui. D\u1ea7u d\u1eeba h\u1eefu c\u01a1 nguy\u00ean ch\u1ea5t 100% t\u1ef1 nhi\u00ean, t\u1ef1 l\u00e0m n\u00e0y \u0111\u1ea3m b\u1ea3o tr\u1ea3i nghi\u1ec7m thu\u1ea7n khi\u1ebft v\u00e0 ch\u00e2n th\u1ef1c. M\u00f9i h\u01b0\u01a1ng d\u1ec5 ch\u1ecbu gi\u00fap t\u0103ng c\u01b0\u1eddng th\u01b0 gi\u00e3n v\u00e0 l\u00e0m cho vi\u1ec7c m\u00e1t-xa c\u1ee7a b\u1ea1n tr\u1edf n\u00ean th\u00fa v\u1ecb h\u01a1n.  <\/p>\n","protected":false},"excerpt":{"rendered":"<p>T\u1eadn h\u01b0\u1edfng tr\u1ea3i nghi\u1ec7m th\u01b0 gi\u00e3n tuy\u1ec7t v\u1eddi v\u1edbi g\u00f3i \u201cTh\u01b0 gi\u00e3n t\u1ed1i th\u01b0\u1ee3ng\u201d c\u1ee7a ch\u00fang t\u00f4i. Li\u1ec7u ph\u00e1p sang tr\u1ecdng n\u00e0y k\u1ebft h\u1ee3p t\u1ea9y t\u1ebf b\u00e0o ch\u1ebft tr\u1ebb h\u00f3a ch\u00e2n v\u1edbi t\u1ea9y t\u1ebf b\u00e0o ch\u1ebft to\u00e0n th\u00e2n 60 ph\u00fat v\u00e0 m\u00e1t-xa d\u1ea7u d\u1eeba nh\u1eb9 nh\u00e0ng. Ho\u00e0n h\u1ea3o cho nh\u1eefng ai \u0111ang t\u00ecm ki\u1ebfm tr\u1ea3i nghi\u1ec7m spa ho\u00e0n ch\u1ec9nh v\u00e0 \u0111\u00edch th\u1ef1c, g\u00f3i n\u00e0y h\u1ee9a h\u1eb9n s\u1ebd gi\u00fap l\u00e0n da c\u1ee7a b\u1ea1n s\u00e1ng m\u1ecbn v\u00e0 c\u01a1 th\u1ec3 b\u1ea1n th\u01b0 gi\u00e3n. T\u1eadn h\u01b0\u1edfng s\u1ee9c kh\u1ecfe to\u00e0n di\u1ec7n v\u00e0 nu\u00f4ng chi\u1ec1u t\u1ed1t nh\u1ea5t v\u1edbi ph\u01b0\u01a1ng ph\u00e1p \u0111i\u1ec1u tr\u1ecb to\u00e0n di\u1ec7n n\u00e0y, \u0111\u01b0\u1ee3c thi\u1ebft k\u1ebf \u0111\u1ec3 x\u00f3a tan c\u0103ng th\u1eb3ng v\u00e0 tr\u1ebb h\u00f3a to\u00e0n b\u1ed9 c\u01a1 th\u1ec3 c\u1ee7a b\u1ea1n.   <\/p>\n","protected":false},"featured_media":959,"template":"","meta":{"_acf_changed":false,"wds_primary_product_brand":0,"wds_primary_product_cat":0},"product_brand":[],"product_cat":[468],"product_tag":[525,514,508,526,530,524,520,512,882,791,523,522,527,518,759,529,778,528,843,516],"class_list":{"0":"post-6799","1":"product","2":"type-product","3":"status-publish","4":"has-post-thumbnail","6":"product_cat-goi","7":"product_tag-massage-tot-nhat-gan-toi","8":"product_tag-gia-massage-koh-samui","9":"product_tag-massage-koh-samui","10":"product_tag-massage-o-koh-samui","11":"product_tag-massage-o-koh-samui-thai-lan","12":"product_tag-massage-thai-gan-toi","13":"product_tag-massage-thai-koh-samui-vi","14":"product_tag-massage-thai-koh-samui","15":"product_tag-massage-thai-o-bo-phut","16":"product_tag-massage-thai-o-choengmon","17":"product_tag-massage-toan-than","18":"product_tag-massage-toan-than-koh-samui","19":"product_tag-massage-tot-nhat-chaweng","20":"product_tag-massage-tot-nhat-koh-samui","21":"product_tag-massage-tot-nhat-o-bo-phut","22":"product_tag-massage-tot-nhat-o-chaweng","23":"product_tag-massage-tot-nhat-o-choengmon","24":"product_tag-massage-tot-nhat-o-koh-samui","25":"product_tag-salon-massage","26":"product_tag-tiem-mat-xa-koh-samui","27":"pa_duration-150-phut","28":"pa_massage-cha","29":"pa_massage-dau-dua","30":"pa_menu-category-cac-lieu-phap-cham-soc-co-the-lam-dep","31":"pa_types-min-mang-lam-dep","33":"first","34":"instock","35":"shipping-taxable","36":"purchasable","37":"product-type-variable"},"acf":[],"_links":{"self":[{"href":"https:\/\/www.nakee.spa\/vi\/wp-json\/wp\/v2\/product\/6799","targetHints":{"allow":["GET"]}}],"collection":[{"href":"https:\/\/www.nakee.spa\/vi\/wp-json\/wp\/v2\/product"}],"about":[{"href":"https:\/\/www.nakee.spa\/vi\/wp-json\/wp\/v2\/types\/product"}],"wp:featuredmedia":[{"embeddable":true,"href":"https:\/\/www.nakee.spa\/vi\/wp-json\/wp\/v2\/media\/959"}],"wp:attachment":[{"href":"https:\/\/www.nakee.spa\/vi\/wp-json\/wp\/v2\/media?parent=6799"}],"wp:term":[{"taxonomy":"product_brand","embeddable":true,"href":"https:\/\/www.nakee.spa\/vi\/wp-json\/wp\/v2\/product_brand?post=6799"},{"taxonomy":"product_cat","embeddable":true,"href":"https:\/\/www.nakee.spa\/vi\/wp-json\/wp\/v2\/product_cat?post=6799"},{"taxonomy":"product_tag","embeddable":true,"href":"https:\/\/www.nakee.spa\/vi\/wp-json\/wp\/v2\/product_tag?post=6799"}],"curies":[{"name":"wp","href":"https:\/\/api.w.org\/{rel}","templated":true}]}}