{"id":6904,"date":"2024-07-11T10:32:08","date_gmt":"2024-07-11T10:32:08","guid":{"rendered":"https:\/\/www.nakee.spa\/product\/massage-nen-thao-duoc\/"},"modified":"2025-11-14T00:58:43","modified_gmt":"2025-11-13T17:58:43","slug":"massage-nen-thao-duoc","status":"publish","type":"product","link":"https:\/\/www.nakee.spa\/vi\/s\u1ea3n-ph\u1ea9m\/massage-nen-thao-duoc\/","title":{"rendered":"Massage n\u00e9n th\u1ea3o d\u01b0\u1ee3c"},"content":{"rendered":"<h3>Massage n\u00e9n th\u1ea3o d\u01b0\u1ee3c l\u00e0 g\u00ec?<\/h3>\n<p>Massage ch\u01b0\u1eddm th\u1ea3o d\u01b0\u1ee3c l\u00e0 m\u1ed9t li\u1ec7u ph\u00e1p truy\u1ec1n th\u1ed1ng c\u1ee7a Th\u00e1i Lan s\u1eed d\u1ee5ng t\u00fai th\u1ea3o d\u01b0\u1ee3c \u0111\u01b0\u1ee3c l\u00e0m n\u00f3ng c\u00f3 ch\u1ee9a h\u1ed7n h\u1ee3p c\u00e1c lo\u1ea1i th\u1ea3o m\u1ed9c tr\u1ecb li\u1ec7u. C\u00e1c t\u00fai \u0111\u01b0\u1ee3c h\u1ea5p v\u00e0 sau \u0111\u00f3 \u0111\u1eafp l\u00ean c\u01a1 th\u1ec3 theo chuy\u1ec3n \u0111\u1ed9ng l\u0103n nh\u1eb9 nh\u00e0ng. K\u1ef9 thu\u1eadt n\u00e0y k\u1ebft h\u1ee3p c\u00e1c \u0111\u1eb7c t\u00ednh ch\u1eefa b\u1ec7nh c\u1ee7a c\u00e1c lo\u1ea1i th\u1ea3o m\u1ed9c v\u1edbi nhi\u1ec7t \u0111\u1ec3 gi\u1ea3m \u0111au, gi\u1ea3m vi\u00eam v\u00e0 th\u00fac \u0111\u1ea9y th\u01b0 gi\u00e3n.  <\/p>\n<h3>L\u1ee3i \u00edch c\u1ee7a massage n\u00e9n th\u1ea3o d\u01b0\u1ee3c<\/h3>\n<ol>\n<li><strong>Gi\u1ea3m \u0111au<\/strong> : L\u00e0m gi\u1ea3m \u0111au c\u01a1 v\u00e0 c\u1ee9ng kh\u1edbp.<\/li>\n<li><strong>C\u1ea3i thi\u1ec7n tu\u1ea7n ho\u00e0n<\/strong> : T\u0103ng c\u01b0\u1eddng l\u01b0u l\u01b0\u1ee3ng m\u00e1u v\u00e0 d\u1eabn l\u01b0u b\u1ea1ch huy\u1ebft.<\/li>\n<li><strong>Gi\u1ea3i \u0111\u1ed9c<\/strong> : H\u1ed7 tr\u1ee3 lo\u1ea1i b\u1ecf \u0111\u1ed9c t\u1ed1 ra kh\u1ecfi c\u01a1 th\u1ec3.<\/li>\n<li><strong>Gi\u1ea3m c\u0103ng th\u1eb3ng<\/strong> : Gi\u1ea3m c\u0103ng th\u1eb3ng v\u00e0 th\u00fac \u0111\u1ea9y th\u01b0 gi\u00e3n s\u00e2u.<\/li>\n<li><strong>L\u1ee3i \u00edch cho da<\/strong> : C\u1ea3i thi\u1ec7n t\u00ecnh tr\u1ea1ng da th\u00f4ng qua \u0111\u1eb7c t\u00ednh tr\u1ecb li\u1ec7u c\u1ee7a th\u1ea3o m\u1ed9c.<\/li>\n<li><strong>T\u0103ng c\u01b0\u1eddng t\u00ednh linh ho\u1ea1t<\/strong> : T\u0103ng t\u00ednh linh ho\u1ea1t v\u00e0 kh\u1ea3 n\u0103ng v\u1eadn \u0111\u1ed9ng c\u1ee7a kh\u1edbp.<\/li>\n<\/ol>\n<h3>T\u1ea1i sao n\u00ean ch\u1ecdn ph\u01b0\u01a1ng ph\u00e1p massage n\u00e9n th\u1ea3o d\u01b0\u1ee3c?<\/h3>\n<p>Massage ch\u01b0\u1eddm th\u1ea3o d\u01b0\u1ee3c l\u00fd t\u01b0\u1edfng cho nh\u1eefng ai \u0111ang t\u00ecm ki\u1ebfm m\u1ed9t c\u00e1ch ti\u1ebfp c\u1eadn to\u00e0n di\u1ec7n \u0111\u1ec3 gi\u1ea3m \u0111au v\u00e0 th\u01b0 gi\u00e3n. S\u1ef1 k\u1ebft h\u1ee3p gi\u1eefa nhi\u1ec7t, th\u1ea3o m\u1ed9c v\u00e0 k\u1ef9 thu\u1eadt massage mang l\u1ea1i tr\u1ea3i nghi\u1ec7m tr\u1ecb li\u1ec7u s\u00e2u s\u1eafc. N\u00f3 \u0111\u1eb7c bi\u1ec7t c\u00f3 l\u1ee3i cho c\u01a1n \u0111au m\u00e3n t\u00ednh, c\u0103ng th\u1eb3ng v\u00e0 gi\u1ea3i \u0111\u1ed9c.  <\/p>\n<h3>\u0110\u1ec1 xu\u1ea5t<\/h3>\n<ul>\n<li>U\u1ed1ng nhi\u1ec1u n\u01b0\u1edbc tr\u01b0\u1edbc v\u00e0 sau khi massage \u0111\u1ec3 h\u1ed7 tr\u1ee3 qu\u00e1 tr\u00ecnh gi\u1ea3i \u0111\u1ed9c.<\/li>\n<li>Th\u00f4ng b\u00e1o cho chuy\u00ean gia tr\u1ecb li\u1ec7u v\u1ec1 b\u1ea5t k\u1ef3 t\u00ecnh tr\u1ea1ng d\u1ecb \u1ee9ng ho\u1eb7c nh\u1ea1y c\u1ea3m n\u00e0o c\u1ee7a da.<\/li>\n<li>M\u1eb7c qu\u1ea7n \u00e1o tho\u1ea3i m\u00e1i khi \u0111\u1ebfn bu\u1ed5i h\u1ecdc.<\/li>\n<\/ul>\n<h3>Tr\u1ea3i nghi\u1ec7m Massage n\u00e9n th\u1ea3o d\u01b0\u1ee3c t\u1ea1i Nakee Massage &amp; Spa<\/h3>\n<p>T\u1ea1i Nakee Massage &amp; Spa, Massage N\u00e9n th\u1ea3o d\u01b0\u1ee3c c\u1ee7a ch\u00fang t\u00f4i cung c\u1ea5p nh\u1eefng \u0111i\u1ec1u t\u1ed1t nh\u1ea5t c\u1ee7a vi\u1ec7c ch\u1eefa b\u1ec7nh truy\u1ec1n th\u1ed1ng c\u1ee7a Th\u00e1i Lan. C\u00e1c nh\u00e0 tr\u1ecb li\u1ec7u l\u00e0nh ngh\u1ec1 c\u1ee7a ch\u00fang t\u00f4i s\u1eed d\u1ee5ng ch\u01b0\u1eddm th\u1ea3o d\u01b0\u1ee3c \u0111\u00edch th\u1ef1c \u0111\u1ec3 mang l\u1ea1i tr\u1ea3i nghi\u1ec7m tr\u1ebb h\u00f3a v\u00e0 tr\u1ecb li\u1ec7u. \u0110\u1eb7c t\u00ednh \u1ea5m \u00e1p v\u00e0 ch\u1eefa b\u1ec7nh c\u1ee7a c\u00e1c lo\u1ea1i th\u1ea3o m\u1ed9c gi\u00fap gi\u1ea3m \u0111au, gi\u1ea3m c\u0103ng th\u1eb3ng v\u00e0 n\u00e2ng cao s\u1ee9c kh\u1ecfe t\u1ed5ng th\u1ec3 c\u1ee7a b\u1ea1n. T\u1eadn h\u01b0\u1edfng b\u1ea7u kh\u00f4ng kh\u00ed thanh b\u00ecnh c\u1ee7a spa c\u1ee7a ch\u00fang t\u00f4i trong khi b\u1ea1n th\u01b0\u1edfng th\u1ee9c li\u1ec7u ph\u00e1p Th\u00e1i Lan \u0111\u00edch th\u1ef1c n\u00e0y.   <\/p>\n","protected":false},"excerpt":{"rendered":"<p>Massage ch\u01b0\u1eddm th\u1ea3o d\u01b0\u1ee3c k\u1ebft h\u1ee3p c\u00e1c l\u1ee3i \u00edch tr\u1ecb li\u1ec7u c\u1ee7a t\u00fai th\u1ea3o d\u01b0\u1ee3c \u0111\u01b0\u1ee3c l\u00e0m n\u00f3ng v\u00e0 c\u00e1c k\u1ef9 thu\u1eadt massage truy\u1ec1n th\u1ed1ng c\u1ee7a Th\u00e1i Lan. Ph\u01b0\u01a1ng ph\u00e1p \u0111i\u1ec1u tr\u1ecb n\u00e0y l\u00e0m gi\u1ea3m \u0111au, gi\u1ea3m vi\u00eam v\u00e0 th\u00fac \u0111\u1ea9y th\u01b0 gi\u00e3n. L\u00fd t\u01b0\u1edfng \u0111\u1ec3 gi\u1ea3m c\u0103ng th\u1eb3ng v\u00e0 gi\u1ea3i \u0111\u1ed9c, n\u00f3 mang l\u1ea1i tr\u1ea3i nghi\u1ec7m tr\u1ecb li\u1ec7u s\u00e2u s\u1eafc.  <\/p>\n","protected":false},"featured_media":13007,"template":"","meta":{"_acf_changed":false,"wds_primary_product_brand":0,"wds_primary_product_cat":0},"product_brand":[],"product_cat":[135],"product_tag":[525,514,508,526,530,524,520,512,882,791,523,522,527,518,759,529,778,528,843,516],"class_list":{"0":"post-6904","1":"product","2":"type-product","3":"status-publish","4":"has-post-thumbnail","6":"product_cat-mat-xa","7":"product_tag-massage-tot-nhat-gan-toi","8":"product_tag-gia-massage-koh-samui","9":"product_tag-massage-koh-samui","10":"product_tag-massage-o-koh-samui","11":"product_tag-massage-o-koh-samui-thai-lan","12":"product_tag-massage-thai-gan-toi","13":"product_tag-massage-thai-koh-samui-vi","14":"product_tag-massage-thai-koh-samui","15":"product_tag-massage-thai-o-bo-phut","16":"product_tag-massage-thai-o-choengmon","17":"product_tag-massage-toan-than","18":"product_tag-massage-toan-than-koh-samui","19":"product_tag-massage-tot-nhat-chaweng","20":"product_tag-massage-tot-nhat-koh-samui","21":"product_tag-massage-tot-nhat-o-bo-phut","22":"product_tag-massage-tot-nhat-o-chaweng","23":"product_tag-massage-tot-nhat-o-choengmon","24":"product_tag-massage-tot-nhat-o-koh-samui","25":"product_tag-salon-massage","26":"product_tag-tiem-mat-xa-koh-samui","27":"pa_duration-120-phut","28":"pa_duration-60-phut","29":"pa_duration-90-phut","30":"pa_massage-nen-thao-duoc","31":"pa_menu-category-lieu-phap-co-the-chuyen-biet","32":"pa_types-thu-gian-binh-tinh","34":"first","35":"instock","36":"shipping-taxable","37":"purchasable","38":"product-type-variable"},"acf":[],"_links":{"self":[{"href":"https:\/\/www.nakee.spa\/vi\/wp-json\/wp\/v2\/product\/6904","targetHints":{"allow":["GET"]}}],"collection":[{"href":"https:\/\/www.nakee.spa\/vi\/wp-json\/wp\/v2\/product"}],"about":[{"href":"https:\/\/www.nakee.spa\/vi\/wp-json\/wp\/v2\/types\/product"}],"wp:featuredmedia":[{"embeddable":true,"href":"https:\/\/www.nakee.spa\/vi\/wp-json\/wp\/v2\/media\/13007"}],"wp:attachment":[{"href":"https:\/\/www.nakee.spa\/vi\/wp-json\/wp\/v2\/media?parent=6904"}],"wp:term":[{"taxonomy":"product_brand","embeddable":true,"href":"https:\/\/www.nakee.spa\/vi\/wp-json\/wp\/v2\/product_brand?post=6904"},{"taxonomy":"product_cat","embeddable":true,"href":"https:\/\/www.nakee.spa\/vi\/wp-json\/wp\/v2\/product_cat?post=6904"},{"taxonomy":"product_tag","embeddable":true,"href":"https:\/\/www.nakee.spa\/vi\/wp-json\/wp\/v2\/product_tag?post=6904"}],"curies":[{"name":"wp","href":"https:\/\/api.w.org\/{rel}","templated":true}]}}