{"id":6907,"date":"2024-07-11T10:14:39","date_gmt":"2024-07-11T10:14:39","guid":{"rendered":"https:\/\/www.nakee.spa\/product\/lung-dau-va-vai\/"},"modified":"2025-11-14T00:58:29","modified_gmt":"2025-11-13T17:58:29","slug":"lung-dau-va-vai","status":"publish","type":"product","link":"https:\/\/www.nakee.spa\/vi\/s\u1ea3n-ph\u1ea9m\/lung-dau-va-vai\/","title":{"rendered":"Massage l\u01b0ng, \u0111\u1ea7u v\u00e0 vai"},"content":{"rendered":"<h3>Massage l\u01b0ng\/\u0111\u1ea7u v\u00e0 vai l\u00e0 g\u00ec?<\/h3>\n<p>Massage l\u01b0ng \/ \u0111\u1ea7u v\u00e0 vai l\u00e0 m\u1ed9t ph\u01b0\u01a1ng ph\u00e1p \u0111i\u1ec1u tr\u1ecb t\u1eadp trung v\u00e0o vi\u1ec7c gi\u1ea3m c\u0103ng th\u1eb3ng v\u00e0 c\u0103ng th\u1eb3ng \u1edf ph\u1ea7n tr\u00ean c\u01a1 th\u1ec3. Massage n\u00e0y nh\u1eafm v\u00e0o c\u00e1c c\u01a1 \u1edf l\u01b0ng, \u0111\u1ea7u v\u00e0 vai b\u1eb1ng c\u00e1ch s\u1eed d\u1ee5ng k\u1ebft h\u1ee3p c\u00e1c k\u1ef9 thu\u1eadt nh\u00e0o, m\u00f4 s\u00e2u v\u00e0 vu\u1ed1t nh\u1eb9 nh\u00e0ng. N\u00f3 \u0111\u01b0\u1ee3c thi\u1ebft k\u1ebf \u0111\u1ec3 gi\u1ea3m \u0111au, gi\u1ea3m c\u0103ng th\u1eb3ng v\u00e0 th\u00fac \u0111\u1ea9y th\u01b0 gi\u00e3n.  <\/p>\n<h3>L\u1ee3i \u00edch c\u1ee7a vi\u1ec7c massage l\u01b0ng\/\u0111\u1ea7u v\u00e0 vai<\/h3>\n<ol>\n<li><strong>Gi\u1ea3m \u0111au<\/strong> : Gi\u1ea3m c\u0103ng c\u01a1 v\u00e0 l\u00e0m d\u1ecbu c\u01a1n \u0111au \u1edf ph\u1ea7n th\u00e2n tr\u00ean.<\/li>\n<li><strong>Gi\u1ea3m c\u0103ng th\u1eb3ng<\/strong> : Th\u00fac \u0111\u1ea9y s\u1ef1 th\u01b0 gi\u00e3n v\u00e0 gi\u1ea3m m\u1ee9c \u0111\u1ed9 c\u0103ng th\u1eb3ng.<\/li>\n<li><strong>C\u1ea3i thi\u1ec7n t\u01b0 th\u1ebf<\/strong> : Gi\u00fap \u0111i\u1ec1u ch\u1ec9nh t\u01b0 th\u1ebf b\u1eb1ng c\u00e1ch gi\u1ea3i ph\u00f3ng c\u00e1c c\u01a1 b\u1ecb c\u0103ng c\u1ee9ng.<\/li>\n<li><strong>T\u0103ng c\u01b0\u1eddng l\u01b0u th\u00f4ng m\u00e1u<\/strong> : T\u0103ng l\u01b0u l\u01b0\u1ee3ng m\u00e1u, c\u1ea3i thi\u1ec7n s\u1ee9c kh\u1ecfe c\u01a1 b\u1eafp t\u1ed5ng th\u1ec3.<\/li>\n<li><strong>Gi\u1ea3m \u0111au \u0111\u1ea7u<\/strong> : Gi\u1ea3m t\u1ea7n su\u1ea5t v\u00e0 c\u01b0\u1eddng \u0111\u1ed9 c\u1ee7a ch\u1ee9ng \u0111au \u0111\u1ea7u.<\/li>\n<li><strong>T\u0103ng t\u00ednh linh ho\u1ea1t<\/strong> : C\u1ea3i thi\u1ec7n ph\u1ea1m vi chuy\u1ec3n \u0111\u1ed9ng \u1edf vai v\u00e0 c\u1ed5.<\/li>\n<\/ol>\n<h3>T\u1ea1i sao n\u00ean ch\u1ecdn massage l\u01b0ng\/\u0111\u1ea7u v\u00e0 vai?<\/h3>\n<p>Massage n\u00e0y l\u00fd t\u01b0\u1edfng cho nh\u1eefng ng\u01b0\u1eddi c\u00f3 l\u1ed1i s\u1ed1ng \u00edt v\u1eadn \u0111\u1ed9ng, nh\u1eefng ng\u01b0\u1eddi b\u1ecb c\u0103ng th\u1eb3ng ho\u1eb7c b\u1ea5t k\u1ef3 ai b\u1ecb \u0111au ph\u1ea7n tr\u00ean c\u01a1 th\u1ec3. N\u00f3 gi\u00fap gi\u1ea3m b\u1edbt c\u00f3 m\u1ee5c ti\u00eau cho c\u00e1c khu v\u1ef1c c\u0103ng th\u1eb3ng ph\u1ed5 bi\u1ebfn nh\u1ea5t v\u00e0 gi\u00fap th\u00fac \u0111\u1ea9y s\u1ee9c kh\u1ecfe t\u1ed5ng th\u1ec3. <\/p>\n<h3>\u0110\u1ec1 xu\u1ea5t<\/h3>\n<ul>\n<li>C\u00e1c bu\u1ed5i t\u1eadp th\u01b0\u1eddng xuy\u00ean c\u00f3 th\u1ec3 gi\u00fap duy tr\u00ec s\u1ef1 linh ho\u1ea1t c\u1ee7a c\u01a1 v\u00e0 gi\u1ea3m \u0111au m\u00e3n t\u00ednh.<\/li>\n<li>K\u1ebft h\u1ee3p v\u1edbi c\u00e1c ph\u01b0\u01a1ng ph\u00e1p \u0111i\u1ec1u tr\u1ecb kh\u00e1c nh\u01b0 massage to\u00e0n th\u00e2n \u0111\u1ec3 th\u01b0 gi\u00e3n to\u00e0n di\u1ec7n.<\/li>\n<li>Gi\u1eef c\u01a1 th\u1ec3 \u0111\u1ee7 n\u01b0\u1edbc tr\u01b0\u1edbc v\u00e0 sau khi massage \u0111\u1ec3 gi\u00fap \u0111\u00e0o th\u1ea3i \u0111\u1ed9c t\u1ed1.<\/li>\n<\/ul>\n<h3>Tr\u1ea3i nghi\u1ec7m d\u1ecbch v\u1ee5 massage l\u01b0ng\/\u0111\u1ea7u v\u00e0 vai t\u1ea1i Nakee Massage &amp; Spa<\/h3>\n<p>T\u1ea1i Nakee Massage &amp; Spa, Massage l\u01b0ng\/\u0110\u1ea7u v\u00e0 Vai c\u1ee7a ch\u00fang t\u00f4i cung c\u1ea5p d\u1ecbch v\u1ee5 gi\u1ea3m \u0111au tr\u1ecb li\u1ec7u t\u1ed1t nh\u1ea5t. C\u00e1c nh\u00e0 tr\u1ecb li\u1ec7u l\u00e0nh ngh\u1ec1 c\u1ee7a ch\u00fang t\u00f4i s\u1eed d\u1ee5ng c\u00e1c k\u1ef9 thu\u1eadt \u0111\u00edch th\u1ef1c \u0111\u1ec3 \u0111\u1ea3m b\u1ea3o m\u1ed9t ph\u01b0\u01a1ng ph\u00e1p \u0111i\u1ec1u tr\u1ecb nh\u1eb9 nh\u00e0ng v\u00e0 hi\u1ec7u qu\u1ea3. M\u00f4i tr\u01b0\u1eddng thanh b\u00ecnh c\u1ee7a spa c\u1ee7a ch\u00fang t\u00f4i n\u00e2ng cao tr\u1ea3i nghi\u1ec7m th\u01b0 gi\u00e3n, gi\u00fap b\u1ea1n th\u01b0 gi\u00e3n v\u00e0 c\u1ea3m th\u1ea5y tr\u00e0n \u0111\u1ea7y s\u1ee9c s\u1ed1ng.  <\/p>\n","protected":false},"excerpt":{"rendered":"<p>Massage l\u01b0ng\/\u0111\u1ea7u v\u00e0 vai t\u1eadp trung v\u00e0o vi\u1ec7c gi\u1ea3m c\u0103ng th\u1eb3ng v\u00e0 c\u0103ng th\u1eb3ng \u1edf ph\u1ea7n tr\u00ean c\u01a1 th\u1ec3. N\u00f3 s\u1eed d\u1ee5ng k\u1ef9 thu\u1eadt nh\u00e0o, m\u00f4 s\u00e2u v\u00e0 vu\u1ed1t nh\u1eb9 nh\u00e0ng \u0111\u1ec3 gi\u1ea3m \u0111au, gi\u1ea3m c\u0103ng th\u1eb3ng v\u00e0 th\u00fac \u0111\u1ea9y th\u01b0 gi\u00e3n. L\u00fd t\u01b0\u1edfng cho nh\u1eefng ng\u01b0\u1eddi c\u00f3 l\u1ed1i s\u1ed1ng \u00edt v\u1eadn \u0111\u1ed9ng ho\u1eb7c \u0111au ph\u1ea7n tr\u00ean c\u01a1 th\u1ec3, n\u00f3 gi\u00fap c\u1ea3i thi\u1ec7n t\u01b0 th\u1ebf, tu\u1ea7n ho\u00e0n v\u00e0 s\u1ee9c kh\u1ecfe t\u1ed5ng th\u1ec3.  <\/p>\n","protected":false},"featured_media":13004,"template":"","meta":{"_acf_changed":false,"wds_primary_product_brand":0,"wds_primary_product_cat":0},"product_brand":[],"product_cat":[135],"product_tag":[525,514,508,526,530,524,520,512,882,791,523,522,527,518,759,529,778,528,843,516],"class_list":{"0":"post-6907","1":"product","2":"type-product","3":"status-publish","4":"has-post-thumbnail","6":"product_cat-mat-xa","7":"product_tag-massage-tot-nhat-gan-toi","8":"product_tag-gia-massage-koh-samui","9":"product_tag-massage-koh-samui","10":"product_tag-massage-o-koh-samui","11":"product_tag-massage-o-koh-samui-thai-lan","12":"product_tag-massage-thai-gan-toi","13":"product_tag-massage-thai-koh-samui-vi","14":"product_tag-massage-thai-koh-samui","15":"product_tag-massage-thai-o-bo-phut","16":"product_tag-massage-thai-o-choengmon","17":"product_tag-massage-toan-than","18":"product_tag-massage-toan-than-koh-samui","19":"product_tag-massage-tot-nhat-chaweng","20":"product_tag-massage-tot-nhat-koh-samui","21":"product_tag-massage-tot-nhat-o-bo-phut","22":"product_tag-massage-tot-nhat-o-chaweng","23":"product_tag-massage-tot-nhat-o-choengmon","24":"product_tag-massage-tot-nhat-o-koh-samui","25":"product_tag-salon-massage","26":"product_tag-tiem-mat-xa-koh-samui","27":"pa_duration-120-phut","28":"pa_duration-60-phut","29":"pa_duration-90-phut","30":"pa_massage-massage-dau","31":"pa_menu-category-cac-lieu-phap-thai-truyen-thong","32":"pa_types-keo-gian-phong-cach-thai","34":"first","35":"instock","36":"shipping-taxable","37":"purchasable","38":"product-type-variable"},"acf":[],"_links":{"self":[{"href":"https:\/\/www.nakee.spa\/vi\/wp-json\/wp\/v2\/product\/6907","targetHints":{"allow":["GET"]}}],"collection":[{"href":"https:\/\/www.nakee.spa\/vi\/wp-json\/wp\/v2\/product"}],"about":[{"href":"https:\/\/www.nakee.spa\/vi\/wp-json\/wp\/v2\/types\/product"}],"wp:featuredmedia":[{"embeddable":true,"href":"https:\/\/www.nakee.spa\/vi\/wp-json\/wp\/v2\/media\/13004"}],"wp:attachment":[{"href":"https:\/\/www.nakee.spa\/vi\/wp-json\/wp\/v2\/media?parent=6907"}],"wp:term":[{"taxonomy":"product_brand","embeddable":true,"href":"https:\/\/www.nakee.spa\/vi\/wp-json\/wp\/v2\/product_brand?post=6907"},{"taxonomy":"product_cat","embeddable":true,"href":"https:\/\/www.nakee.spa\/vi\/wp-json\/wp\/v2\/product_cat?post=6907"},{"taxonomy":"product_tag","embeddable":true,"href":"https:\/\/www.nakee.spa\/vi\/wp-json\/wp\/v2\/product_tag?post=6907"}],"curies":[{"name":"wp","href":"https:\/\/api.w.org\/{rel}","templated":true}]}}