{"id":6988,"date":"2024-07-12T09:55:11","date_gmt":"2024-07-12T09:55:11","guid":{"rendered":"https:\/\/www.nakee.spa\/product\/tay-te-bao-chet-toan-than\/"},"modified":"2025-11-14T00:58:44","modified_gmt":"2025-11-13T17:58:44","slug":"tay-te-bao-chet-toan-than","status":"publish","type":"product","link":"https:\/\/www.nakee.spa\/vi\/s\u1ea3n-ph\u1ea9m\/tay-te-bao-chet-toan-than\/","title":{"rendered":"T\u1ea9y t\u1ebf b\u00e0o ch\u1ebft to\u00e0n th\u00e2n"},"content":{"rendered":"<h3>T\u1ea9y t\u1ebf b\u00e0o ch\u1ebft to\u00e0n th\u00e2n l\u00e0 g\u00ec?<\/h3>\n<p>T\u1ea9y t\u1ebf b\u00e0o ch\u1ebft to\u00e0n th\u00e2n l\u00e0 m\u1ed9t li\u1ec7u ph\u00e1p ch\u0103m s\u00f3c da \u0111\u01b0\u1ee3c thi\u1ebft k\u1ebf \u0111\u1ec3 t\u1ea9y t\u1ebf b\u00e0o ch\u1ebft v\u00e0 tr\u1ebb h\u00f3a l\u00e0n da tr\u00ean c\u01a1 th\u1ec3 b\u1ea1n. N\u00f3 li\u00ean quan \u0111\u1ebfn vi\u1ec7c s\u1eed d\u1ee5ng c\u00e1c v\u1eadt li\u1ec7u m\u00e0i m\u00f2n, nh\u01b0 mu\u1ed1i ho\u1eb7c \u0111\u01b0\u1eddng, k\u1ebft h\u1ee3p v\u1edbi d\u1ea7u v\u00e0 n\u01b0\u1edbc hoa \u0111\u1ec3 lo\u1ea1i b\u1ecf t\u1ebf b\u00e0o da ch\u1ebft, k\u00edch th\u00edch tu\u1ea7n ho\u00e0n v\u00e0 gi\u00fap l\u00e0n da c\u1ee7a b\u1ea1n m\u1ecbn m\u00e0ng v\u00e0 s\u1ea3ng kho\u00e1i. <\/p>\n<h3>L\u1ee3i \u00edch c\u1ee7a vi\u1ec7c t\u1ea9y t\u1ebf b\u00e0o ch\u1ebft to\u00e0n th\u00e2n<\/h3>\n<ol>\n<li><strong>T\u1ea9y t\u1ebf b\u00e0o ch\u1ebft<\/strong> : Lo\u1ea1i b\u1ecf t\u1ebf b\u00e0o da ch\u1ebft, gi\u00fap da m\u1ecbn m\u00e0ng h\u01a1n.<\/li>\n<li><strong>C\u1ea3i thi\u1ec7n l\u01b0u th\u00f4ng m\u00e1u<\/strong> : K\u00edch th\u00edch l\u01b0u th\u00f4ng m\u00e1u, th\u00fac \u0111\u1ea9y l\u00e0n da kh\u1ecfe m\u1ea1nh h\u01a1n.<\/li>\n<li><strong>C\u1ea5p \u1ea9m<\/strong> : C\u00e1c lo\u1ea1i d\u1ea7u d\u00f9ng trong h\u1ed7n h\u1ee3p t\u1ea9y t\u1ebf b\u00e0o ch\u1ebft n\u00e0y c\u00f3 t\u00e1c d\u1ee5ng d\u01b0\u1ee1ng \u1ea9m v\u00e0 nu\u00f4i d\u01b0\u1ee1ng l\u00e0n da.<\/li>\n<li><strong>T\u00e1i t\u1ea1o da<\/strong> : Th\u00fac \u0111\u1ea9y qu\u00e1 tr\u00ecnh thay \u0111\u1ed5i t\u1ebf b\u00e0o \u0111\u1ec3 c\u00f3 v\u1ebb ngo\u00e0i t\u01b0\u01a1i m\u1edbi h\u01a1n.<\/li>\n<li><strong>Th\u01b0 gi\u00e3n<\/strong> : Mang l\u1ea1i c\u1ea3m gi\u00e1c b\u00ecnh t\u0129nh v\u00e0 s\u1ea3ng kho\u00e1i.<\/li>\n<\/ol>\n<h3>T\u1ea1i sao n\u00ean ch\u1ecdn t\u1ea9y t\u1ebf b\u00e0o ch\u1ebft to\u00e0n th\u00e2n?<\/h3>\n<p>Ch\u1ecdn m\u1ed9t s\u1ea3n ph\u1ea9m t\u1ea9y t\u1ebf b\u00e0o ch\u1ebft to\u00e0n th\u00e2n chuy\u00ean nghi\u1ec7p \u0111\u1ea3m b\u1ea3o r\u1eb1ng l\u00e0n da c\u1ee7a b\u1ea1n \u0111\u01b0\u1ee3c \u0111i\u1ec1u tr\u1ecb b\u1eb1ng c\u00e1c s\u1ea3n ph\u1ea9m ch\u1ea5t l\u01b0\u1ee3ng cao v\u00e0 k\u1ef9 thu\u1eadt chuy\u00ean nghi\u1ec7p. C\u00e1c nh\u00e0 tr\u1ecb li\u1ec7u l\u00e0nh ngh\u1ec1 c\u1ee7a ch\u00fang t\u00f4i cung c\u1ea5p m\u1ed9t ph\u01b0\u01a1ng ph\u00e1p \u0111i\u1ec1u tr\u1ecb k\u1ef9 l\u01b0\u1ee1ng v\u00e0 th\u01b0 gi\u00e3n gi\u00fap t\u0103ng c\u01b0\u1eddng s\u1ee9c kh\u1ecfe v\u00e0 v\u1ebb ngo\u00e0i c\u1ee7a l\u00e0n da c\u1ee7a b\u1ea1n. <\/p>\n<h3>\u0110\u1ec1 xu\u1ea5t<\/h3>\n<ul>\n<li><strong>Ch\u0103m s\u00f3c th\u01b0\u1eddng xuy\u00ean<\/strong> : L\u00ean l\u1ecbch t\u1ea9y t\u1ebf b\u00e0o ch\u1ebft th\u01b0\u1eddng xuy\u00ean \u0111\u1ec3 duy tr\u00ec l\u00e0n da m\u1ecbn m\u00e0ng v\u00e0 kh\u1ecfe m\u1ea1nh.<\/li>\n<li><strong>D\u01b0\u1ee1ng \u1ea9m<\/strong> : Gi\u1eef cho l\u00e0n da c\u1ee7a b\u1ea1n \u0111\u1ee7 n\u01b0\u1edbc gi\u1eefa c\u00e1c l\u1ea7n \u0111i\u1ec1u tr\u1ecb \u0111\u1ec3 k\u00e9o d\u00e0i hi\u1ec7u qu\u1ea3.<\/li>\n<li><strong>Tr\u00e1nh \u00e1nh n\u1eafng m\u1eb7t tr\u1eddi gay g\u1eaft<\/strong> : B\u1ea3o v\u1ec7 l\u00e0n da m\u1edbi t\u1ea9y t\u1ebf b\u00e0o ch\u1ebft kh\u1ecfi \u00e1nh n\u1eafng m\u1eb7t tr\u1eddi.<\/li>\n<\/ul>\n<h3>Tr\u1ea3i nghi\u1ec7m T\u1ea9y t\u1ebf b\u00e0o ch\u1ebft to\u00e0n th\u00e2n t\u1ea1i Nakee Massage &amp; Spa<\/h3>\n<p>T\u1ea1i Nakee Massage &amp; Spa, d\u1ecbch v\u1ee5 T\u1ea9y t\u1ebf b\u00e0o ch\u1ebft to\u00e0n th\u00e2n c\u1ee7a ch\u00fang t\u00f4i cung c\u1ea5p m\u1ed9t li\u1ec7u ph\u00e1p to\u00e0n di\u1ec7n \u0111\u1ec3 t\u1ea9y t\u1ebf b\u00e0o ch\u1ebft v\u00e0 tr\u1ebb h\u00f3a l\u00e0n da c\u1ee7a b\u1ea1n. C\u00e1c nh\u00e0 tr\u1ecb li\u1ec7u l\u00e0nh ngh\u1ec1 c\u1ee7a ch\u00fang t\u00f4i s\u1eed d\u1ee5ng c\u00e1c k\u1ef9 thu\u1eadt v\u00e0 t\u1ea9y t\u1ebf b\u00e0o ch\u1ebft cao c\u1ea5p \u0111\u1ec3 \u0111\u1ea3m b\u1ea3o tr\u1ea3i nghi\u1ec7m k\u1ef9 l\u01b0\u1ee1ng v\u00e0 th\u01b0 gi\u00e3n. T\u1eadn h\u01b0\u1edfng l\u00e0n da m\u1ecbn m\u00e0ng, kh\u1ecfe m\u1ea1nh h\u01a1n v\u00e0 th\u01b0 gi\u00e3n t\u1ed1i \u0111a trong m\u00f4i tr\u01b0\u1eddng spa thanh b\u00ecnh c\u1ee7a ch\u00fang t\u00f4i.  <\/p>\n","protected":false},"excerpt":{"rendered":"<p>Body Scrub t\u1ea1i Nakee Massage &amp; Spa cung c\u1ea5p li\u1ec7u ph\u00e1p t\u1ea9y t\u1ebf b\u00e0o ch\u1ebft sang tr\u1ecdng \u0111\u01b0\u1ee3c thi\u1ebft k\u1ebf \u0111\u1ec3 tr\u1ebb h\u00f3a v\u00e0 l\u00e0m m\u1edbi l\u00e0n da c\u1ee7a b\u1ea1n. S\u1eed d\u1ee5ng t\u1ea9y t\u1ebf b\u00e0o ch\u1ebft ch\u1ea5t l\u01b0\u1ee3ng cao v\u00e0 k\u1ef9 thu\u1eadt ti\u00ean ti\u1ebfn, c\u00e1c nh\u00e0 tr\u1ecb li\u1ec7u chuy\u00ean nghi\u1ec7p c\u1ee7a ch\u00fang t\u00f4i lo\u1ea1i b\u1ecf t\u1ebf b\u00e0o da ch\u1ebft, k\u00edch th\u00edch tu\u1ea7n ho\u00e0n v\u00e0 d\u01b0\u1ee1ng \u1ea9m cho l\u00e0n da c\u1ee7a b\u1ea1n. Ph\u01b0\u01a1ng ph\u00e1p \u0111i\u1ec1u tr\u1ecb to\u00e0n di\u1ec7n n\u00e0y c\u1ea3i thi\u1ec7n k\u1ebft c\u1ea5u da, th\u00fac \u0111\u1ea9y qu\u00e1 tr\u00ecnh t\u00e1i t\u1ea1o t\u1ebf b\u00e0o v\u00e0 mang l\u1ea1i cho l\u00e0n da c\u1ee7a b\u1ea1n c\u1ea3m gi\u00e1c m\u1ecbn m\u00e0ng v\u00e0 tr\u00e0n \u0111\u1ea7y sinh l\u1ef1c. Tr\u1ea3i nghi\u1ec7m s\u1ef1 pha tr\u1ed9n ho\u00e0n h\u1ea3o gi\u1eefa th\u01b0 gi\u00e3n v\u00e0 tr\u1ebb h\u00f3a v\u1edbi d\u1ecbch v\u1ee5 T\u1ea9y t\u1ebf b\u00e0o ch\u1ebft to\u00e0n th\u00e2n c\u1ee7a ch\u00fang t\u00f4i, \u0111\u01b0\u1ee3c thi\u1ebft k\u1ebf ri\u00eang \u0111\u1ec3 mang l\u1ea1i s\u1ef1 tho\u1ea3i m\u00e1i v\u00e0 h\u1ea1nh ph\u00fac t\u1ed1i \u0111a.   <\/p>\n","protected":false},"featured_media":13025,"template":"","meta":{"_acf_changed":false,"wds_primary_product_brand":0,"wds_primary_product_cat":0},"product_brand":[],"product_cat":[215],"product_tag":[830,868,817,856,804],"class_list":{"0":"post-6988","1":"product","2":"type-product","3":"status-publish","4":"has-post-thumbnail","6":"product_cat-cham-soc-sac-dep","7":"product_tag-cham-soc-da-mat-gan-toi","8":"product_tag-cham-soc-da-mat-tot-nhat","9":"product_tag-salon-tay-da-chet-tot-nhat","10":"product_tag-tay-te-bao-chet-toan-than-gan-toi","11":"product_tag-tay-te-bao-chet-toan-than-tot-nhat","12":"pa_duration-60-phut","13":"pa_massage-cha","14":"pa_massage-cham-soc-sac-dep","15":"pa_menu-category-cac-lieu-phap-cham-soc-co-the-lam-dep","16":"pa_types-min-mang-lam-dep","18":"first","19":"instock","20":"shipping-taxable","21":"purchasable","22":"product-type-variable"},"acf":[],"_links":{"self":[{"href":"https:\/\/www.nakee.spa\/vi\/wp-json\/wp\/v2\/product\/6988","targetHints":{"allow":["GET"]}}],"collection":[{"href":"https:\/\/www.nakee.spa\/vi\/wp-json\/wp\/v2\/product"}],"about":[{"href":"https:\/\/www.nakee.spa\/vi\/wp-json\/wp\/v2\/types\/product"}],"wp:featuredmedia":[{"embeddable":true,"href":"https:\/\/www.nakee.spa\/vi\/wp-json\/wp\/v2\/media\/13025"}],"wp:attachment":[{"href":"https:\/\/www.nakee.spa\/vi\/wp-json\/wp\/v2\/media?parent=6988"}],"wp:term":[{"taxonomy":"product_brand","embeddable":true,"href":"https:\/\/www.nakee.spa\/vi\/wp-json\/wp\/v2\/product_brand?post=6988"},{"taxonomy":"product_cat","embeddable":true,"href":"https:\/\/www.nakee.spa\/vi\/wp-json\/wp\/v2\/product_cat?post=6988"},{"taxonomy":"product_tag","embeddable":true,"href":"https:\/\/www.nakee.spa\/vi\/wp-json\/wp\/v2\/product_tag?post=6988"}],"curies":[{"name":"wp","href":"https:\/\/api.w.org\/{rel}","templated":true}]}}