{"id":7027,"date":"2024-07-09T09:57:58","date_gmt":"2024-07-09T09:57:58","guid":{"rendered":"https:\/\/www.nakee.spa\/product\/goi-aloe-vera-touch\/"},"modified":"2025-11-14T01:55:35","modified_gmt":"2025-11-13T18:55:35","slug":"goi-aloe-vera-touch","status":"publish","type":"product","link":"https:\/\/www.nakee.spa\/vi\/s\u1ea3n-ph\u1ea9m\/goi-aloe-vera-touch\/","title":{"rendered":"G\u00f3i Aloe Vera Touch"},"content":{"rendered":"<p><strong>G\u00f3i Aloe Vera Touch l\u00e0 g\u00ec?<\/strong>  G\u00f3i Aloe Vera Touch l\u00e0 s\u1ef1 pha tr\u1ed9n \u0111\u1ed9c \u0111\u00e1o gi\u1eefa Massage Th\u00e1i \u0111\u00edch th\u1ef1c t\u1ed1t nh\u1ea5t c\u1ee7a ch\u00fang t\u00f4i v\u00e0 Massage Nha \u0111am tr\u1ebb h\u00f3a. Bu\u1ed5i h\u1ecdc k\u00e9o d\u00e0i 60 ph\u00fat n\u00e0y k\u1ebft h\u1ee3p c\u00e1c k\u1ef9 thu\u1eadt truy\u1ec1n th\u1ed1ng c\u1ee7a Th\u00e1i Lan v\u1edbi c\u00e1c \u0111\u1eb7c t\u00ednh l\u00e0m d\u1ecbu c\u1ee7a Nha \u0111am \u0111\u1ec3 mang \u0111\u1ebfn tr\u1ea3i nghi\u1ec7m th\u01b0 gi\u00e3n v\u00e0 ch\u1eefa b\u1ec7nh to\u00e0n di\u1ec7n. <\/p>\n<p><strong>L\u1ee3i \u00edch c\u1ee7a G\u00f3i Aloe Vera Touch<\/strong><\/p>\n<ul>\n<li><strong>Th\u01b0 gi\u00e3n s\u00e2u<\/strong> : S\u1ef1 k\u1ebft h\u1ee3p gi\u1eefa \u0111\u1ed9ng t\u00e1c k\u00e9o gi\u00e3n v\u00e0 b\u1ea5m huy\u1ec7t c\u1ee7a massage Th\u00e1i v\u1edbi t\u00e1c d\u1ee5ng l\u00e0m m\u00e1t c\u1ee7a l\u00f4 h\u1ed9i gi\u00fap th\u01b0 gi\u00e3n s\u00e2u c\u00e1c c\u01a1 v\u00e0 t\u00e2m tr\u00ed c\u1ee7a b\u1ea1n.<\/li>\n<li><strong>Tr\u1ebb h\u00f3a da<\/strong> : L\u00f4 h\u1ed9i n\u1ed5i ti\u1ebfng v\u1edbi \u0111\u1eb7c t\u00ednh l\u00e0m d\u1ecbu v\u00e0 d\u01b0\u1ee1ng \u1ea9m cho da, khi\u1ebfn s\u1ea3n ph\u1ea9m n\u00e0y tr\u1edf n\u00ean ho\u00e0n h\u1ea3o \u0111\u1ec3 ph\u1ee5c h\u1ed3i l\u00e0n da c\u1ee7a b\u1ea1n.<\/li>\n<li><strong>Gi\u1ea3m c\u0103ng th\u1eb3ng<\/strong> : T\u00ednh ch\u1ea5t tr\u1ecb li\u1ec7u c\u1ee7a massage Th\u00e1i k\u1ebft h\u1ee3p v\u1edbi kh\u1ea3 n\u0103ng ch\u1eefa b\u1ec7nh t\u1ef1 nhi\u00ean c\u1ee7a l\u00f4 h\u1ed9i gi\u00fap gi\u1ea3m c\u0103ng th\u1eb3ng v\u00e0 th\u00fac \u0111\u1ea9y s\u1ee9c kh\u1ecfe t\u1ed5ng th\u1ec3.<\/li>\n<\/ul>\n<p><strong>T\u1ea1i sao n\u00ean ch\u1ecdn g\u00f3i Aloe Vera Touch?<\/strong>  Tr\u1ea3i nghi\u1ec7m nh\u1eefng \u0111i\u1ec1u t\u1ed1t nh\u1ea5t c\u1ee7a c\u1ea3 hai th\u1ebf gi\u1edbi v\u1edbi G\u00f3i Aloe Vera Touch. N\u00f3 ho\u00e0n h\u1ea3o cho nh\u1eefng ai \u0111ang t\u00ecm ki\u1ebfm m\u1ed9t c\u00e1ch ti\u1ebfp c\u1eadn \u0111\u00edch th\u1ef1c v\u00e0 to\u00e0n di\u1ec7n \u0111\u1ec3 th\u01b0 gi\u00e3n v\u00e0 tr\u1ebb h\u00f3a. Nh\u1eefng l\u1ee3i \u00edch t\u1ef1 nhi\u00ean c\u1ee7a Nha \u0111am k\u1ebft h\u1ee3p v\u1edbi chuy\u00ean m\u00f4n c\u1ee7a c\u00e1c nh\u00e0 tr\u1ecb li\u1ec7u m\u00e1t-xa Th\u00e1i c\u1ee7a ch\u00fang t\u00f4i \u0111\u1ea3m b\u1ea3o tr\u1ea3i nghi\u1ec7m \u0111\u1ed9c \u0111\u00e1o v\u00e0 h\u1ed3i sinh.  <\/p>\n<p><strong>S\u1ef1 g\u1ee3i \u00fd<\/strong> H\u00e3y th\u1eed g\u00f3i n\u00e0y n\u1ebfu b\u1ea1n mu\u1ed1n \u0111i\u1ec1u tr\u1ecb cho c\u01a1 th\u1ec3 c\u1ee7a m\u00ecnh tr\u1ea3i nghi\u1ec7m th\u01b0 gi\u00e3n v\u00e0 tr\u1ebb h\u00f3a l\u00e0n da t\u1ed1i \u0111a, gi\u00fap b\u1ea1n c\u1ea3m th\u1ea5y s\u1ea3ng kho\u00e1i v\u00e0 tr\u00e0n \u0111\u1ea7y s\u1ee9c s\u1ed1ng.<\/p>\n","protected":false},"excerpt":{"rendered":"<p>Tr\u1ea3i nghi\u1ec7m th\u01b0 gi\u00e3n tuy\u1ec7t v\u1eddi nh\u1ea5t v\u1edbi G\u00f3i Aloe Vera Touch \u0111\u00edch th\u1ef1c c\u1ee7a ch\u00fang t\u00f4i. Ph\u01b0\u01a1ng ph\u00e1p \u0111i\u1ec1u tr\u1ecb n\u00e0y k\u1ebft h\u1ee3p c\u00e1c l\u1ee3i \u00edch tr\u1ecb li\u1ec7u c\u1ee7a Massage Th\u00e1i v\u1edbi c\u00e1c \u0111\u1eb7c t\u00ednh l\u00e0m d\u1ecbu c\u1ee7a Massage Nha \u0111am. Ho\u00e0n h\u1ea3o \u0111\u1ec3 tr\u1ebb h\u00f3a l\u00e0n da c\u1ee7a b\u1ea1n v\u00e0 gi\u1ea3m c\u0103ng th\u1eb3ng, G\u00f3i Aloe Vera Touch cung c\u1ea5p c\u1ea3 phi\u00ean 60 ph\u00fat v\u00e0 120 ph\u00fat. T\u1eadn h\u01b0\u1edfng th\u01b0 gi\u00e3n c\u01a1 s\u00e2u, c\u1ea3i thi\u1ec7n \u0111\u1ed9 \u1ea9m cho da v\u00e0 tr\u1ea3i nghi\u1ec7m \u0111\u1ed9c \u0111\u00e1o, to\u00e0n di\u1ec7n k\u1ebft h\u1ee3p c\u00e1c k\u1ef9 thu\u1eadt truy\u1ec1n th\u1ed1ng c\u1ee7a Th\u00e1i Lan v\u1edbi kh\u1ea3 n\u0103ng ch\u1eefa b\u1ec7nh t\u1ef1 nhi\u00ean c\u1ee7a Nha \u0111am. Ch\u1ecdn g\u00f3i n\u00e0y \u0111\u1ec3 tr\u1ebb h\u00f3a t\u1ed1i \u0111a v\u00e0 tr\u1ea3i nghi\u1ec7m spa Th\u00e1i \u0111\u00edch th\u1ef1c.    <\/p>\n","protected":false},"featured_media":912,"template":"","meta":{"_acf_changed":false,"wds_primary_product_brand":0,"wds_primary_product_cat":0},"product_brand":[],"product_cat":[468],"product_tag":[525,514,508,526,530,524,520,512,882,791,523,522,527,518,759,529,778,528,843,516],"class_list":{"0":"post-7027","1":"product","2":"type-product","3":"status-publish","4":"has-post-thumbnail","6":"product_cat-goi","7":"product_tag-massage-tot-nhat-gan-toi","8":"product_tag-gia-massage-koh-samui","9":"product_tag-massage-koh-samui","10":"product_tag-massage-o-koh-samui","11":"product_tag-massage-o-koh-samui-thai-lan","12":"product_tag-massage-thai-gan-toi","13":"product_tag-massage-thai-koh-samui-vi","14":"product_tag-massage-thai-koh-samui","15":"product_tag-massage-thai-o-bo-phut","16":"product_tag-massage-thai-o-choengmon","17":"product_tag-massage-toan-than","18":"product_tag-massage-toan-than-koh-samui","19":"product_tag-massage-tot-nhat-chaweng","20":"product_tag-massage-tot-nhat-koh-samui","21":"product_tag-massage-tot-nhat-o-bo-phut","22":"product_tag-massage-tot-nhat-o-chaweng","23":"product_tag-massage-tot-nhat-o-choengmon","24":"product_tag-massage-tot-nhat-o-koh-samui","25":"product_tag-salon-massage","26":"product_tag-tiem-mat-xa-koh-samui","27":"pa_duration-120-phut","28":"pa_duration-60-phut","29":"pa_massage-lo-hoi","30":"pa_massage-massage-thai","31":"pa_menu-category-cham-soc-sau-khi-tam-nang","32":"pa_types-keo-gian-phong-cach-thai","34":"first","35":"instock","36":"shipping-taxable","37":"purchasable","38":"product-type-variable"},"acf":[],"_links":{"self":[{"href":"https:\/\/www.nakee.spa\/vi\/wp-json\/wp\/v2\/product\/7027","targetHints":{"allow":["GET"]}}],"collection":[{"href":"https:\/\/www.nakee.spa\/vi\/wp-json\/wp\/v2\/product"}],"about":[{"href":"https:\/\/www.nakee.spa\/vi\/wp-json\/wp\/v2\/types\/product"}],"wp:featuredmedia":[{"embeddable":true,"href":"https:\/\/www.nakee.spa\/vi\/wp-json\/wp\/v2\/media\/912"}],"wp:attachment":[{"href":"https:\/\/www.nakee.spa\/vi\/wp-json\/wp\/v2\/media?parent=7027"}],"wp:term":[{"taxonomy":"product_brand","embeddable":true,"href":"https:\/\/www.nakee.spa\/vi\/wp-json\/wp\/v2\/product_brand?post=7027"},{"taxonomy":"product_cat","embeddable":true,"href":"https:\/\/www.nakee.spa\/vi\/wp-json\/wp\/v2\/product_cat?post=7027"},{"taxonomy":"product_tag","embeddable":true,"href":"https:\/\/www.nakee.spa\/vi\/wp-json\/wp\/v2\/product_tag?post=7027"}],"curies":[{"name":"wp","href":"https:\/\/api.w.org\/{rel}","templated":true}]}}