{"id":7040,"date":"2024-07-12T10:02:24","date_gmt":"2024-07-12T10:02:24","guid":{"rendered":"https:\/\/www.nakee.spa\/product\/tay-te-bao-chet-cho-mat-facail\/"},"modified":"2025-11-14T00:58:52","modified_gmt":"2025-11-13T17:58:52","slug":"tay-te-bao-chet-cho-mat-facail","status":"publish","type":"product","link":"https:\/\/www.nakee.spa\/vi\/s\u1ea3n-ph\u1ea9m\/tay-te-bao-chet-cho-mat-facail\/","title":{"rendered":"T\u1ea9y t\u1ebf b\u00e0o ch\u1ebft cho m\u1eb7t"},"content":{"rendered":"<h3>T\u1ea9y t\u1ebf b\u00e0o ch\u1ebft cho m\u1eb7t l\u00e0 g\u00ec?<\/h3>\n<p>T\u1ea9y t\u1ebf b\u00e0o ch\u1ebft cho m\u1eb7t, c\u00f2n \u0111\u01b0\u1ee3c g\u1ecdi l\u00e0 ch\u0103m s\u00f3c da m\u1eb7t, l\u00e0 ph\u01b0\u01a1ng ph\u00e1p ch\u0103m s\u00f3c da \u0111\u01b0\u1ee3c thi\u1ebft k\u1ebf \u0111\u1ec3 t\u1ea9y t\u1ebf b\u00e0o ch\u1ebft v\u00e0 l\u00e0m s\u1ea1ch da m\u1eb7t. Ph\u01b0\u01a1ng ph\u00e1p n\u00e0y bao g\u1ed3m vi\u1ec7c s\u1eed d\u1ee5ng c\u00e1c s\u1ea3n ph\u1ea9m t\u1ea9y t\u1ebf b\u00e0o ch\u1ebft v\u00e0 c\u00e1c s\u1ea3n ph\u1ea9m ch\u0103m s\u00f3c da kh\u00e1c \u0111\u1ec3 lo\u1ea1i b\u1ecf t\u1ebf b\u00e0o da ch\u1ebft, th\u00f4ng tho\u00e1ng l\u1ed7 ch\u00e2n l\u00f4ng v\u00e0 gi\u00fap da m\u1ecbn m\u00e0ng v\u00e0 t\u01b0\u01a1i m\u1edbi. <\/p>\n<h3>L\u1ee3i \u00edch c\u1ee7a vi\u1ec7c t\u1ea9y t\u1ebf b\u00e0o ch\u1ebft cho m\u1eb7t<\/h3>\n<ol>\n<li><strong>T\u1ea9y t\u1ebf b\u00e0o ch\u1ebft<\/strong> : Lo\u1ea1i b\u1ecf t\u1ebf b\u00e0o da ch\u1ebft, gi\u00fap da s\u00e1ng h\u01a1n, m\u1ecbn m\u00e0ng h\u01a1n.<\/li>\n<li><strong>L\u00e0m s\u1ea1ch s\u00e2u<\/strong> : L\u00e0m th\u00f4ng tho\u00e1ng l\u1ed7 ch\u00e2n l\u00f4ng v\u00e0 lo\u1ea1i b\u1ecf t\u1ea1p ch\u1ea5t.<\/li>\n<li><strong>C\u1ea3i thi\u1ec7n k\u1ebft c\u1ea5u da<\/strong> : L\u00e0m m\u1ecbn c\u00e1c v\u00f9ng da th\u00f4 r\u00e1p v\u00e0 l\u00e0m \u0111\u1ec1u m\u00e0u da.<\/li>\n<li><strong>C\u1ea5p n\u01b0\u1edbc<\/strong> : B\u1ed5 sung \u0111\u1ed9 \u1ea9m, gi\u00fap da m\u1ec1m m\u1ea1i v\u00e0 m\u1ecbn m\u00e0ng.<\/li>\n<li><strong>Ch\u1ed1ng l\u00e3o h\u00f3a<\/strong> : K\u00edch th\u00edch t\u00e1i t\u1ea1o t\u1ebf b\u00e0o, l\u00e0m gi\u1ea3m s\u1ef1 xu\u1ea5t hi\u1ec7n c\u1ee7a n\u1ebfp nh\u0103n v\u00e0 v\u1ebft ch\u00e2n chim.<\/li>\n<\/ol>\n<h3>T\u1ea1i sao n\u00ean ch\u1ecdn t\u1ea9y t\u1ebf b\u00e0o ch\u1ebft cho m\u1eb7t?<\/h3>\n<p>L\u1ef1a ch\u1ecdn d\u1ecbch v\u1ee5 ch\u0103m s\u00f3c da m\u1eb7t chuy\u00ean nghi\u1ec7p \u0111\u1ea3m b\u1ea3o l\u00e0n da c\u1ee7a b\u1ea1n \u0111\u01b0\u1ee3c ch\u0103m s\u00f3c b\u1eb1ng c\u00e1c s\u1ea3n ph\u1ea9m ch\u1ea5t l\u01b0\u1ee3ng cao v\u00e0 k\u1ef9 thu\u1eadt chuy\u00ean nghi\u1ec7p. C\u00e1c chuy\u00ean gia th\u1ea9m m\u1ef9 gi\u00e0u kinh nghi\u1ec7m c\u1ee7a ch\u00fang t\u00f4i cung c\u1ea5p li\u1ec7u ph\u00e1p to\u00e0n di\u1ec7n v\u00e0 th\u01b0 gi\u00e3n gi\u00fap th\u00fac \u0111\u1ea9y l\u00e0n da kh\u1ecfe m\u1ea1nh, r\u1ea1ng r\u1ee1. <\/p>\n<h3>\u0110\u1ec1 xu\u1ea5t<\/h3>\n<ul>\n<li><strong>Ch\u0103m s\u00f3c da m\u1eb7t th\u01b0\u1eddng xuy\u00ean<\/strong> : L\u00ean l\u1ecbch ch\u0103m s\u00f3c da m\u1eb7t th\u01b0\u1eddng xuy\u00ean \u0111\u1ec3 duy tr\u00ec s\u1ee9c kh\u1ecfe l\u00e0n da t\u1ed1i \u01b0u.<\/li>\n<li><strong>Ch\u1ed1ng n\u1eafng<\/strong> : S\u1eed d\u1ee5ng kem ch\u1ed1ng n\u1eafng h\u00e0ng ng\u00e0y \u0111\u1ec3 b\u1ea3o v\u1ec7 l\u00e0n da c\u1ee7a b\u1ea1n sau khi \u0111i\u1ec1u tr\u1ecb.<\/li>\n<li><strong>Lo\u1ea1i da<\/strong> : Ch\u1ecdn ph\u01b0\u01a1ng ph\u00e1p ch\u0103m s\u00f3c da m\u1eb7t ph\u00f9 h\u1ee3p v\u1edbi lo\u1ea1i da c\u1ee7a b\u1ea1n \u0111\u1ec3 c\u00f3 k\u1ebft qu\u1ea3 t\u1ed1t nh\u1ea5t.<\/li>\n<\/ul>\n<h3>Tr\u1ea3i nghi\u1ec7m d\u1ecbch v\u1ee5 t\u1ea9y t\u1ebf b\u00e0o ch\u1ebft cho m\u1eb7t t\u1ea1i Nakee Massage &amp; Spa<\/h3>\n<p>T\u1ea1i Nakee Massage &amp; Spa, d\u1ecbch v\u1ee5 T\u1ea9y t\u1ebf b\u00e0o ch\u1ebft cho m\u1eb7t (Ch\u0103m s\u00f3c da m\u1eb7t) c\u1ee7a ch\u00fang t\u00f4i cung c\u1ea5p li\u1ec7u ph\u00e1p sang tr\u1ecdng \u0111\u1ec3 t\u1ea9y t\u1ebf b\u00e0o ch\u1ebft v\u00e0 tr\u1ebb h\u00f3a l\u00e0n da c\u1ee7a b\u1ea1n. C\u00e1c chuy\u00ean gia th\u1ea9m m\u1ef9 l\u00e0nh ngh\u1ec1 c\u1ee7a ch\u00fang t\u00f4i s\u1eed d\u1ee5ng c\u00e1c s\u1ea3n ph\u1ea9m v\u00e0 k\u1ef9 thu\u1eadt cao c\u1ea5p \u0111\u1ec3 \u0111\u1ea3m b\u1ea3o tr\u1ea3i nghi\u1ec7m to\u00e0n di\u1ec7n v\u00e0 th\u01b0 gi\u00e3n. T\u1eadn h\u01b0\u1edfng l\u00e0n da s\u1ea1ch h\u01a1n, kh\u1ecfe m\u1ea1nh h\u01a1n v\u00e0 s\u1ef1 th\u01b0 gi\u00e3n t\u1ed1i \u0111a trong m\u00f4i tr\u01b0\u1eddng spa thanh b\u00ecnh c\u1ee7a ch\u00fang t\u00f4i.  <\/p>\n","protected":false},"excerpt":{"rendered":"<p>Face Scrub (Facial) t\u1ea1i Nakee Massage &amp; Spa cung c\u1ea5p li\u1ec7u ph\u00e1p t\u1ea9y t\u1ebf b\u00e0o ch\u1ebft sang tr\u1ecdng \u0111\u01b0\u1ee3c thi\u1ebft k\u1ebf \u0111\u1ec3 tr\u1ebb h\u00f3a v\u00e0 l\u00e0m m\u1edbi l\u00e0n da c\u1ee7a b\u1ea1n. S\u1eed d\u1ee5ng t\u1ea9y t\u1ebf b\u00e0o ch\u1ebft ch\u1ea5t l\u01b0\u1ee3ng cao v\u00e0 k\u1ef9 thu\u1eadt ch\u0103m s\u00f3c da ti\u00ean ti\u1ebfn, c\u00e1c chuy\u00ean gia th\u1ea9m m\u1ef9 chuy\u00ean nghi\u1ec7p c\u1ee7a ch\u00fang t\u00f4i lo\u1ea1i b\u1ecf t\u1ebf b\u00e0o da ch\u1ebft, th\u00f4ng tho\u00e1ng l\u1ed7 ch\u00e2n l\u00f4ng v\u00e0 d\u01b0\u1ee1ng \u1ea9m cho l\u00e0n da c\u1ee7a b\u1ea1n. Ph\u01b0\u01a1ng ph\u00e1p \u0111i\u1ec1u tr\u1ecb to\u00e0n di\u1ec7n n\u00e0y c\u1ea3i thi\u1ec7n k\u1ebft c\u1ea5u da, l\u00e0m s\u00e1ng da v\u00e0 k\u00edch th\u00edch t\u00e1i t\u1ea1o t\u1ebf b\u00e0o, gi\u1ea3m s\u1ef1 xu\u1ea5t hi\u1ec7n c\u1ee7a n\u1ebfp nh\u0103n. Tr\u1ea3i nghi\u1ec7m l\u00e0n da s\u1ea1ch h\u01a1n, m\u1ecbn m\u00e0ng v\u00e0 kh\u1ecfe m\u1ea1nh h\u01a1n v\u1edbi c\u00e1c d\u1ecbch v\u1ee5 ch\u0103m s\u00f3c da m\u1eb7t chuy\u00ean bi\u1ec7t c\u1ee7a ch\u00fang t\u00f4i, \u0111\u01b0\u1ee3c thi\u1ebft k\u1ebf ri\u00eang \u0111\u1ec3 mang l\u1ea1i s\u1ef1 th\u01b0 gi\u00e3n v\u00e0 tr\u1ebb h\u00f3a t\u1ed1i \u0111a.   <\/p>\n","protected":false},"featured_media":1111,"template":"","meta":{"_acf_changed":false,"wds_primary_product_brand":0,"wds_primary_product_cat":0},"product_brand":[],"product_cat":[215],"product_tag":[830,868,817,856,804],"class_list":{"0":"post-7040","1":"product","2":"type-product","3":"status-publish","4":"has-post-thumbnail","6":"product_cat-cham-soc-sac-dep","7":"product_tag-cham-soc-da-mat-gan-toi","8":"product_tag-cham-soc-da-mat-tot-nhat","9":"product_tag-salon-tay-da-chet-tot-nhat","10":"product_tag-tay-te-bao-chet-toan-than-gan-toi","11":"product_tag-tay-te-bao-chet-toan-than-tot-nhat","12":"pa_duration-60-phut","13":"pa_massage-cha","14":"pa_massage-cham-soc-sac-dep","15":"pa_menu-category-cac-lieu-phap-cham-soc-co-the-lam-dep","16":"pa_types-min-mang-lam-dep","18":"first","19":"instock","20":"shipping-taxable","21":"purchasable","22":"product-type-variable"},"acf":[],"_links":{"self":[{"href":"https:\/\/www.nakee.spa\/vi\/wp-json\/wp\/v2\/product\/7040","targetHints":{"allow":["GET"]}}],"collection":[{"href":"https:\/\/www.nakee.spa\/vi\/wp-json\/wp\/v2\/product"}],"about":[{"href":"https:\/\/www.nakee.spa\/vi\/wp-json\/wp\/v2\/types\/product"}],"wp:featuredmedia":[{"embeddable":true,"href":"https:\/\/www.nakee.spa\/vi\/wp-json\/wp\/v2\/media\/1111"}],"wp:attachment":[{"href":"https:\/\/www.nakee.spa\/vi\/wp-json\/wp\/v2\/media?parent=7040"}],"wp:term":[{"taxonomy":"product_brand","embeddable":true,"href":"https:\/\/www.nakee.spa\/vi\/wp-json\/wp\/v2\/product_brand?post=7040"},{"taxonomy":"product_cat","embeddable":true,"href":"https:\/\/www.nakee.spa\/vi\/wp-json\/wp\/v2\/product_cat?post=7040"},{"taxonomy":"product_tag","embeddable":true,"href":"https:\/\/www.nakee.spa\/vi\/wp-json\/wp\/v2\/product_tag?post=7040"}],"curies":[{"name":"wp","href":"https:\/\/api.w.org\/{rel}","templated":true}]}}