{"id":7053,"date":"2024-07-09T10:55:21","date_gmt":"2024-07-09T10:55:21","guid":{"rendered":"https:\/\/www.nakee.spa\/product\/goi-herbal-harmony\/"},"modified":"2025-11-14T01:55:37","modified_gmt":"2025-11-13T18:55:37","slug":"goi-herbal-harmony","status":"publish","type":"product","link":"https:\/\/www.nakee.spa\/vi\/s\u1ea3n-ph\u1ea9m\/goi-herbal-harmony\/","title":{"rendered":"G\u00f3i Herbal Harmony"},"content":{"rendered":"<p><strong>Tr\u1ea3i nghi\u1ec7m ph\u01b0\u01a1ng ph\u00e1p ch\u0103m s\u00f3c s\u1ee9c kh\u1ecfe t\u1ed1t nh\u1ea5t c\u1ee7a Th\u00e1i Lan v\u1edbi g\u00f3i Herbal Harmony, s\u1ef1 k\u1ebft h\u1ee3p ho\u00e0n h\u1ea3o gi\u1eefa ph\u01b0\u01a1ng ph\u00e1p Massage th\u1ea3o d\u01b0\u1ee3c n\u00e9n nguy\u00ean b\u1ea3n v\u00e0 l\u1ee3i \u00edch l\u00e0m d\u1ecbu c\u1ee7a d\u1ea7u d\u1eeba.<\/strong><\/p>\n<h4>Herbal Harmony l\u00e0 g\u00ec?<\/h4>\n<p>G\u00f3i n\u00e0y k\u1ebft h\u1ee3p s\u1ee9c m\u1ea1nh tr\u1ecb li\u1ec7u c\u1ee7a Ch\u01b0\u1eddm th\u1ea3o d\u01b0\u1ee3c truy\u1ec1n th\u1ed1ng Th\u00e1i Lan v\u1edbi \u0111\u1eb7c t\u00ednh d\u01b0\u1ee1ng \u1ea9m v\u00e0 th\u01b0 gi\u00e3n c\u1ee7a massage d\u1ea7u d\u1eeba. Ch\u01b0\u1eddm th\u1ea3o d\u01b0\u1ee3c, ch\u1ee9a \u0111\u1ea7y c\u00e1c lo\u1ea1i th\u1ea3o m\u1ed9c Th\u00e1i Lan, \u0111\u01b0\u1ee3c h\u1ea5p v\u00e0 thoa l\u00ean c\u01a1 th\u1ec3, t\u0103ng c\u01b0\u1eddng th\u01b0 gi\u00e3n, gi\u1ea3m c\u0103ng th\u1eb3ng v\u00e0 gi\u1ea3m c\u0103ng c\u01a1. Ti\u1ebfp theo l\u00e0 massage d\u1ea7u d\u1eeba sang tr\u1ecdng, n\u00f3 nu\u00f4i d\u01b0\u1ee1ng l\u00e0n da v\u00e0 l\u00e0m d\u1ecbu t\u00e2m tr\u00ed.  <\/p>\n<h4>L\u1ee3i \u00edch c\u1ee7a Herbal Harmony:<\/h4>\n<ul>\n<li><strong>Th\u01b0 gi\u00e3n s\u00e2u<\/strong> : H\u01a1i \u1ea5m c\u1ee7a t\u00fai ch\u01b0\u1eddm th\u1ea3o d\u01b0\u1ee3c v\u00e0 d\u1ea7u d\u1eeba d\u1ecbu nh\u1eb9 k\u1ebft h\u1ee3p v\u1edbi nhau gi\u00fap xua tan c\u0103ng th\u1eb3ng.<\/li>\n<li><strong>Gi\u1ea3m \u0111au c\u01a1<\/strong> : Ho\u00e0n h\u1ea3o \u0111\u1ec3 l\u00e0m gi\u1ea3m \u0111au m\u00e3n t\u00ednh v\u00e0 c\u1ee9ng c\u01a1.<\/li>\n<li><strong>Ch\u0103m s\u00f3c da n\u00e2ng cao<\/strong> : D\u1ea7u d\u1eeba d\u01b0\u1ee1ng \u1ea9m s\u00e2u, gi\u00fap da m\u1ec1m m\u1ea1i v\u00e0 \u0111\u1ee7 n\u01b0\u1edbc.<\/li>\n<li><strong>Gi\u1ea3m c\u0103ng th\u1eb3ng<\/strong> : Li\u1ec7u ph\u00e1p k\u1ebft h\u1ee3p n\u00e0y th\u00fac \u0111\u1ea9y s\u1ee9c kh\u1ecfe t\u1ed5ng th\u1ec3, gi\u1ea3m c\u0103ng th\u1eb3ng v\u00e0 lo \u00e2u.<\/li>\n<\/ul>\n<h4>T\u1ea1i sao n\u00ean ch\u1ecdn Herbal Harmony?<\/h4>\n<p>G\u00f3i n\u00e0y l\u00fd t\u01b0\u1edfng cho nh\u1eefng ai \u0111ang t\u00ecm ki\u1ebfm tr\u1ea3i nghi\u1ec7m ch\u0103m s\u00f3c s\u1ee9c kh\u1ecfe Th\u00e1i Lan \u0111\u1eafm ch\u00ecm. N\u00f3 k\u1ebft h\u1ee3p nhi\u1ec7t tr\u1ecb li\u1ec7u v\u00e0 l\u1ee3i \u00edch th\u1ea3o d\u01b0\u1ee3c c\u1ee7a ch\u01b0\u1eddm v\u1edbi c\u1ea3m gi\u00e1c nu\u00f4i d\u01b0\u1ee1ng c\u1ee7a d\u1ea7u d\u1eeba, mang l\u1ea1i c\u1ea3m gi\u00e1c th\u01b0 gi\u00e3n v\u00e0 tr\u1ebb h\u00f3a v\u00f4 song. <\/p>\n<p><strong>Gi\u1edbi thi\u1ec7u v\u1ec1 d\u1ea7u d\u1eeba Nakee<\/strong>: D\u1ea7u d\u1eeba \u0111\u1eb7c bi\u1ec7t c\u1ee7a ch\u00fang t\u00f4i \u0111\u01b0\u1ee3c l\u00e0m t\u1eeb d\u1eeba tr\u1ed3ng tr\u00ean \u0111\u1ea3o Koh Samui. D\u1ea7u d\u1eeba h\u1eefu c\u01a1 nguy\u00ean ch\u1ea5t 100% t\u1ef1 nhi\u00ean, t\u1ef1 l\u00e0m n\u00e0y \u0111\u1ea3m b\u1ea3o tr\u1ea3i nghi\u1ec7m thu\u1ea7n khi\u1ebft v\u00e0 ch\u00e2n th\u1ef1c. M\u00f9i h\u01b0\u01a1ng d\u1ec5 ch\u1ecbu gi\u00fap t\u0103ng c\u01b0\u1eddng th\u01b0 gi\u00e3n v\u00e0 l\u00e0m cho vi\u1ec7c m\u00e1t-xa c\u1ee7a b\u1ea1n tr\u1edf n\u00ean th\u00fa v\u1ecb h\u01a1n.  <\/p>\n<p><strong>Ch\u01b0\u1eddm th\u1ea3o d\u01b0\u1ee3c Th\u00e1i c\u1ee7a ch\u00fang t\u00f4i<\/strong>: Ch\u01b0\u1eddm th\u1ea3o d\u01b0\u1ee3c Th\u00e1i Lan th\u01b0\u1eddng s\u1eed d\u1ee5ng m\u1ed9t h\u1ed7n h\u1ee3p c\u1ee5 th\u1ec3 c\u1ee7a c\u00e1c lo\u1ea1i th\u1ea3o m\u1ed9c c\u00f3 ngu\u1ed3n g\u1ed1c t\u1eeb Th\u00e1i Lan, ch\u1eb3ng h\u1ea1n nh\u01b0 s\u1ea3, ngh\u1ec7, chanh kaffir v\u00e0 me, kh\u00f4ng th\u01b0\u1eddng \u0111\u01b0\u1ee3c t\u00ecm th\u1ea5y trong ch\u01b0\u1eddm th\u1ea3o d\u01b0\u1ee3c t\u1eeb c\u00e1c qu\u1ed1c gia kh\u00e1c.<\/p>\n<p>Tr\u1ea3i nghi\u1ec7m s\u1ee9c kh\u1ecfe Th\u00e1i Lan t\u1ed1t nh\u1ea5t v\u00e0 \u0111\u00edch th\u1ef1c nh\u1ea5t v\u1edbi g\u00f3i Th\u1ea3o d\u01b0\u1ee3c Harmony c\u1ee7a ch\u00fang t\u00f4i, \u0111\u01b0\u1ee3c thi\u1ebft k\u1ebf \u0111\u1ec3 mang \u0111\u1ebfn s\u1ef1 th\u01b0 gi\u00e3n v\u00e0 tr\u1ebb h\u00f3a t\u1ed1i \u0111a.<\/p>\n","protected":false},"excerpt":{"rendered":"<p>Tr\u1ea3i nghi\u1ec7m massage Th\u00e1i \u0111\u00edch th\u1ef1c t\u1ed1t nh\u1ea5t v\u1edbi g\u00f3i Herbal Harmony c\u1ee7a ch\u00fang t\u00f4i, k\u1ebft h\u1ee3p ch\u01b0\u1eddm th\u1ea3o d\u01b0\u1ee3c v\u00e0 d\u1ea7u d\u1eeba nu\u00f4i d\u01b0\u1ee1ng. Bu\u1ed5i t\u1eadp k\u00e9o d\u00e0i 60 ho\u1eb7c 120 ph\u00fat n\u00e0y gi\u00fap gi\u1ea3m c\u0103ng c\u01a1, c\u1ea3i thi\u1ec7n tu\u1ea7n ho\u00e0n v\u00e0 gi\u1ea3m c\u0103ng th\u1eb3ng. Ch\u01b0\u1eddm th\u1ea3o d\u01b0\u1ee3c \u0111\u01b0\u1ee3c l\u00e0m n\u00f3ng gi\u1ea3i ph\u00f3ng nhi\u1ec7t v\u00e0 h\u01b0\u01a1ng th\u01a1m tr\u1ecb li\u1ec7u, trong khi massage d\u1ea7u d\u1eeba d\u01b0\u1ee1ng \u1ea9m s\u00e2u cho da, t\u0103ng c\u01b0\u1eddng th\u01b0 gi\u00e3n.  <\/p>\n","protected":false},"featured_media":0,"template":"","meta":{"_acf_changed":false,"wds_primary_product_brand":0,"wds_primary_product_cat":0},"product_brand":[],"product_cat":[468],"product_tag":[525,514,508,526,530,524,520,512,882,791,523,522,527,518,759,529,778,528,843,516],"class_list":{"0":"post-7053","1":"product","2":"type-product","3":"status-publish","5":"product_cat-goi","6":"product_tag-massage-tot-nhat-gan-toi","7":"product_tag-gia-massage-koh-samui","8":"product_tag-massage-koh-samui","9":"product_tag-massage-o-koh-samui","10":"product_tag-massage-o-koh-samui-thai-lan","11":"product_tag-massage-thai-gan-toi","12":"product_tag-massage-thai-koh-samui-vi","13":"product_tag-massage-thai-koh-samui","14":"product_tag-massage-thai-o-bo-phut","15":"product_tag-massage-thai-o-choengmon","16":"product_tag-massage-toan-than","17":"product_tag-massage-toan-than-koh-samui","18":"product_tag-massage-tot-nhat-chaweng","19":"product_tag-massage-tot-nhat-koh-samui","20":"product_tag-massage-tot-nhat-o-bo-phut","21":"product_tag-massage-tot-nhat-o-chaweng","22":"product_tag-massage-tot-nhat-o-choengmon","23":"product_tag-massage-tot-nhat-o-koh-samui","24":"product_tag-salon-massage","25":"product_tag-tiem-mat-xa-koh-samui","26":"pa_duration-120-phut","27":"pa_duration-60-phut","28":"pa_massage-dau-dua","29":"pa_massage-nen-thao-duoc","31":"first","32":"instock","33":"shipping-taxable","34":"purchasable","35":"product-type-variable"},"acf":[],"_links":{"self":[{"href":"https:\/\/www.nakee.spa\/vi\/wp-json\/wp\/v2\/product\/7053","targetHints":{"allow":["GET"]}}],"collection":[{"href":"https:\/\/www.nakee.spa\/vi\/wp-json\/wp\/v2\/product"}],"about":[{"href":"https:\/\/www.nakee.spa\/vi\/wp-json\/wp\/v2\/types\/product"}],"wp:attachment":[{"href":"https:\/\/www.nakee.spa\/vi\/wp-json\/wp\/v2\/media?parent=7053"}],"wp:term":[{"taxonomy":"product_brand","embeddable":true,"href":"https:\/\/www.nakee.spa\/vi\/wp-json\/wp\/v2\/product_brand?post=7053"},{"taxonomy":"product_cat","embeddable":true,"href":"https:\/\/www.nakee.spa\/vi\/wp-json\/wp\/v2\/product_cat?post=7053"},{"taxonomy":"product_tag","embeddable":true,"href":"https:\/\/www.nakee.spa\/vi\/wp-json\/wp\/v2\/product_tag?post=7053"}],"curies":[{"name":"wp","href":"https:\/\/api.w.org\/{rel}","templated":true}]}}