{"id":7083,"date":"2024-07-11T10:17:40","date_gmt":"2024-07-11T10:17:40","guid":{"rendered":"https:\/\/www.nakee.spa\/product\/massage-mat\/"},"modified":"2025-11-14T00:58:34","modified_gmt":"2025-11-13T17:58:34","slug":"massage-mat","status":"publish","type":"product","link":"https:\/\/www.nakee.spa\/vi\/s\u1ea3n-ph\u1ea9m\/massage-mat\/","title":{"rendered":"Massage m\u1eb7t"},"content":{"rendered":"<h3>Massage m\u1eb7t l\u00e0 g\u00ec?<\/h3>\n<p>Massage m\u1eb7t l\u00e0 m\u1ed9t ph\u01b0\u01a1ng ph\u00e1p \u0111i\u1ec1u tr\u1ecb t\u1eadp trung v\u00e0o c\u01a1 m\u1eb7t v\u00e0 da. N\u00f3 s\u1eed d\u1ee5ng c\u00e1c k\u1ef9 thu\u1eadt vu\u1ed1t nh\u1eb9 nh\u00e0ng, nh\u00e0o v\u00e0 \u00e9p \u0111\u1ec3 t\u0103ng c\u01b0\u1eddng l\u01b0u th\u00f4ng m\u00e1u, gi\u1ea3m c\u0103ng th\u1eb3ng v\u00e0 th\u00fac \u0111\u1ea9y th\u01b0 gi\u00e3n. Massage n\u00e0y c\u0169ng c\u00f3 th\u1ec3 k\u1ebft h\u1ee3p d\u1ea7u ho\u1eb7c kem d\u01b0\u1ee1ng da m\u1eb7t \u0111\u1ec3 nu\u00f4i d\u01b0\u1ee1ng v\u00e0 tr\u1ebb h\u00f3a l\u00e0n da.  <\/p>\n<h3>L\u1ee3i \u00edch c\u1ee7a vi\u1ec7c massage m\u1eb7t<\/h3>\n<ol>\n<li><strong>C\u1ea3i thi\u1ec7n l\u01b0u th\u00f4ng m\u00e1u<\/strong> : T\u0103ng c\u01b0\u1eddng l\u01b0u l\u01b0\u1ee3ng m\u00e1u, mang l\u1ea1i cho b\u1ea1n l\u00e0n da s\u00e1ng kh\u1ecfe.<\/li>\n<li><strong>Ch\u1ed1ng l\u00e3o h\u00f3a<\/strong> : Gi\u1ea3m s\u1ef1 xu\u1ea5t hi\u1ec7n c\u1ee7a n\u1ebfp nh\u0103n v\u00e0 v\u1ebft ch\u00e2n chim.<\/li>\n<li><strong>Gi\u1ea3i \u0111\u1ed9c da<\/strong> : H\u1ed7 tr\u1ee3 lo\u1ea1i b\u1ecf \u0111\u1ed9c t\u1ed1 v\u00e0 t\u1ea1p ch\u1ea5t.<\/li>\n<li><strong>Gi\u1ea3m c\u0103ng th\u1eb3ng<\/strong> : L\u00e0m gi\u1ea3m c\u0103ng th\u1eb3ng tr\u00ean khu\u00f4n m\u1eb7t v\u00e0 th\u00fac \u0111\u1ea9y s\u1ef1 th\u01b0 gi\u00e3n.<\/li>\n<li><strong>T\u0103ng c\u01b0\u1eddng tr\u01b0\u01a1ng l\u1ef1c c\u01a1<\/strong> : T\u0103ng c\u01b0\u1eddng tr\u01b0\u01a1ng l\u1ef1c v\u00e0 \u0111\u1ed9 s\u0103n ch\u1eafc c\u1ee7a c\u01a1 m\u1eb7t.<\/li>\n<li><strong>Tho\u00e1t l\u01b0u b\u1ea1ch huy\u1ebft<\/strong> : Gi\u1ea3m b\u1ecdng m\u1eaft v\u00e0 qu\u1ea7ng th\u00e2m d\u01b0\u1edbi m\u1eaft.<\/li>\n<\/ol>\n<h3>T\u1ea1i sao n\u00ean ch\u1ecdn massage m\u1eb7t?<\/h3>\n<p>Massage m\u1eb7t l\u00fd t\u01b0\u1edfng cho b\u1ea5t k\u1ef3 ai mu\u1ed1n t\u0103ng c\u01b0\u1eddng s\u1ee9c kh\u1ecfe v\u00e0 v\u1ebb ngo\u00e0i c\u1ee7a l\u00e0n da c\u1ee7a m\u00ecnh. N\u00f3 cung c\u1ea5p m\u1ed9t c\u00e1ch t\u1ef1 nhi\u00ean \u0111\u1ec3 ch\u1ed1ng l\u1ea1i c\u00e1c d\u1ea5u hi\u1ec7u l\u00e3o h\u00f3a, gi\u1ea3m c\u0103ng th\u1eb3ng v\u00e0 c\u00f3 \u0111\u01b0\u1ee3c l\u00e0n da r\u1ea1ng r\u1ee1. Ph\u01b0\u01a1ng ph\u00e1p \u0111i\u1ec1u tr\u1ecb n\u00e0y ph\u00f9 h\u1ee3p v\u1edbi m\u1ecdi lo\u1ea1i da v\u00e0 c\u00f3 th\u1ec3 \u0111\u01b0\u1ee3c \u0111i\u1ec1u ch\u1ec9nh \u0111\u1ec3 gi\u1ea3i quy\u1ebft c\u00e1c m\u1ed1i quan t\u00e2m c\u1ee5 th\u1ec3.  <\/p>\n<h3>\u0110\u1ec1 xu\u1ea5t<\/h3>\n<ul>\n<li>Duy tr\u00ec th\u00f3i quen massage m\u1eb7t th\u01b0\u1eddng xuy\u00ean \u0111\u1ec3 c\u00f3 l\u1ee3i \u00edch l\u00e2u d\u00e0i.<\/li>\n<li>S\u1eed d\u1ee5ng c\u00e1c lo\u1ea1i d\u1ea7u ho\u1eb7c kem d\u01b0\u1ee1ng da m\u1eb7t ch\u1ea5t l\u01b0\u1ee3ng ph\u00f9 h\u1ee3p v\u1edbi lo\u1ea1i da c\u1ee7a b\u1ea1n.<\/li>\n<li>Gi\u1eef c\u01a1 th\u1ec3 \u0111\u1ee7 n\u01b0\u1edbc v\u00e0 tu\u00e2n theo ch\u1ebf \u0111\u1ed9 ch\u0103m s\u00f3c da l\u00e0nh m\u1ea1nh.<\/li>\n<\/ul>\n<h3>Tr\u1ea3i nghi\u1ec7m Massage m\u1eb7t t\u1ea1i Nakee Massage &amp; Spa<\/h3>\n<p>T\u1ea1i Nakee Massage &amp; Spa, li\u1ec7u ph\u00e1p Massage m\u1eb7t c\u1ee7a ch\u00fang t\u00f4i cung c\u1ea5p d\u1ecbch v\u1ee5 ch\u0103m s\u00f3c da v\u00e0 th\u01b0 gi\u00e3n t\u1ed1t nh\u1ea5t. C\u00e1c nh\u00e0 tr\u1ecb li\u1ec7u l\u00e0nh ngh\u1ec1 c\u1ee7a ch\u00fang t\u00f4i s\u1eed d\u1ee5ng c\u00e1c k\u1ef9 thu\u1eadt \u0111\u00edch th\u1ef1c \u0111\u1ec3 mang l\u1ea1i tr\u1ea3i nghi\u1ec7m nh\u1eb9 nh\u00e0ng v\u00e0 tr\u1ebb h\u00f3a. Massage n\u00e0y gi\u00fap c\u1ea3i thi\u1ec7n tu\u1ea7n ho\u00e0n, gi\u1ea3m c\u0103ng th\u1eb3ng v\u00e0 n\u00e2ng cao v\u1ebb \u0111\u1eb9p t\u1ef1 nhi\u00ean cho l\u00e0n da c\u1ee7a b\u1ea1n. T\u1eadn h\u01b0\u1edfng b\u1ea7u kh\u00f4ng kh\u00ed y\u00ean t\u0129nh c\u1ee7a spa c\u1ee7a ch\u00fang t\u00f4i trong khi ch\u00fang t\u00f4i nu\u00f4ng chi\u1ec1u l\u00e0n da c\u1ee7a b\u1ea1n v\u1edbi d\u1ecbch v\u1ee5 m\u00e1t-xa da m\u1eb7t sang tr\u1ecdng c\u1ee7a ch\u00fang t\u00f4i.   <\/p>\n","protected":false},"excerpt":{"rendered":"<p>Massage m\u1eb7t l\u00e0 m\u1ed9t ph\u01b0\u01a1ng ph\u00e1p \u0111i\u1ec1u tr\u1ecb t\u1eadp trung v\u00e0o c\u01a1 m\u1eb7t v\u00e0 da. N\u00f3 t\u0103ng c\u01b0\u1eddng l\u01b0u th\u00f4ng m\u00e1u, gi\u1ea3m c\u0103ng th\u1eb3ng v\u00e0 th\u00fac \u0111\u1ea9y th\u01b0 gi\u00e3n. Massage n\u00e0y gi\u00fap tr\u1ebb h\u00f3a da, gi\u1ea3m s\u1ef1 xu\u1ea5t hi\u1ec7n c\u1ee7a n\u1ebfp nh\u0103n v\u00e0 \u0111\u1ea1t \u0111\u01b0\u1ee3c l\u00e0n da r\u1ea1ng r\u1ee1. Th\u00edch h\u1ee3p cho m\u1ecdi lo\u1ea1i da, n\u00f3 cung c\u1ea5p m\u1ed9t c\u00e1ch t\u1ef1 nhi\u00ean \u0111\u1ec3 t\u0103ng c\u01b0\u1eddng s\u1ee9c kh\u1ecfe v\u00e0 v\u1ebb \u0111\u1eb9p c\u1ee7a l\u00e0n da c\u1ee7a b\u1ea1n.   <\/p>\n","protected":false},"featured_media":1104,"template":"","meta":{"_acf_changed":false,"wds_primary_product_brand":0,"wds_primary_product_cat":0},"product_brand":[],"product_cat":[135],"product_tag":[525,514,508,526,530,524,520,512,882,791,523,522,527,518,759,529,778,528,843,516],"class_list":{"0":"post-7083","1":"product","2":"type-product","3":"status-publish","4":"has-post-thumbnail","6":"product_cat-mat-xa","7":"product_tag-massage-tot-nhat-gan-toi","8":"product_tag-gia-massage-koh-samui","9":"product_tag-massage-koh-samui","10":"product_tag-massage-o-koh-samui","11":"product_tag-massage-o-koh-samui-thai-lan","12":"product_tag-massage-thai-gan-toi","13":"product_tag-massage-thai-koh-samui-vi","14":"product_tag-massage-thai-koh-samui","15":"product_tag-massage-thai-o-bo-phut","16":"product_tag-massage-thai-o-choengmon","17":"product_tag-massage-toan-than","18":"product_tag-massage-toan-than-koh-samui","19":"product_tag-massage-tot-nhat-chaweng","20":"product_tag-massage-tot-nhat-koh-samui","21":"product_tag-massage-tot-nhat-o-bo-phut","22":"product_tag-massage-tot-nhat-o-chaweng","23":"product_tag-massage-tot-nhat-o-choengmon","24":"product_tag-massage-tot-nhat-o-koh-samui","25":"product_tag-salon-massage","26":"product_tag-tiem-mat-xa-koh-samui","27":"pa_duration-120-phut","28":"pa_duration-60-phut","29":"pa_duration-90-phut","30":"pa_massage-massage-dau","31":"pa_menu-category-cac-lieu-phap-cham-soc-co-the-lam-dep","32":"pa_types-min-mang-lam-dep","34":"first","35":"instock","36":"shipping-taxable","37":"purchasable","38":"product-type-variable"},"acf":[],"_links":{"self":[{"href":"https:\/\/www.nakee.spa\/vi\/wp-json\/wp\/v2\/product\/7083","targetHints":{"allow":["GET"]}}],"collection":[{"href":"https:\/\/www.nakee.spa\/vi\/wp-json\/wp\/v2\/product"}],"about":[{"href":"https:\/\/www.nakee.spa\/vi\/wp-json\/wp\/v2\/types\/product"}],"wp:featuredmedia":[{"embeddable":true,"href":"https:\/\/www.nakee.spa\/vi\/wp-json\/wp\/v2\/media\/1104"}],"wp:attachment":[{"href":"https:\/\/www.nakee.spa\/vi\/wp-json\/wp\/v2\/media?parent=7083"}],"wp:term":[{"taxonomy":"product_brand","embeddable":true,"href":"https:\/\/www.nakee.spa\/vi\/wp-json\/wp\/v2\/product_brand?post=7083"},{"taxonomy":"product_cat","embeddable":true,"href":"https:\/\/www.nakee.spa\/vi\/wp-json\/wp\/v2\/product_cat?post=7083"},{"taxonomy":"product_tag","embeddable":true,"href":"https:\/\/www.nakee.spa\/vi\/wp-json\/wp\/v2\/product_tag?post=7083"}],"curies":[{"name":"wp","href":"https:\/\/api.w.org\/{rel}","templated":true}]}}