{"id":7137,"date":"2024-07-12T10:17:25","date_gmt":"2024-07-12T10:17:25","guid":{"rendered":"https:\/\/www.nakee.spa\/product\/spa-tai\/"},"modified":"2025-11-14T00:58:53","modified_gmt":"2025-11-13T17:58:53","slug":"spa-tai","status":"publish","type":"product","link":"https:\/\/www.nakee.spa\/vi\/s\u1ea3n-ph\u1ea9m\/spa-tai\/","title":{"rendered":"Spa tai"},"content":{"rendered":"<h3 data-start=\"309\" data-end=\"349\">Li\u1ec7u ph\u00e1p n\u1ebfn (th\u00f4ng tai b\u1eb1ng n\u1ebfn) l\u00e0 g\u00ec?<\/h3>\n<p data-start=\"350\" data-end=\"715\">Li\u1ec7u ph\u00e1p n\u1ebfn, c\u00f2n \u0111\u01b0\u1ee3c g\u1ecdi l\u00e0 th\u00f4ng tai b\u1eb1ng n\u1ebfn, l\u00e0 ph\u01b0\u01a1ng ph\u00e1p tr\u1ecb li\u1ec7u truy\u1ec1n th\u1ed1ng s\u1eed d\u1ee5ng m\u1ed9t c\u00e2y n\u1ebfn r\u1ed7ng \u0111\u01b0\u1ee3c l\u00e0m t\u1eeb b\u00f4ng v\u00e0 s\u00e1p ong. M\u1ed9t \u0111\u1ea7u n\u1ebfn \u0111\u01b0\u1ee3c \u0111\u1eb7t nh\u1eb9 nh\u00e0ng g\u1ea7n tai trong khi \u0111\u1ea7u kia \u0111\u01b0\u1ee3c \u0111\u1ed1t ch\u00e1y. H\u01a1i \u1ea5m v\u00e0 l\u1ef1c h\u00fat nh\u1eb9 \u0111\u01b0\u1ee3c cho l\u00e0 gi\u00fap lo\u1ea1i b\u1ecf r\u00e1y tai d\u01b0 th\u1eeba, \u0111\u1ed9 \u1ea9m v\u00e0 t\u1ea1p ch\u1ea5t, \u0111\u1ed3ng th\u1eddi t\u1ea1o ra tr\u1ea3i nghi\u1ec7m th\u01b0 gi\u00e3n v\u00e0 d\u1ec5 ch\u1ecbu.  <\/p>\n<p data-start=\"350\" data-end=\"715\">M\u1ed9t bu\u1ed5i \u0111i\u1ec1u tr\u1ecb th\u00f4ng th\u01b0\u1eddng k\u00e9o d\u00e0i <strong data-start=\"720\" data-end=\"737\">20-30 ph\u00fat<\/strong>, v\u1edbi m\u1ed7i n\u1ebfn ch\u00e1y trong kho\u1ea3ng <strong data-start=\"774\" data-end=\"796\">10 ph\u00fat cho m\u1ed7i tai<\/strong>.<\/p>\n<h3 data-start=\"717\" data-end=\"745\">L\u1ee3i \u00edch c\u1ee7a li\u1ec7u ph\u00e1p n\u1ebfn<\/h3>\n<ol data-start=\"746\" data-end=\"1091\">\n<li data-start=\"746\" data-end=\"837\">\n<p data-start=\"748\" data-end=\"837\"><strong data-start=\"748\" data-end=\"773\">Gi\u1ea3m t\u1eafc ngh\u1ebdn tai<\/strong> \u2013 C\u00f3 th\u1ec3 l\u00e0m d\u1ecbu c\u1ea3m gi\u00e1c \u0111\u1ea7y ho\u1eb7c \u00e1p l\u1ef1c trong tai.<\/p>\n<\/li>\n<li data-start=\"838\" data-end=\"921\">\n<p data-start=\"840\" data-end=\"921\"><strong data-start=\"840\" data-end=\"863\">Th\u00fac \u0111\u1ea9y th\u01b0 gi\u00e3n<\/strong> \u2013 H\u01a1i \u1ea5m nh\u1eb9 nh\u00e0ng v\u00e0 li\u1ec7u ph\u00e1p y\u00ean t\u0129nh gi\u00fap gi\u1ea3m c\u0103ng th\u1eb3ng.<\/p>\n<\/li>\n<li data-start=\"922\" data-end=\"1007\">\n<p data-start=\"924\" data-end=\"1007\"><strong data-start=\"924\" data-end=\"946\">Xoa d\u1ecbu kh\u00f3 ch\u1ecbu<\/strong> \u2013 M\u1ed9t s\u1ed1 ng\u01b0\u1eddi c\u1ea3m th\u1ea5y \u0111\u1ee1 \u0111au \u0111\u1ea7u ho\u1eb7c c\u0103ng xoang.<\/p>\n<\/li>\n<li data-start=\"1008\" data-end=\"1091\">\n<p data-start=\"1010\" data-end=\"1091\"><strong data-start=\"1010\" data-end=\"1034\">Li\u1ec7u ph\u00e1p truy\u1ec1n th\u1ed1ng<\/strong> \u2013 B\u1eaft ngu\u1ed3n t\u1eeb c\u00e1c ph\u01b0\u01a1ng ph\u00e1p c\u1ed5 x\u01b0a \u0111\u1ec3 c\u00e2n b\u1eb1ng v\u00e0 tho\u1ea3i m\u00e1i.<\/p>\n<\/li>\n<\/ol>\n<h3 data-start=\"1093\" data-end=\"1121\">T\u1ea1i sao n\u00ean ch\u1ecdn li\u1ec7u ph\u00e1p n\u1ebfn?<\/h3>\n<p data-start=\"1122\" data-end=\"1356\">L\u1ef1a ch\u1ecdn li\u1ec7u ph\u00e1p n\u1ebfn t\u1ea1i Nakee Thai Massage \u0111\u1ea3m b\u1ea3o vi\u1ec7c \u0111i\u1ec1u tr\u1ecb \u0111\u01b0\u1ee3c th\u1ef1c hi\u1ec7n trong m\u00f4i tr\u01b0\u1eddng an to\u00e0n v\u00e0 chuy\u00ean nghi\u1ec7p. C\u00e1c chuy\u00ean vi\u00ean tr\u1ecb li\u1ec7u \u0111\u01b0\u1ee3c \u0111\u00e0o t\u1ea1o c\u1ee7a ch\u00fang t\u00f4i tu\u00e2n theo c\u00e1c b\u01b0\u1edbc c\u1ea9n th\u1eadn \u0111\u1ec3 mang \u0111\u1ebfn cho b\u1ea1n tr\u1ea3i nghi\u1ec7m th\u01b0 gi\u00e3n v\u00e0 d\u1ec5 ch\u1ecbu. <\/p>\n<h3 data-start=\"1358\" data-end=\"1375\">\u0110\u1ec1 xu\u1ea5t<\/h3>\n<ul data-start=\"1376\" data-end=\"1671\">\n<li data-start=\"1376\" data-end=\"1502\">\n<p data-start=\"1378\" data-end=\"1502\"><strong data-start=\"1378\" data-end=\"1398\">H\u1ed7 tr\u1ee3 s\u1ee9c kh\u1ecfe<\/strong> \u2013 Li\u1ec7u ph\u00e1p n\u1ebfn l\u00e0 ph\u01b0\u01a1ng ph\u00e1p ch\u0103m s\u00f3c s\u1ee9c kh\u1ecfe, kh\u00f4ng ph\u1ea3i \u0111i\u1ec1u tr\u1ecb y t\u1ebf. K\u1ebft qu\u1ea3 c\u00f3 th\u1ec3 kh\u00e1c nhau t\u00f9y t\u1eebng ng\u01b0\u1eddi. <\/p>\n<\/li>\n<li data-start=\"1503\" data-end=\"1581\">\n<p data-start=\"1505\" data-end=\"1581\"><strong data-start=\"1505\" data-end=\"1518\">Ch\u0103m s\u00f3c sau \u0111i\u1ec1u tr\u1ecb<\/strong> \u2013 Gi\u1eef tai kh\u00f4 r\u00e1o v\u00e0 tr\u00e1nh \u0111\u01b0a v\u1eadt th\u1ec3 v\u00e0o tai sau khi \u0111i\u1ec1u tr\u1ecb.<\/p>\n<\/li>\n<li data-start=\"1503\" data-end=\"1581\"><strong data-start=\"540\" data-end=\"559\">C\u1ea3m gi\u00e1c nh\u1eb9<\/strong> \u2013 M\u1ed9t s\u1ed1 ng\u01b0\u1eddi c\u00f3 th\u1ec3 c\u1ea3m th\u1ea5y h\u01a1i \u1ea5m, \u00e1p l\u1ef1c ho\u1eb7c kh\u00f3 ch\u1ecbu t\u1ea1m th\u1eddi sau bu\u1ed5i \u0111i\u1ec1u tr\u1ecb. \u0110i\u1ec1u n\u00e0y th\u01b0\u1eddng ng\u1eafn h\u1ea1n v\u00e0 l\u00e0 m\u1ed9t ph\u1ea7n c\u1ee7a qu\u00e1 tr\u00ecnh \u0111i\u1ec1u ch\u1ec9nh t\u1ef1 nhi\u00ean c\u1ee7a c\u01a1 th\u1ec3. <\/li>\n<\/ul>\n<h3 data-start=\"1673\" data-end=\"1728\">Tr\u1ea3i nghi\u1ec7m li\u1ec7u ph\u00e1p n\u1ebfn t\u1ea1i Nakee Thai Massage<\/h3>\n<p data-start=\"1729\" data-end=\"1972\">T\u1ea1i Nakee Thai Massage, d\u1ecbch v\u1ee5 li\u1ec7u ph\u00e1p n\u1ebfn c\u1ee7a ch\u00fang t\u00f4i k\u1ebft h\u1ee3p ph\u01b0\u01a1ng ph\u00e1p th\u00f4ng tai b\u1eb1ng n\u1ebfn truy\u1ec1n th\u1ed1ng v\u1edbi massage tai v\u00e0 \u0111\u1ea7u nh\u1eb9 nh\u00e0ng \u0111\u1ec3 t\u0103ng c\u01b0\u1eddng th\u01b0 gi\u00e3n. C\u00e1c chuy\u00ean vi\u00ean tr\u1ecb li\u1ec7u l\u00e0nh ngh\u1ec1 c\u1ee7a ch\u00fang t\u00f4i mang \u0111\u1ebfn bu\u1ed5i \u0111i\u1ec1u tr\u1ecb y\u00ean t\u0129nh v\u00e0 tho\u1ea3i m\u00e1i, gi\u00fap b\u1ea1n c\u1ea3m th\u1ea5y s\u1ea3ng kho\u00e1i v\u00e0 th\u01b0 th\u00e1i. <\/p>\n","protected":false},"excerpt":{"rendered":"<p>Ear Spa t\u1ea1i Nakee Massage &amp; Spa cung c\u1ea5p m\u1ed9t li\u1ec7u ph\u00e1p chuy\u00ean bi\u1ec7t t\u1eadp trung v\u00e0o vi\u1ec7c l\u00e0m s\u1ea1ch v\u00e0 tr\u1ebb h\u00f3a tai. D\u1ecbch v\u1ee5 bao g\u1ed3m quy tr\u00ecnh l\u00e0m s\u1ea1ch tai nh\u1eb9 nh\u00e0ng b\u1eb1ng c\u00e1ch s\u1eed d\u1ee5ng d\u1ea7u ho\u1eb7c dung d\u1ecbch t\u1ef1 nhi\u00ean, sau \u0111\u00f3 l\u00e0 massage tai th\u01b0 gi\u00e3n. C\u00e1c nh\u00e0 tr\u1ecb li\u1ec7u chuy\u00ean nghi\u1ec7p c\u1ee7a ch\u00fang t\u00f4i \u0111\u1ea3m b\u1ea3o tr\u1ea3i nghi\u1ec7m an to\u00e0n v\u00e0 nh\u1eb9 nh\u00e0ng, th\u00fac \u0111\u1ea9y v\u1ec7 sinh tai v\u00e0 th\u01b0 gi\u00e3n t\u1ed5ng th\u1ec3. C\u00e1c bu\u1ed5i spa tai th\u01b0\u1eddng xuy\u00ean c\u00f3 th\u1ec3 t\u0103ng c\u01b0\u1eddng th\u00ednh gi\u00e1c, gi\u1ea3m nguy c\u01a1 nhi\u1ec5m tr\u00f9ng v\u00e0 c\u1ea3i thi\u1ec7n s\u1ee9c kh\u1ecfe c\u1ee7a tai. Tr\u1ea3i nghi\u1ec7m s\u1ef1 ch\u0103m s\u00f3c t\u1ec9 m\u1ec9 v\u00e0 y\u00ean t\u0129nh c\u1ee7a d\u1ecbch v\u1ee5 Ear Spa c\u1ee7a ch\u00fang t\u00f4i, \u0111\u01b0\u1ee3c thi\u1ebft k\u1ebf ri\u00eang \u0111\u1ec3 mang l\u1ea1i s\u1ef1 tho\u1ea3i m\u00e1i v\u00e0 s\u1ee9c kh\u1ecfe t\u1ed1i \u0111a.    <\/p>\n","protected":false},"featured_media":1118,"template":"","meta":{"_acf_changed":false,"wds_primary_product_brand":0,"wds_primary_product_cat":0},"product_brand":[],"product_cat":[215],"product_tag":[830,868,817,856,804],"class_list":{"0":"post-7137","1":"product","2":"type-product","3":"status-publish","4":"has-post-thumbnail","6":"product_cat-cham-soc-sac-dep","7":"product_tag-cham-soc-da-mat-gan-toi","8":"product_tag-cham-soc-da-mat-tot-nhat","9":"product_tag-salon-tay-da-chet-tot-nhat","10":"product_tag-tay-te-bao-chet-toan-than-gan-toi","11":"product_tag-tay-te-bao-chet-toan-than-tot-nhat","12":"pa_duration-30-phut","13":"pa_massage-cham-soc-sac-dep","14":"pa_menu-category-cac-lieu-phap-cham-soc-co-the-lam-dep","15":"pa_types-min-mang-lam-dep","17":"first","18":"instock","19":"shipping-taxable","20":"purchasable","21":"product-type-variable"},"acf":[],"_links":{"self":[{"href":"https:\/\/www.nakee.spa\/vi\/wp-json\/wp\/v2\/product\/7137","targetHints":{"allow":["GET"]}}],"collection":[{"href":"https:\/\/www.nakee.spa\/vi\/wp-json\/wp\/v2\/product"}],"about":[{"href":"https:\/\/www.nakee.spa\/vi\/wp-json\/wp\/v2\/types\/product"}],"wp:featuredmedia":[{"embeddable":true,"href":"https:\/\/www.nakee.spa\/vi\/wp-json\/wp\/v2\/media\/1118"}],"wp:attachment":[{"href":"https:\/\/www.nakee.spa\/vi\/wp-json\/wp\/v2\/media?parent=7137"}],"wp:term":[{"taxonomy":"product_brand","embeddable":true,"href":"https:\/\/www.nakee.spa\/vi\/wp-json\/wp\/v2\/product_brand?post=7137"},{"taxonomy":"product_cat","embeddable":true,"href":"https:\/\/www.nakee.spa\/vi\/wp-json\/wp\/v2\/product_cat?post=7137"},{"taxonomy":"product_tag","embeddable":true,"href":"https:\/\/www.nakee.spa\/vi\/wp-json\/wp\/v2\/product_tag?post=7137"}],"curies":[{"name":"wp","href":"https:\/\/api.w.org\/{rel}","templated":true}]}}