{"id":7186,"date":"2024-07-09T09:21:06","date_gmt":"2024-07-09T09:21:06","guid":{"rendered":"https:\/\/www.nakee.spa\/product\/goi-thanh-than-huong-thom\/"},"modified":"2025-11-14T11:59:46","modified_gmt":"2025-11-14T04:59:46","slug":"goi-thanh-than-huong-thom","status":"publish","type":"product","link":"https:\/\/www.nakee.spa\/vi\/s\u1ea3n-ph\u1ea9m\/goi-thanh-than-huong-thom\/","title":{"rendered":"G\u00f3i thanh th\u1ea3n h\u01b0\u01a1ng th\u01a1m"},"content":{"rendered":"<p>T\u1eadn h\u01b0\u1edfng nh\u1eefng \u0111i\u1ec1u t\u1ed1t nh\u1ea5t c\u1ee7a s\u1ee9c kh\u1ecfe Th\u00e1i Lan \u0111\u00edch th\u1ef1c v\u1edbi g\u00f3i Thanh th\u1ea3n th\u01a1m c\u1ee7a ch\u00fang t\u00f4i. Li\u1ec7u ph\u00e1p sang tr\u1ecdng n\u00e0y k\u1ebft h\u1ee3p c\u00e1c l\u1ee3i \u00edch tr\u1ecb li\u1ec7u c\u1ee7a massage Th\u00e1i truy\u1ec1n th\u1ed1ng v\u00e0 c\u00e1c \u0111\u1eb7c t\u00ednh nh\u1eb9 nh\u00e0ng c\u1ee7a massage d\u1ea7u th\u01a1m \u0111\u1ec3 c\u00f3 tr\u1ea3i nghi\u1ec7m to\u00e0n di\u1ec7n. <\/p>\n<p><strong>Aromatic Serenity l\u00e0 g\u00ec?<\/strong><\/p>\n<p>M\u1ed9t ph\u01b0\u01a1ng ph\u00e1p \u0111i\u1ec1u tr\u1ecb to\u00e0n di\u1ec7n \u0111\u01b0\u1ee3c thi\u1ebft k\u1ebf \u0111\u1ec3 gi\u1ea3m c\u0103ng c\u01a1, t\u0103ng c\u01b0\u1eddng th\u01b0 gi\u00e3n v\u00e0 t\u0103ng c\u01b0\u1eddng s\u1ee9c kh\u1ecfe t\u1ed5ng th\u1ec3.<\/p>\n<p><strong>L\u1ee3i \u00edch c\u1ee7a Aromatic Serenity:<\/strong><\/p>\n<ul>\n<li>Gi\u1ea3m c\u0103ng th\u1eb3ng v\u00e0 lo \u00e2u<\/li>\n<li>C\u1ea3i thi\u1ec7n l\u01b0u th\u00f4ng v\u00e0 t\u00ednh linh ho\u1ea1t<\/li>\n<li>Mang l\u1ea1i s\u1ef1 th\u01b0 gi\u00e3n s\u00e2u s\u1eafc v\u00e0 tr\u1ebb h\u00f3a<\/li>\n<\/ul>\n<p><strong>T\u1ea1i sao n\u00ean ch\u1ecdn Aromatic Serenity?<\/strong><\/p>\n<p>S\u1ef1 pha tr\u1ed9n gi\u1eefa k\u1ef9 thu\u1eadt massage Th\u00e1i v\u00e0 d\u1ea7u th\u01a1m \u0111\u1ea3m b\u1ea3o tr\u1ea3i nghi\u1ec7m tr\u1ebb h\u00f3a s\u00e2u s\u1eafc. Ch\u1ecdn Aromatic Serenity cho m\u1ed9t h\u00e0nh tr\u00ecnh h\u1ed3i sinh v\u00e0 \u00eam d\u1ecbu, ho\u00e0n h\u1ea3o cho nh\u1eefng ai \u0111ang t\u00ecm ki\u1ebfm s\u1ef1 th\u01b0 gi\u00e3n t\u1ed9t \u0111\u1ed9. <\/p>\n","protected":false},"excerpt":{"rendered":"<p>Kh\u00e1m ph\u00e1 nh\u1eefng g\u00ec t\u1ed1t nh\u1ea5t c\u1ee7a s\u1ee9c kh\u1ecfe Th\u00e1i Lan \u0111\u00edch th\u1ef1c v\u1edbi g\u00f3i Aromatic Serenity c\u1ee7a ch\u00fang t\u00f4i. Tr\u1ea3i nghi\u1ec7m sang tr\u1ecdng k\u00e9o d\u00e0i 120 ph\u00fat n\u00e0y k\u1ebft h\u1ee3p c\u00e1c l\u1ee3i \u00edch tr\u1ecb li\u1ec7u c\u1ee7a massage truy\u1ec1n th\u1ed1ng Th\u00e1i Lan v\u1edbi c\u00e1c \u0111\u1eb7c t\u00ednh nh\u1eb9 nh\u00e0ng c\u1ee7a massage d\u1ea7u th\u01a1m. Thanh th\u1ea3n th\u01a1m l\u00e0 g\u00ec? \u0110\u00e2y l\u00e0 m\u1ed9t ph\u01b0\u01a1ng ph\u00e1p \u0111i\u1ec1u tr\u1ecb to\u00e0n di\u1ec7n gi\u00fap gi\u1ea3m c\u0103ng c\u01a1, t\u0103ng c\u01b0\u1eddng th\u01b0 gi\u00e3n v\u00e0 th\u00fac \u0111\u1ea9y s\u1ee9c kh\u1ecfe t\u1ed5ng th\u1ec3. S\u1ef1 pha tr\u1ed9n gi\u1eefa k\u1ef9 thu\u1eadt Th\u00e1i Lan v\u00e0 d\u1ea7u th\u01a1m \u0111\u1ea3m b\u1ea3o tr\u1ea3i nghi\u1ec7m tr\u1ebb h\u00f3a s\u00e2u s\u1eafc. Ch\u1ecdn Aromatic Serenity \u0111\u1ec3 c\u00f3 m\u1ed9t h\u00e0nh tr\u00ecnh th\u1ef1c s\u1ef1 h\u1ed3i sinh v\u00e0 \u00eam d\u1ecbu, ho\u00e0n h\u1ea3o cho nh\u1eefng ai \u0111ang t\u00ecm ki\u1ebfm s\u1ef1 th\u01b0 gi\u00e3n t\u1ed9t \u0111\u1ed9.     <\/p>\n","protected":false},"featured_media":889,"template":"","meta":{"_acf_changed":false,"wds_primary_product_brand":0,"wds_primary_product_cat":0},"product_brand":[],"product_cat":[468],"product_tag":[525,514,508,526,530,524,520,512,882,791,523,522,527,518,759,529,778,528,843,516],"class_list":{"0":"post-7186","1":"product","2":"type-product","3":"status-publish","4":"has-post-thumbnail","6":"product_cat-goi","7":"product_tag-massage-tot-nhat-gan-toi","8":"product_tag-gia-massage-koh-samui","9":"product_tag-massage-koh-samui","10":"product_tag-massage-o-koh-samui","11":"product_tag-massage-o-koh-samui-thai-lan","12":"product_tag-massage-thai-gan-toi","13":"product_tag-massage-thai-koh-samui-vi","14":"product_tag-massage-thai-koh-samui","15":"product_tag-massage-thai-o-bo-phut","16":"product_tag-massage-thai-o-choengmon","17":"product_tag-massage-toan-than","18":"product_tag-massage-toan-than-koh-samui","19":"product_tag-massage-tot-nhat-chaweng","20":"product_tag-massage-tot-nhat-koh-samui","21":"product_tag-massage-tot-nhat-o-bo-phut","22":"product_tag-massage-tot-nhat-o-chaweng","23":"product_tag-massage-tot-nhat-o-choengmon","24":"product_tag-massage-tot-nhat-o-koh-samui","25":"product_tag-salon-massage","26":"product_tag-tiem-mat-xa-koh-samui","27":"pa_duration-120-phut","28":"pa_duration-60-phut","29":"pa_massage-dau-thom","30":"pa_massage-massage-thai","31":"pa_menu-category-thu-gian-voi-tinh-dau-huong-thom","32":"pa_types-keo-gian-phong-cach-thai","34":"first","35":"instock","36":"shipping-taxable","37":"purchasable","38":"product-type-variable"},"acf":[],"_links":{"self":[{"href":"https:\/\/www.nakee.spa\/vi\/wp-json\/wp\/v2\/product\/7186","targetHints":{"allow":["GET"]}}],"collection":[{"href":"https:\/\/www.nakee.spa\/vi\/wp-json\/wp\/v2\/product"}],"about":[{"href":"https:\/\/www.nakee.spa\/vi\/wp-json\/wp\/v2\/types\/product"}],"wp:featuredmedia":[{"embeddable":true,"href":"https:\/\/www.nakee.spa\/vi\/wp-json\/wp\/v2\/media\/889"}],"wp:attachment":[{"href":"https:\/\/www.nakee.spa\/vi\/wp-json\/wp\/v2\/media?parent=7186"}],"wp:term":[{"taxonomy":"product_brand","embeddable":true,"href":"https:\/\/www.nakee.spa\/vi\/wp-json\/wp\/v2\/product_brand?post=7186"},{"taxonomy":"product_cat","embeddable":true,"href":"https:\/\/www.nakee.spa\/vi\/wp-json\/wp\/v2\/product_cat?post=7186"},{"taxonomy":"product_tag","embeddable":true,"href":"https:\/\/www.nakee.spa\/vi\/wp-json\/wp\/v2\/product_tag?post=7186"}],"curies":[{"name":"wp","href":"https:\/\/api.w.org\/{rel}","templated":true}]}}